{"id":712541,"date":"2025-08-27T16:57:11","date_gmt":"2025-08-27T13:57:11","guid":{"rendered":"https:\/\/roveyayinevi.com.tr\/index.php\/urun\/cizgilerle-klasikler-dizisi-ormanin-kitabi\/"},"modified":"2026-04-16T02:21:02","modified_gmt":"2026-04-15T23:21:02","slug":"cizgilerle-klasikler-dizisi-ormanin-kitabi","status":"publish","type":"product","link":"https:\/\/roveyayinevi.com.tr\/index.php\/urun\/cizgilerle-klasikler-dizisi-ormanin-kitabi\/","title":{"rendered":"\u00c7izgilerle Klasikler Dizisi &#8211; Orman\u0131n Kitab\u0131"},"content":{"rendered":"<p>Ailesinden ayr\u0131 d\u00fc\u015fen Mogli\u2019yi bir kurt s\u00fcr\u00fcs\u00fc evlat edindi. Ama Mogli\u2019nin can d\u00fc\u015fman\u0131 \u015eer Han f\u0131rsat kolluyordu. Mogli hayatta kalabilmek i\u00e7in orman\u0131n yasalar\u0131n\u0131 \u00f6\u011frenmeliydi. Peki arkada\u015flar\u0131 ona bu konuda yard\u0131m edebilecek mi? \ufffcTan\u0131t\u0131m Metni<\/p>\n","protected":false},"excerpt":{"rendered":"<p>Ailesinden ayr\u0131 d\u00fc\u015fen Mogli\u2019yi bir kurt s\u00fcr\u00fcs\u00fc evlat edindi. Ama Mogli\u2019nin can d\u00fc\u015fman\u0131 \u015eer Han f\u0131rsat kolluyordu. Mogli hayatta kalabilmek i\u00e7in orman\u0131n yasalar\u0131n\u0131 \u00f6\u011frenmeliydi. Peki arkada\u015flar\u0131<span class=\"excerpt-hellip\"> [\u2026]<\/span><\/p>\n","protected":false},"featured_media":0,"template":"","meta":{"_monsterinsights_skip_tracking":false,"_monsterinsights_sitenote_active":false,"_monsterinsights_sitenote_note":"","_monsterinsights_sitenote_category":0},"product_brand":[],"product_cat":[12291,13872],"product_tag":[],"class_list":{"0":"post-712541","1":"product","2":"type-product","3":"status-publish","5":"product_cat-edebiyat","6":"product_cat-klasikler","7":"pa_cilt-ciltsiz","8":"pa_tur-kitap","9":"pa_yayinevi-is-bankasi-kultur-yayinlari","10":"pa_yazar-rudyard-kipling","12":"first","13":"instock","14":"sale","15":"shipping-taxable","16":"purchasable","17":"product-type-simple"},"_links":{"self":[{"href":"https:\/\/roveyayinevi.com.tr\/index.php\/wp-json\/wp\/v2\/product\/712541","targetHints":{"allow":["GET"]}}],"collection":[{"href":"https:\/\/roveyayinevi.com.tr\/index.php\/wp-json\/wp\/v2\/product"}],"about":[{"href":"https:\/\/roveyayinevi.com.tr\/index.php\/wp-json\/wp\/v2\/types\/product"}],"wp:attachment":[{"href":"https:\/\/roveyayinevi.com.tr\/index.php\/wp-json\/wp\/v2\/media?parent=712541"}],"wp:term":[{"taxonomy":"product_brand","embeddable":true,"href":"https:\/\/roveyayinevi.com.tr\/index.php\/wp-json\/wp\/v2\/product_brand?post=712541"},{"taxonomy":"product_cat","embeddable":true,"href":"https:\/\/roveyayinevi.com.tr\/index.php\/wp-json\/wp\/v2\/product_cat?post=712541"},{"taxonomy":"product_tag","embeddable":true,"href":"https:\/\/roveyayinevi.com.tr\/index.php\/wp-json\/wp\/v2\/product_tag?post=712541"}],"curies":[{"name":"wp","href":"https:\/\/api.w.org\/{rel}","templated":true}]}}