{"id":712540,"date":"2025-08-27T16:57:10","date_gmt":"2025-08-27T13:57:10","guid":{"rendered":"https:\/\/roveyayinevi.com.tr\/index.php\/urun\/cizgilerle-klasikler-dizisi-sogutlukte-ruzgar\/"},"modified":"2026-04-16T02:21:02","modified_gmt":"2026-04-15T23:21:02","slug":"cizgilerle-klasikler-dizisi-sogutlukte-ruzgar","status":"publish","type":"product","link":"https:\/\/roveyayinevi.com.tr\/index.php\/urun\/cizgilerle-klasikler-dizisi-sogutlukte-ruzgar\/","title":{"rendered":"\u00c7izgilerle Klasikler Dizisi &#8211; S\u00f6\u011f\u00fctl\u00fckte R\u00fczgar"},"content":{"rendered":"<p>Nehir kenar\u0131ndaki hayat K\u00f6stebek, S\u0131\u00e7anc\u0131k ve Porsuk i\u00e7in olduk\u00e7a huzurluydu \u2013  ta ki arkada\u015flar\u0131 Kara Kurba\u011fas\u0131 bir araba alana kadar! Acaba Kara Kurba\u011fas\u0131\u2019n\u0131n dostlar\u0131, ba\u015f\u0131n\u0131 derde sokmamas\u0131 i\u00e7in onu ikna edebilecekler mi? <\/p>\n","protected":false},"excerpt":{"rendered":"<p>Nehir kenar\u0131ndaki hayat K\u00f6stebek, S\u0131\u00e7anc\u0131k ve Porsuk i\u00e7in olduk\u00e7a huzurluydu \u2013 ta ki arkada\u015flar\u0131 Kara Kurba\u011fas\u0131 bir araba alana kadar! Acaba Kara Kurba\u011fas\u0131\u2019n\u0131n dostlar\u0131, ba\u015f\u0131n\u0131 derde<span class=\"excerpt-hellip\"> [\u2026]<\/span><\/p>\n","protected":false},"featured_media":0,"template":"","meta":{"_monsterinsights_skip_tracking":false,"_monsterinsights_sitenote_active":false,"_monsterinsights_sitenote_note":"","_monsterinsights_sitenote_category":0},"product_brand":[],"product_cat":[12291,13872],"product_tag":[],"class_list":{"0":"post-712540","1":"product","2":"type-product","3":"status-publish","5":"product_cat-edebiyat","6":"product_cat-klasikler","7":"pa_cilt-ciltsiz","8":"pa_tur-kitap","9":"pa_yayinevi-is-bankasi-kultur-yayinlari","10":"pa_yazar-kenneth-grahame","12":"first","13":"instock","14":"sale","15":"shipping-taxable","16":"purchasable","17":"product-type-simple"},"_links":{"self":[{"href":"https:\/\/roveyayinevi.com.tr\/index.php\/wp-json\/wp\/v2\/product\/712540","targetHints":{"allow":["GET"]}}],"collection":[{"href":"https:\/\/roveyayinevi.com.tr\/index.php\/wp-json\/wp\/v2\/product"}],"about":[{"href":"https:\/\/roveyayinevi.com.tr\/index.php\/wp-json\/wp\/v2\/types\/product"}],"wp:attachment":[{"href":"https:\/\/roveyayinevi.com.tr\/index.php\/wp-json\/wp\/v2\/media?parent=712540"}],"wp:term":[{"taxonomy":"product_brand","embeddable":true,"href":"https:\/\/roveyayinevi.com.tr\/index.php\/wp-json\/wp\/v2\/product_brand?post=712540"},{"taxonomy":"product_cat","embeddable":true,"href":"https:\/\/roveyayinevi.com.tr\/index.php\/wp-json\/wp\/v2\/product_cat?post=712540"},{"taxonomy":"product_tag","embeddable":true,"href":"https:\/\/roveyayinevi.com.tr\/index.php\/wp-json\/wp\/v2\/product_tag?post=712540"}],"curies":[{"name":"wp","href":"https:\/\/api.w.org\/{rel}","templated":true}]}}