{"id":712539,"date":"2025-08-27T16:57:10","date_gmt":"2025-08-27T13:57:10","guid":{"rendered":"https:\/\/roveyayinevi.com.tr\/index.php\/urun\/baska-bir-mutluluk-fikri\/"},"modified":"2026-04-16T02:21:02","modified_gmt":"2026-04-15T23:21:02","slug":"baska-bir-mutluluk-fikri","status":"publish","type":"product","link":"https:\/\/roveyayinevi.com.tr\/index.php\/urun\/baska-bir-mutluluk-fikri\/","title":{"rendered":"Ba\u015fka Bir Mutluluk Fikri"},"content":{"rendered":"<p>Philadelphia\u2019da 2010 ilkbahar\u0131n\u0131n ilk g\u00fcnlerinde, hayat\u0131n\u0131n otuz y\u0131l\u0131n\u0131 parmakl\u0131klar ard\u0131nda ge\u00e7iren Agatha hapisten ka\u00e7ar. Art\u0131k ellilerini s\u00fcrmekte olan bu kad\u0131n\u0131n cezas\u0131n\u0131 tamamlamas\u0131na k\u0131sa bir s\u00fcre kalm\u0131\u015fken hapishaneden firar\u0131, ba\u015fta FBI olmak \u00fczere Amerikan emniyet g\u00fc\u00e7lerini harekete ge\u00e7irir. T\u00fcm bu karma\u015fadan habersiz, s\u0131radan hatta s\u0131k\u0131c\u0131 bir ya\u015fam s\u00fcren Milly\u2019nin hayat\u0131 ise, bu ka\u00e7ak taraf\u0131ndan rehin al\u0131nmas\u0131yla birlikte hi\u00e7 ummad\u0131\u011f\u0131 bi\u00e7imde de\u011fi\u015fir. Pe\u015flerindeki kanun adamlar\u0131n\u0131 atlatmaya \u00e7al\u0131\u015farak emektar bir Oldsmobile ile yapt\u0131klar\u0131 be\u015f g\u00fcnl\u00fck bu yolculuk s\u0131ras\u0131nda, u\u011frad\u0131klar\u0131 \u015fehirlerde eski dostlar\u0131na yapt\u0131\u011f\u0131 her ziyaret Agatha\u2019n\u0131n ge\u00e7mi\u015fine ait s\u0131rlar\u0131 tek tek ortaya \u00e7\u0131karacakt\u0131r. Yazd\u0131\u011f\u0131 romanlar \u00e7ok say\u0131da dile \u00e7evrilen ve milyonlarca okura ula\u015fan Marc Levy, bu kez edebiyat severleri, y\u0131llar sonra \u00f6zg\u00fcrl\u00fc\u011f\u00fcn ve mutlulu\u011fun pe\u015fine d\u00fc\u015fen iki kad\u0131nla birlikte heyecan dolu bir yolculu\u011fa \u00e7\u0131kar\u0131yor. <\/p>\n","protected":false},"excerpt":{"rendered":"<p>Philadelphia\u2019da 2010 ilkbahar\u0131n\u0131n ilk g\u00fcnlerinde, hayat\u0131n\u0131n otuz y\u0131l\u0131n\u0131 parmakl\u0131klar ard\u0131nda ge\u00e7iren Agatha hapisten ka\u00e7ar. Art\u0131k ellilerini s\u00fcrmekte olan bu kad\u0131n\u0131n cezas\u0131n\u0131 tamamlamas\u0131na k\u0131sa bir s\u00fcre kalm\u0131\u015fken<span class=\"excerpt-hellip\"> [\u2026]<\/span><\/p>\n","protected":false},"featured_media":0,"template":"","meta":{"_monsterinsights_skip_tracking":false,"_monsterinsights_sitenote_active":false,"_monsterinsights_sitenote_note":"","_monsterinsights_sitenote_category":0},"product_brand":[],"product_cat":[12291,12711],"product_tag":[],"class_list":{"0":"post-712539","1":"product","2":"type-product","3":"status-publish","5":"product_cat-edebiyat","6":"product_cat-roman-oyku","7":"pa_cilt-ciltsiz","8":"pa_tur-kitap","9":"pa_yayinevi-can-yayinlari","10":"pa_yazar-marc-levy","12":"first","13":"instock","14":"sale","15":"shipping-taxable","16":"purchasable","17":"product-type-simple"},"_links":{"self":[{"href":"https:\/\/roveyayinevi.com.tr\/index.php\/wp-json\/wp\/v2\/product\/712539","targetHints":{"allow":["GET"]}}],"collection":[{"href":"https:\/\/roveyayinevi.com.tr\/index.php\/wp-json\/wp\/v2\/product"}],"about":[{"href":"https:\/\/roveyayinevi.com.tr\/index.php\/wp-json\/wp\/v2\/types\/product"}],"wp:attachment":[{"href":"https:\/\/roveyayinevi.com.tr\/index.php\/wp-json\/wp\/v2\/media?parent=712539"}],"wp:term":[{"taxonomy":"product_brand","embeddable":true,"href":"https:\/\/roveyayinevi.com.tr\/index.php\/wp-json\/wp\/v2\/product_brand?post=712539"},{"taxonomy":"product_cat","embeddable":true,"href":"https:\/\/roveyayinevi.com.tr\/index.php\/wp-json\/wp\/v2\/product_cat?post=712539"},{"taxonomy":"product_tag","embeddable":true,"href":"https:\/\/roveyayinevi.com.tr\/index.php\/wp-json\/wp\/v2\/product_tag?post=712539"}],"curies":[{"name":"wp","href":"https:\/\/api.w.org\/{rel}","templated":true}]}}