{"id":712538,"date":"2025-08-27T16:57:09","date_gmt":"2025-08-27T13:57:09","guid":{"rendered":"https:\/\/roveyayinevi.com.tr\/index.php\/urun\/agatha\/"},"modified":"2026-04-16T02:21:02","modified_gmt":"2026-04-15T23:21:02","slug":"agatha","status":"publish","type":"product","link":"https:\/\/roveyayinevi.com.tr\/index.php\/urun\/agatha\/","title":{"rendered":"Agatha"},"content":{"rendered":"<p>Agatha Christie\u2019nin hayat\u0131, kurgusu kadar gizemli ve olayl\u0131yd\u0131. \u00d6zenle \u00e7al\u0131\u015f\u0131lm\u0131\u015f bu \u00e7izgi roman, su\u00e7 roman\u0131 krali\u00e7esinin \u0130ngiltere\u2019deki \u00e7ocukluk y\u0131llar\u0131ndan, \u0130stanbul\u2019a ve Mezopotamya\u2019ya uzanan y\u0131llar\u0131na kadar izini s\u00fcr\u00fcyor. Agatha, seyahat eden, u\u00e7an, s\u00f6rf yapan, \u00f6zg\u00fcr ruhlu ve modern bir kad\u0131n\u0131 tan\u0131t\u0131yor. 1926\u2019da Christie\u2019nin ortadan kayboldu\u011fu gizemli bir d\u00f6neminin etraf\u0131nda d\u00f6nen kitap, 20. y\u00fczy\u0131l\u0131n en sevilen su\u00e7 roman\u0131 yazar\u0131n\u0131n ilgi \u00e7ekici ve e\u011flenceli bir ara\u015ft\u0131rmas\u0131. \ufffcTan\u0131t\u0131m Metni<\/p>\n","protected":false},"excerpt":{"rendered":"<p>Agatha Christie\u2019nin hayat\u0131, kurgusu kadar gizemli ve olayl\u0131yd\u0131. \u00d6zenle \u00e7al\u0131\u015f\u0131lm\u0131\u015f bu \u00e7izgi roman, su\u00e7 roman\u0131 krali\u00e7esinin \u0130ngiltere\u2019deki \u00e7ocukluk y\u0131llar\u0131ndan, \u0130stanbul\u2019a ve Mezopotamya\u2019ya uzanan y\u0131llar\u0131na kadar izini<span class=\"excerpt-hellip\"> [\u2026]<\/span><\/p>\n","protected":false},"featured_media":0,"template":"","meta":{"_monsterinsights_skip_tracking":false,"_monsterinsights_sitenote_active":false,"_monsterinsights_sitenote_note":"","_monsterinsights_sitenote_category":0},"product_brand":[],"product_cat":[12416,12291],"product_tag":[],"class_list":{"0":"post-712538","1":"product","2":"type-product","3":"status-publish","5":"product_cat-cizgi-roman","6":"product_cat-edebiyat","7":"pa_cilt-ciltsiz","8":"pa_tur-kitap","9":"pa_yayinevi-kara-karga-yayinlari","10":"pa_yazar-anne-martinetti-guillaume-lebeau-alexandre-franc","12":"first","13":"instock","14":"sale","15":"shipping-taxable","16":"purchasable","17":"product-type-simple"},"_links":{"self":[{"href":"https:\/\/roveyayinevi.com.tr\/index.php\/wp-json\/wp\/v2\/product\/712538","targetHints":{"allow":["GET"]}}],"collection":[{"href":"https:\/\/roveyayinevi.com.tr\/index.php\/wp-json\/wp\/v2\/product"}],"about":[{"href":"https:\/\/roveyayinevi.com.tr\/index.php\/wp-json\/wp\/v2\/types\/product"}],"wp:attachment":[{"href":"https:\/\/roveyayinevi.com.tr\/index.php\/wp-json\/wp\/v2\/media?parent=712538"}],"wp:term":[{"taxonomy":"product_brand","embeddable":true,"href":"https:\/\/roveyayinevi.com.tr\/index.php\/wp-json\/wp\/v2\/product_brand?post=712538"},{"taxonomy":"product_cat","embeddable":true,"href":"https:\/\/roveyayinevi.com.tr\/index.php\/wp-json\/wp\/v2\/product_cat?post=712538"},{"taxonomy":"product_tag","embeddable":true,"href":"https:\/\/roveyayinevi.com.tr\/index.php\/wp-json\/wp\/v2\/product_tag?post=712538"}],"curies":[{"name":"wp","href":"https:\/\/api.w.org\/{rel}","templated":true}]}}