{"id":712537,"date":"2025-08-27T16:57:09","date_gmt":"2025-08-27T13:57:09","guid":{"rendered":"https:\/\/roveyayinevi.com.tr\/index.php\/urun\/fen-liseleri-icin-matematik-3-tamsayilar-yapisi\/"},"modified":"2026-04-16T02:21:02","modified_gmt":"2026-04-15T23:21:02","slug":"fen-liseleri-icin-matematik-3-tamsayilar-yapisi","status":"publish","type":"product","link":"https:\/\/roveyayinevi.com.tr\/index.php\/urun\/fen-liseleri-icin-matematik-3-tamsayilar-yapisi\/","title":{"rendered":"Fen Liseleri \u0130\u00e7in Matematik 3 &#8211; Tamsay\u0131lar Yap\u0131s\u0131"},"content":{"rendered":"<p>Ali Nesin&#8217;in liselere y\u00f6nelik matematik ders kitaplar\u0131ndan \u00fc\u00e7\u00fcnc\u00fcs\u00fc \u00e7\u0131kt\u0131! Fen Liseleri \u0130\u00e7in Matematik 3 &#8211; Tamsay\u0131lar Yap\u0131s\u0131 Ali Nesin&#8217;in liselere y\u00f6nelik matematik ders kitaplar\u0131ndan \u00fc\u00e7\u00fcnc\u00fcs\u00fc yay\u0131mland\u0131. Fen Liseleri \u0130\u00e7in Matematik 2 &#8211; Do\u011fal Say\u0131lar Yap\u0131s\u0131 ve Fen Liseleri \u0130\u00e7in Matematik 1 &#8211; K\u00fcmeler Kuram\u0131 1 kitaplar\u0131n\u0131n ard\u0131ndan yay\u0131mlanan Fen Liseleri \u0130\u00e7in Matematik 3 &#8211; Tamsay\u0131lar Yap\u0131s\u0131hakk\u0131nda Ali Nesin \u015f\u00f6yle diyor: &#8220;\u00d6nceki kitapta [2. Kitap] do\u011fal say\u0131larla ve do\u011fal say\u0131lar\u0131n toplama ve \u00e7arpma i\u015flemleriyle ve s\u0131ralama ili\u015fkisiyle tan\u0131\u015fm\u0131\u015ft\u0131k. Bu kitapta tamsay\u0131larla tan\u0131\u015faca\u011f\u0131z. \u0130lk iki b\u00f6l\u00fcmde tamsay\u0131lar\u0131 olduk\u00e7a yapay ve bi\u00e7imsel bir bi\u00e7imde tan\u0131mlay\u0131p baz\u0131 temel \u00f6zelliklerini g\u00f6rece\u011fiz. Okur, tamsay\u0131lar\u0131 ge\u00e7mi\u015f y\u0131llardan bildi\u011finden, s\u0131k\u0131c\u0131 olmamak i\u00e7in \u00e7ok fazla ayr\u0131nt\u0131ya girmeyece\u011fiz. Ama \u00fc\u00e7\u00fcnc\u00fc b\u00f6l\u00fcmde tamsay\u0131lar\u0131 yeniden, en ba\u015ftan ve bamba\u015fka bir bak\u0131\u015f a\u00e7\u0131s\u0131yla ele alaca\u011f\u0131z. \u00dc\u00e7\u00fcnc\u00fc b\u00f6l\u00fcmde tamsay\u0131lar\u0131 tan\u0131mlamayaca\u011f\u0131z, sadece tamsay\u0131lar\u0131n toplama, \u00e7arpma ve s\u0131ralamaya dair aksiyomlar\u0131n\u0131, yani hi\u00e7 tart\u0131\u015fmadan kabul etti\u011fimiz \u00f6zelliklerini yaz\u0131p, tamsay\u0131lar\u0131n di\u011fer \u00f6zelliklerini bu aksiyomlardan hareketle kan\u0131tlayaca\u011f\u0131z. Yani \u00fc\u00e7\u00fcnc\u00fc b\u00f6l\u00fcmde yakla\u015f\u0131m\u0131m\u0131z \u201caksiyomatik\u201d olacak. Umar\u0131m okur ilk iki b\u00f6l\u00fcm\u00fc s\u0131k\u0131c\u0131, \u00fc\u00e7\u00fcnc\u00fc b\u00f6l\u00fcm\u00fc heyecanl\u0131 bulur,&#8221; diyor. <\/p>\n","protected":false},"excerpt":{"rendered":"<p>Ali Nesin&#8217;in liselere y\u00f6nelik matematik ders kitaplar\u0131ndan \u00fc\u00e7\u00fcnc\u00fcs\u00fc \u00e7\u0131kt\u0131! Fen Liseleri \u0130\u00e7in Matematik 3 &#8211; Tamsay\u0131lar Yap\u0131s\u0131 Ali Nesin&#8217;in liselere y\u00f6nelik matematik ders kitaplar\u0131ndan \u00fc\u00e7\u00fcnc\u00fcs\u00fc yay\u0131mland\u0131.<span class=\"excerpt-hellip\"> [\u2026]<\/span><\/p>\n","protected":false},"featured_media":0,"template":"","meta":{"_monsterinsights_skip_tracking":false,"_monsterinsights_sitenote_active":false,"_monsterinsights_sitenote_note":"","_monsterinsights_sitenote_category":0},"product_brand":[],"product_cat":[13005,16724],"product_tag":[],"class_list":{"0":"post-712537","1":"product","2":"type-product","3":"status-publish","5":"product_cat-bilim-muhendislik","6":"product_cat-matematik","7":"pa_cilt-ciltsiz","8":"pa_tur-kitap","9":"pa_yayinevi-nesin-yayinlari","10":"pa_yazar-ali-nesin","12":"first","13":"instock","14":"sale","15":"shipping-taxable","16":"purchasable","17":"product-type-simple"},"_links":{"self":[{"href":"https:\/\/roveyayinevi.com.tr\/index.php\/wp-json\/wp\/v2\/product\/712537","targetHints":{"allow":["GET"]}}],"collection":[{"href":"https:\/\/roveyayinevi.com.tr\/index.php\/wp-json\/wp\/v2\/product"}],"about":[{"href":"https:\/\/roveyayinevi.com.tr\/index.php\/wp-json\/wp\/v2\/types\/product"}],"wp:attachment":[{"href":"https:\/\/roveyayinevi.com.tr\/index.php\/wp-json\/wp\/v2\/media?parent=712537"}],"wp:term":[{"taxonomy":"product_brand","embeddable":true,"href":"https:\/\/roveyayinevi.com.tr\/index.php\/wp-json\/wp\/v2\/product_brand?post=712537"},{"taxonomy":"product_cat","embeddable":true,"href":"https:\/\/roveyayinevi.com.tr\/index.php\/wp-json\/wp\/v2\/product_cat?post=712537"},{"taxonomy":"product_tag","embeddable":true,"href":"https:\/\/roveyayinevi.com.tr\/index.php\/wp-json\/wp\/v2\/product_tag?post=712537"}],"curies":[{"name":"wp","href":"https:\/\/api.w.org\/{rel}","templated":true}]}}