{"id":712535,"date":"2025-08-27T16:57:07","date_gmt":"2025-08-27T13:57:07","guid":{"rendered":"https:\/\/roveyayinevi.com.tr\/index.php\/urun\/elmet\/"},"modified":"2026-04-16T02:21:02","modified_gmt":"2026-04-15T23:21:02","slug":"elmet","status":"publish","type":"product","link":"https:\/\/roveyayinevi.com.tr\/index.php\/urun\/elmet\/","title":{"rendered":"Elmet"},"content":{"rendered":"<p>On d\u00f6rt ya\u015f\u0131ndaki Daniel, ablas\u0131 Cathy ve babas\u0131yla birlikte modern \u015fehirden uzakta sakin bir ya\u015fam s\u00fcrer. Ne var ki sakin ya\u015fam\u0131n arkas\u0131nda toplumsal ayr\u0131\u015fmalar\u0131n tetikledi\u011fi bir gerilim yatar. Bu, kendi elleriyle in\u015fa ettikleri evlerinde iyilik-k\u00f6t\u00fcl\u00fck \u00e7at\u0131\u015fmas\u0131n\u0131n ortas\u0131nda ayakta kalmaya \u00e7al\u0131\u015fan bir ailenin ya\u015fad\u0131\u011f\u0131, sessiz ama derinden bir gerilimdir. \u0130ngiliz edebiyat\u0131n\u0131n ba\u015far\u0131l\u0131 gen\u00e7 yazarlar\u0131ndan Fiona Mozley, 2017 Man Booker \u00d6d\u00fcl\u00fc\u2019ne aday olan ilk roman\u0131nda, insan\u0131n ruhunda usul usul b\u00fcy\u00fcyen karanl\u0131\u011f\u0131n, d\u00fcnyevi arzularla filizlenen k\u00f6t\u00fcl\u00fc\u011f\u00fcn \u00f6yk\u00fcs\u00fcn\u00fc anlat\u0131yor. Elmet, intikam, \u00f6zveri, \u015fiddet ve masumiyet gibi kavramlar\u0131n aras\u0131ndaki kal\u0131n \u00e7izgilerin inceldi\u011fi, y\u0131k\u0131lmamaya \u00e7al\u0131\u015fan bir \u201cev\u201d \u00fczerine tekinsiz, h\u00fcz\u00fcnl\u00fc ve gizemli bir roman. \u201cCezbedici\u2026 \u015eiirsel ve efsanevi bir eser.\u201d The New York Times \u201cSihirli bir ilk roman.\u201d <\/p>\n","protected":false},"excerpt":{"rendered":"<p>On d\u00f6rt ya\u015f\u0131ndaki Daniel, ablas\u0131 Cathy ve babas\u0131yla birlikte modern \u015fehirden uzakta sakin bir ya\u015fam s\u00fcrer. Ne var ki sakin ya\u015fam\u0131n arkas\u0131nda toplumsal ayr\u0131\u015fmalar\u0131n tetikledi\u011fi bir<span class=\"excerpt-hellip\"> [\u2026]<\/span><\/p>\n","protected":false},"featured_media":0,"template":"","meta":{"_monsterinsights_skip_tracking":false,"_monsterinsights_sitenote_active":false,"_monsterinsights_sitenote_note":"","_monsterinsights_sitenote_category":0},"product_brand":[],"product_cat":[12291,12711],"product_tag":[],"class_list":{"0":"post-712535","1":"product","2":"type-product","3":"status-publish","5":"product_cat-edebiyat","6":"product_cat-roman-oyku","7":"pa_cilt-ciltsiz","8":"pa_tur-kitap","9":"pa_yayinevi-cinar-yayinlari","10":"pa_yazar-fiona-mozley","12":"first","13":"instock","14":"sale","15":"shipping-taxable","16":"purchasable","17":"product-type-simple"},"_links":{"self":[{"href":"https:\/\/roveyayinevi.com.tr\/index.php\/wp-json\/wp\/v2\/product\/712535","targetHints":{"allow":["GET"]}}],"collection":[{"href":"https:\/\/roveyayinevi.com.tr\/index.php\/wp-json\/wp\/v2\/product"}],"about":[{"href":"https:\/\/roveyayinevi.com.tr\/index.php\/wp-json\/wp\/v2\/types\/product"}],"wp:attachment":[{"href":"https:\/\/roveyayinevi.com.tr\/index.php\/wp-json\/wp\/v2\/media?parent=712535"}],"wp:term":[{"taxonomy":"product_brand","embeddable":true,"href":"https:\/\/roveyayinevi.com.tr\/index.php\/wp-json\/wp\/v2\/product_brand?post=712535"},{"taxonomy":"product_cat","embeddable":true,"href":"https:\/\/roveyayinevi.com.tr\/index.php\/wp-json\/wp\/v2\/product_cat?post=712535"},{"taxonomy":"product_tag","embeddable":true,"href":"https:\/\/roveyayinevi.com.tr\/index.php\/wp-json\/wp\/v2\/product_tag?post=712535"}],"curies":[{"name":"wp","href":"https:\/\/api.w.org\/{rel}","templated":true}]}}