{"id":712533,"date":"2025-08-27T16:57:06","date_gmt":"2025-08-27T13:57:06","guid":{"rendered":"https:\/\/roveyayinevi.com.tr\/index.php\/urun\/laik-devlet-kusatma-altinda-avrupa-ve-amerikada-hiristiyanlik-islam-ve-siyaset\/"},"modified":"2026-04-16T02:21:02","modified_gmt":"2026-04-15T23:21:02","slug":"laik-devlet-kusatma-altinda-avrupa-ve-amerikada-hiristiyanlik-islam-ve-siyaset","status":"publish","type":"product","link":"https:\/\/roveyayinevi.com.tr\/index.php\/urun\/laik-devlet-kusatma-altinda-avrupa-ve-amerikada-hiristiyanlik-islam-ve-siyaset\/","title":{"rendered":"Laik Devlet Ku\u015fatma Alt\u0131nda &#8211; Avrupa ve Amerika\u2019da H\u0131ristiyanl\u0131k, \u0130slam ve Siyaset"},"content":{"rendered":"<p>Din ile siyaset, bireylerin davran\u0131\u015f\u0131n\u0131 ve toplumun i\u015fleyi\u015fini d\u00fczenleyen otorite sistemleri olarak insanl\u0131k tarihi boyunca i\u015fbirli\u011fi yapm\u0131\u015ft\u0131r. Laikle\u015fme her ne kadar bu iki \u00f6\u011feyi birbirinden ay\u0131rm\u0131\u015f olsa da, g\u00fcn\u00fcm\u00fczde kamusal dinin geri d\u00f6n\u00fc\u015f\u00fc laikli\u011fin sorgulanmas\u0131na yol a\u00e7\u0131yor. B\u00f6ylesi bir atmosferde Christian Joppke laikli\u011fi d\u0131\u015flayan dinsel anlay\u0131\u015flar\u0131n laik devlet ile bir arada var olup olamayacaklar\u0131n\u0131 ara\u015ft\u0131r\u0131yor. Ara\u015ft\u0131rmalar\u0131 i\u00e7in iki saha se\u00e7iyor; H\u0131ristiyan Sa\u011f\u0131n Amerika\u2019da ve \u0130slam\u2019\u0131n Avrupa\u2019da laik devlete kar\u015f\u0131 verdikleri m\u00fccadeleyi inceliyor. Bunlar\u0131n yan\u0131 s\u0131ra laik devletin olu\u015fumu, H\u0131ristiyanl\u0131k ile \u0130slamiyet\u2019in inan\u00e7 sistemi ve dinsel \u00f6rg\u00fctlenme bi\u00e7imi \u00fczerinde duruyor. Bu kitab\u0131n laik devlet ile ilgili tart\u0131\u015fmaya \u00fclkemizde de kat\u0131lan t\u00fcm gruplar i\u00e7in ayd\u0131nlat\u0131c\u0131 olaca\u011f\u0131 kan\u0131s\u0131nday\u0131z. \u201c\u2026 Joppke\u2019nin tart\u0131\u015fmas\u0131n\u0131n bilimsel g\u00fcc\u00fc, [bu] kitab\u0131 konuyla ilgili \u00e7ok de\u011ferli \u00e7al\u0131\u015fmalardan biri haline getiriyor.\u201d  \u2014 Gianfranco Poggi, Virgina \u00dcniversitesi \u201cLaik Devlet Ku\u015fatma Alt\u0131nda \u2026 b\u00fcy\u00fck ve ihtilafl\u0131 meseleleri ele al\u0131yor. Burada ileri s\u00fcr\u00fclen g\u00f6r\u00fc\u015flerle baz\u0131 a\u00e7\u0131lardan hemfikir olmayanlar bile kitab\u0131 cazip ve ayd\u0131nlat\u0131c\u0131 bulacaklard\u0131r.\u201d \u2014 Rogers Brubaker, California \u00dcniversitesi, Los Angeles <\/p>\n","protected":false},"excerpt":{"rendered":"<p>Din ile siyaset, bireylerin davran\u0131\u015f\u0131n\u0131 ve toplumun i\u015fleyi\u015fini d\u00fczenleyen otorite sistemleri olarak insanl\u0131k tarihi boyunca i\u015fbirli\u011fi yapm\u0131\u015ft\u0131r. Laikle\u015fme her ne kadar bu iki \u00f6\u011feyi birbirinden ay\u0131rm\u0131\u015f<span class=\"excerpt-hellip\"> [\u2026]<\/span><\/p>\n","protected":false},"featured_media":0,"template":"","meta":{"_monsterinsights_skip_tracking":false,"_monsterinsights_sitenote_active":false,"_monsterinsights_sitenote_note":"","_monsterinsights_sitenote_category":0},"product_brand":[],"product_cat":[13590,12337],"product_tag":[],"class_list":{"0":"post-712533","1":"product","2":"type-product","3":"status-publish","5":"product_cat-arastirma-inceleme-politika-siyaset","6":"product_cat-politika-siyaset","7":"pa_cilt-ciltsiz","8":"pa_tur-kitap","9":"pa_yayinevi-say-yayinlari","10":"pa_yazar-christian-joppke","12":"first","13":"instock","14":"sale","15":"shipping-taxable","16":"purchasable","17":"product-type-simple"},"_links":{"self":[{"href":"https:\/\/roveyayinevi.com.tr\/index.php\/wp-json\/wp\/v2\/product\/712533","targetHints":{"allow":["GET"]}}],"collection":[{"href":"https:\/\/roveyayinevi.com.tr\/index.php\/wp-json\/wp\/v2\/product"}],"about":[{"href":"https:\/\/roveyayinevi.com.tr\/index.php\/wp-json\/wp\/v2\/types\/product"}],"wp:attachment":[{"href":"https:\/\/roveyayinevi.com.tr\/index.php\/wp-json\/wp\/v2\/media?parent=712533"}],"wp:term":[{"taxonomy":"product_brand","embeddable":true,"href":"https:\/\/roveyayinevi.com.tr\/index.php\/wp-json\/wp\/v2\/product_brand?post=712533"},{"taxonomy":"product_cat","embeddable":true,"href":"https:\/\/roveyayinevi.com.tr\/index.php\/wp-json\/wp\/v2\/product_cat?post=712533"},{"taxonomy":"product_tag","embeddable":true,"href":"https:\/\/roveyayinevi.com.tr\/index.php\/wp-json\/wp\/v2\/product_tag?post=712533"}],"curies":[{"name":"wp","href":"https:\/\/api.w.org\/{rel}","templated":true}]}}