{"id":712532,"date":"2025-08-27T16:57:06","date_gmt":"2025-08-27T13:57:06","guid":{"rendered":"https:\/\/roveyayinevi.com.tr\/index.php\/urun\/anatomi-101-kaslar-ve-kemiklerden-organlar-ve-sistemlere-kadar-insan-vucudu-hakkinda-bilmeniz-gereken-her-sey\/"},"modified":"2026-04-16T02:21:02","modified_gmt":"2026-04-15T23:21:02","slug":"anatomi-101-kaslar-ve-kemiklerden-organlar-ve-sistemlere-kadar-insan-vucudu-hakkinda-bilmeniz-gereken-her-sey","status":"publish","type":"product","link":"https:\/\/roveyayinevi.com.tr\/index.php\/urun\/anatomi-101-kaslar-ve-kemiklerden-organlar-ve-sistemlere-kadar-insan-vucudu-hakkinda-bilmeniz-gereken-her-sey\/","title":{"rendered":"Anatomi 101 &#8211; Kaslar ve Kemiklerden Organlar ve Sistemlere kadar \u0130nsan V\u00fccudu Hakk\u0131nda Bilmeniz Gereken Her \u015eey"},"content":{"rendered":"<p>\u0130nsan v\u00fccudunun karma\u015f\u0131k mekanizmas\u0131 ve organlar\u0131n fonksiyonlar\u0131 kafan\u0131z\u0131 kar\u0131\u015ft\u0131r\u0131yor, Latince isimlerle u\u011fra\u015fmak size zor geliyor de\u011fil mi? \u0130\u015fte, Anatomi 101 bu s\u0131k\u0131c\u0131 ayr\u0131nt\u0131lara ve gereksiz detaylara son veriyor ve insan v\u00fccudu ile ilgili herkesin bilmesi gereken en \u00f6nemli konulara de\u011finiyor. Bir\u00e7ok i\u015fleve olanak sa\u011flamak i\u00e7in karma\u015f\u0131k bir d\u00fczene sahip olan h\u00fccrelerin, doku ve organlar\u0131n yap\u0131s\u0131n\u0131 ve bunlar\u0131n nas\u0131l i\u015fledi\u011fini nedenleriyle a\u00e7\u0131kl\u0131yor. Her b\u00f6l\u00fcmde insan v\u00fccudunun farkl\u0131 bir k\u0131sm\u0131n\u0131 ele al\u0131yor, sistemlerin nas\u0131l \u015fekillendi\u011fini ve hastal\u0131klar\u0131n v\u00fccudumuzu nas\u0131l etkiledi\u011fini a\u00e7\u0131kl\u0131yor. Detayl\u0131 insan v\u00fccudu haritalar\u0131, V\u00fccudumuzu meydana getiren ba\u015fl\u0131ca sistemlerle ilgili g\u00f6rseller, T\u0131bbi terminolojiyi kolayca anlaman\u0131z\u0131 sa\u011flayacak terimleri a\u00e7\u0131klayan b\u00f6l\u00fcmler, sayesinde insan v\u00fccudunun gizemini \u00e7\u00f6zeceksiniz. Kaslar ve kemiklerden organlar ve sistemlere kadar Anatomi 101 ba\u015fka yerden edinemeyece\u011finiz bilgilerle dolu. <\/p>\n","protected":false},"excerpt":{"rendered":"<p>\u0130nsan v\u00fccudunun karma\u015f\u0131k mekanizmas\u0131 ve organlar\u0131n fonksiyonlar\u0131 kafan\u0131z\u0131 kar\u0131\u015ft\u0131r\u0131yor, Latince isimlerle u\u011fra\u015fmak size zor geliyor de\u011fil mi? \u0130\u015fte, Anatomi 101 bu s\u0131k\u0131c\u0131 ayr\u0131nt\u0131lara ve gereksiz detaylara<span class=\"excerpt-hellip\"> [\u2026]<\/span><\/p>\n","protected":false},"featured_media":0,"template":"","meta":{"_monsterinsights_skip_tracking":false,"_monsterinsights_sitenote_active":false,"_monsterinsights_sitenote_note":"","_monsterinsights_sitenote_category":0},"product_brand":[],"product_cat":[16965,13365],"product_tag":[],"class_list":{"0":"post-712532","1":"product","2":"type-product","3":"status-publish","5":"product_cat-genel-saglik-kitaplari","6":"product_cat-saglik","7":"pa_cilt-ciltsiz","8":"pa_tur-kitap","9":"pa_yayinevi-say-yayinlari","10":"pa_yazar-kevin-langford","12":"first","13":"instock","14":"sale","15":"shipping-taxable","16":"purchasable","17":"product-type-simple"},"_links":{"self":[{"href":"https:\/\/roveyayinevi.com.tr\/index.php\/wp-json\/wp\/v2\/product\/712532","targetHints":{"allow":["GET"]}}],"collection":[{"href":"https:\/\/roveyayinevi.com.tr\/index.php\/wp-json\/wp\/v2\/product"}],"about":[{"href":"https:\/\/roveyayinevi.com.tr\/index.php\/wp-json\/wp\/v2\/types\/product"}],"wp:attachment":[{"href":"https:\/\/roveyayinevi.com.tr\/index.php\/wp-json\/wp\/v2\/media?parent=712532"}],"wp:term":[{"taxonomy":"product_brand","embeddable":true,"href":"https:\/\/roveyayinevi.com.tr\/index.php\/wp-json\/wp\/v2\/product_brand?post=712532"},{"taxonomy":"product_cat","embeddable":true,"href":"https:\/\/roveyayinevi.com.tr\/index.php\/wp-json\/wp\/v2\/product_cat?post=712532"},{"taxonomy":"product_tag","embeddable":true,"href":"https:\/\/roveyayinevi.com.tr\/index.php\/wp-json\/wp\/v2\/product_tag?post=712532"}],"curies":[{"name":"wp","href":"https:\/\/api.w.org\/{rel}","templated":true}]}}