{"id":712531,"date":"2025-08-27T16:57:06","date_gmt":"2025-08-27T13:57:06","guid":{"rendered":"https:\/\/roveyayinevi.com.tr\/index.php\/urun\/acik-kitap-dede-korkut\/"},"modified":"2026-04-16T02:21:02","modified_gmt":"2026-04-15T23:21:02","slug":"acik-kitap-dede-korkut","status":"publish","type":"product","link":"https:\/\/roveyayinevi.com.tr\/index.php\/urun\/acik-kitap-dede-korkut\/","title":{"rendered":"A\u00e7\u0131k Kitap: Dede Korkut"},"content":{"rendered":"<p>Gizli Dede Korkut\u2019tan sonra \u015fimdi de A\u00e7\u0131k Kitap: Dede Korkut geldi \u00f6n\u00fcm\u00fcze. Kamran Aliyev de dalm\u0131\u015f metinlerin i\u00e7ine. Ama o \u201cgizli bir taraf\u0131 yok, her \u015fey a\u00e7\u0131k\u201d diyor. \u0130li\u015fkiler kuruyor. Olaylar aras\u0131nda, ki\u015filer aras\u0131nda, s\u00f6ylemler aras\u0131nda. Demek istiyor ki bu ili\u015fkileri kurarsan\u0131z her \u015fey a\u00e7\u0131\u011fa \u00e7\u0131kar. Tepeg\u00f6z ile niye o kadar kahraman ba\u015f edemiyor da ancak Basat ba\u015f edebiliyor? Ni\u00e7in di\u011fer O\u011fuz kahramanlar\u0131nda her \u015fey \u00fc\u00e7 veya \u00fc\u00e7 y\u00fczd\u00fcr de Aruz\u2019da ni\u00e7in altm\u0131\u015ft\u0131r? T\u00fcrk \u015fiirinin do\u011fu\u015funu ve tek\u00e2m\u00fcl\u00fcn\u00fc Dede Korkut Kitab\u0131\u2019nda aramak ve bulmak&#8230; Beni en \u00e7ok heyecanland\u0131ran bahislerden biri, belki de birincisi bu. M\u0131sradan beyite, beyitten d\u00f6rtl\u00fc\u011fe, oradan \u015fiire ge\u00e7i\u015f. Yine ad\u0131m ad\u0131m iz s\u00fcr\u00fcyor Aliyev ve bizi \u015fiirin seyrang\u00e2h\u0131na \u00e7\u0131kar\u0131yor. Hem de bazen rahvan y\u00fcr\u00fcy\u00fc\u015fl\u00fc, bazen d\u00f6rt nal ko\u015fu\u015flu ak boz atlar\u0131n s\u0131rt\u0131nda&#8230; \u015eimdi T\u00fcrk \u015fiirinin kanatlar\u0131yla daha \u015fuurlu olarak u\u00e7abiliriz. Bu ayn\u0131 zamanda T\u00fcrk etnosunun poetikas\u0131d\u0131r. Kamran Aliyev\u2019in bu eseri sadece Korkut\u015finaslar\u0131n de\u011fil, Dede Korkut \u00fczerinde fazla durmam\u0131\u015f edebiyat bilimcilerin de ilgisini \u00e7ekmelidir. \u00c7\u00fcnk\u00fc bu eser, bir edeb\u00ee metne nas\u0131l yakla\u015f\u0131labilece\u011fi, bir edeb\u00ee metnin i\u00e7ine nas\u0131l girilebilece\u011fi konusunda da bize iyi bir \u00f6rnek te\u015fkil etmektedir. Prof. Dr. Ahmet Bican Ercilasun <\/p>\n","protected":false},"excerpt":{"rendered":"<p>Gizli Dede Korkut\u2019tan sonra \u015fimdi de A\u00e7\u0131k Kitap: Dede Korkut geldi \u00f6n\u00fcm\u00fcze. Kamran Aliyev de dalm\u0131\u015f metinlerin i\u00e7ine. Ama o \u201cgizli bir taraf\u0131 yok, her \u015fey<span class=\"excerpt-hellip\"> [\u2026]<\/span><\/p>\n","protected":false},"featured_media":0,"template":"","meta":{"_monsterinsights_skip_tracking":false,"_monsterinsights_sitenote_active":false,"_monsterinsights_sitenote_note":"","_monsterinsights_sitenote_category":0},"product_brand":[],"product_cat":[12718,12858],"product_tag":[],"class_list":{"0":"post-712531","1":"product","2":"type-product","3":"status-publish","5":"product_cat-din","6":"product_cat-mitolojiler","7":"pa_cilt-ciltsiz","8":"pa_tur-kitap","9":"pa_yayinevi-otuken-nesriyat","10":"pa_yazar-kamran-aliyev","12":"first","13":"instock","14":"sale","15":"shipping-taxable","16":"purchasable","17":"product-type-simple"},"_links":{"self":[{"href":"https:\/\/roveyayinevi.com.tr\/index.php\/wp-json\/wp\/v2\/product\/712531","targetHints":{"allow":["GET"]}}],"collection":[{"href":"https:\/\/roveyayinevi.com.tr\/index.php\/wp-json\/wp\/v2\/product"}],"about":[{"href":"https:\/\/roveyayinevi.com.tr\/index.php\/wp-json\/wp\/v2\/types\/product"}],"wp:attachment":[{"href":"https:\/\/roveyayinevi.com.tr\/index.php\/wp-json\/wp\/v2\/media?parent=712531"}],"wp:term":[{"taxonomy":"product_brand","embeddable":true,"href":"https:\/\/roveyayinevi.com.tr\/index.php\/wp-json\/wp\/v2\/product_brand?post=712531"},{"taxonomy":"product_cat","embeddable":true,"href":"https:\/\/roveyayinevi.com.tr\/index.php\/wp-json\/wp\/v2\/product_cat?post=712531"},{"taxonomy":"product_tag","embeddable":true,"href":"https:\/\/roveyayinevi.com.tr\/index.php\/wp-json\/wp\/v2\/product_tag?post=712531"}],"curies":[{"name":"wp","href":"https:\/\/api.w.org\/{rel}","templated":true}]}}