{"id":712529,"date":"2025-08-27T16:57:05","date_gmt":"2025-08-27T13:57:05","guid":{"rendered":"https:\/\/roveyayinevi.com.tr\/index.php\/urun\/etnografin-el-kitabi\/"},"modified":"2026-04-16T02:21:02","modified_gmt":"2026-04-15T23:21:02","slug":"etnografin-el-kitabi","status":"publish","type":"product","link":"https:\/\/roveyayinevi.com.tr\/index.php\/urun\/etnografin-el-kitabi\/","title":{"rendered":"Etnograf\u0131n El Kitab\u0131"},"content":{"rendered":"<p>Bu kitap bir el kitab\u0131d\u0131r. Ara\u015ft\u0131rmac\u0131n\u0131n kullanabilece\u011fi ek bir bilgi kayna\u011f\u0131; ara\u015ft\u0131rmac\u0131 \u201cetnograf\u201d olmaya karar verdi\u011finde ise onun oyuncaklar\u0131ndan yaln\u0131zca bir tanesidir. Etnograf, di\u011fer ara\u015ft\u0131rma t\u00fcrlerini kullanan ara\u015ft\u0131rmac\u0131lara g\u00f6re daha bir oyuncu, daha bir \u00e7ocuk, daha bir deli\u015fmendir. Alandan toplad\u0131\u011f\u0131 s\u00f6zl\u00fc bilgileri ya da foto\u011fraf ve videolar\u0131, kendisine bilgi veren grup \u00fcyelerinin s\u00f6zlerini ve davran\u0131\u015flar\u0131n\u0131 s\u00fcrekli olarak kafas\u0131nda ve notlar\u0131nda evirip \u00e7evirir, \u015fekillendirir, oynar da oynar- ayn\u0131 bir \u00e7ocuk gibi; ne\u015feyle ve kafas\u0131nda kendisinden ba\u015fka kimsenin bilemeyece\u011fi bir ak\u0131\u015fla-. Etnograf samimidir. Samimiyetini kaybetti\u011fi an birlikte \u00e7al\u0131\u015ft\u0131\u011f\u0131 insanlardan kopar, insanlardan koptu\u011funda da veri toplayamaz, inceleyemez, yazamaz. Oyun biter. Etnograf insand\u0131r. Etnograf sadece insanlar\u0131n oldu\u011fu bir yerde, sadece \u201corada olur.\u201d Bir yerlerde insanlar\u0131 dinler, o insanlar\u0131n \u00f6yk\u00fclerini yazar, o \u00f6yk\u00fcyle birlikte yeniden do\u011far, b\u00fcy\u00fcr ve anlataca\u011f\u0131 \u00f6yk\u00fcler bitince de yapacak i\u015fi kalmaz; ser\u00fcveni son bulur. Etnograf\u0131n d\u00f6ng\u00fcs\u00fcd\u00fcr bu. <\/p>\n","protected":false},"excerpt":{"rendered":"<p>Bu kitap bir el kitab\u0131d\u0131r. Ara\u015ft\u0131rmac\u0131n\u0131n kullanabilece\u011fi ek bir bilgi kayna\u011f\u0131; ara\u015ft\u0131rmac\u0131 \u201cetnograf\u201d olmaya karar verdi\u011finde ise onun oyuncaklar\u0131ndan yaln\u0131zca bir tanesidir. Etnograf, di\u011fer ara\u015ft\u0131rma t\u00fcrlerini<span class=\"excerpt-hellip\"> [\u2026]<\/span><\/p>\n","protected":false},"featured_media":0,"template":"","meta":{"_monsterinsights_skip_tracking":false,"_monsterinsights_sitenote_active":false,"_monsterinsights_sitenote_note":"","_monsterinsights_sitenote_category":0},"product_brand":[],"product_cat":[13772,12364],"product_tag":[],"class_list":{"0":"post-712529","1":"product","2":"type-product","3":"status-publish","5":"product_cat-basvuru-kitaplari","6":"product_cat-genel-konular","7":"pa_cilt-ciltsiz","8":"pa_tur-kitap","9":"pa_yayinevi-ani-yayincilik","10":"pa_yazar-arda-arikan","12":"first","13":"instock","14":"sale","15":"shipping-taxable","16":"purchasable","17":"product-type-simple"},"_links":{"self":[{"href":"https:\/\/roveyayinevi.com.tr\/index.php\/wp-json\/wp\/v2\/product\/712529","targetHints":{"allow":["GET"]}}],"collection":[{"href":"https:\/\/roveyayinevi.com.tr\/index.php\/wp-json\/wp\/v2\/product"}],"about":[{"href":"https:\/\/roveyayinevi.com.tr\/index.php\/wp-json\/wp\/v2\/types\/product"}],"wp:attachment":[{"href":"https:\/\/roveyayinevi.com.tr\/index.php\/wp-json\/wp\/v2\/media?parent=712529"}],"wp:term":[{"taxonomy":"product_brand","embeddable":true,"href":"https:\/\/roveyayinevi.com.tr\/index.php\/wp-json\/wp\/v2\/product_brand?post=712529"},{"taxonomy":"product_cat","embeddable":true,"href":"https:\/\/roveyayinevi.com.tr\/index.php\/wp-json\/wp\/v2\/product_cat?post=712529"},{"taxonomy":"product_tag","embeddable":true,"href":"https:\/\/roveyayinevi.com.tr\/index.php\/wp-json\/wp\/v2\/product_tag?post=712529"}],"curies":[{"name":"wp","href":"https:\/\/api.w.org\/{rel}","templated":true}]}}