{"id":712527,"date":"2025-08-27T16:57:04","date_gmt":"2025-08-27T13:57:04","guid":{"rendered":"https:\/\/roveyayinevi.com.tr\/index.php\/urun\/ermis-5\/"},"modified":"2026-04-16T02:21:02","modified_gmt":"2026-04-15T23:21:02","slug":"ermis-5","status":"publish","type":"product","link":"https:\/\/roveyayinevi.com.tr\/index.php\/urun\/ermis-5\/","title":{"rendered":"Ermi\u015f"},"content":{"rendered":"<p>Cibran\u2019\u0131n ilk kez 1923\u2019te yay\u0131mlanan ba\u015fyap\u0131t\u0131 Ermi\u015f, \u015fairane bir \u00fcslupla kaleme al\u0131nm\u0131\u015f felsefi, ruhani ve ilham verici denemeler b\u00fct\u00fcn\u00fcd\u00fcr. Ermi\u015f, El Mustafa isimli bilge bir adam\u0131n yirmi alt\u0131 b\u00f6l\u00fcmde anlatt\u0131\u011f\u0131 nasihatlerinden olu\u015fur. El Mustafa, on iki y\u0131l boyunca s\u00fcrg\u00fcn hayat\u0131 ya\u015fad\u0131\u011f\u0131 Orphalese Adas\u0131\u2019ndan, onu anavatan\u0131na g\u00f6t\u00fcrecek gemiye binmek \u00fczeredir. Onu u\u011furlamak \u00fczere etraf\u0131nda toplanan ada sakinleri, El Mustafa\u2019n\u0131n sevgi, \u00e7al\u0131\u015fma, ne\u015fe ve keder, su\u00e7 ve ceza, e\u011fitim, dostluk, ibadet ve \u00f6l\u00fcm gibi son derece \u00f6nemli kavramlar \u00fczerine konu\u015fmas\u0131n\u0131 isterler. Bu konu\u015fmalarda Orphalese halk\u0131 sorar, Ermi\u015f ise cevap verir._ Milyonlarca okura ula\u015fan Ermi\u015f, g\u00fcn\u00fcm\u00fczde de en \u00e7ok okunan kitaplardan biri olma \u00f6zelli\u011fini s\u00fcrd\u00fcr\u00fcyor. <\/p>\n","protected":false},"excerpt":{"rendered":"<p>Cibran\u2019\u0131n ilk kez 1923\u2019te yay\u0131mlanan ba\u015fyap\u0131t\u0131 Ermi\u015f, \u015fairane bir \u00fcslupla kaleme al\u0131nm\u0131\u015f felsefi, ruhani ve ilham verici denemeler b\u00fct\u00fcn\u00fcd\u00fcr. Ermi\u015f, El Mustafa isimli bilge bir adam\u0131n<span class=\"excerpt-hellip\"> [\u2026]<\/span><\/p>\n","protected":false},"featured_media":0,"template":"","meta":{"_monsterinsights_skip_tracking":false,"_monsterinsights_sitenote_active":false,"_monsterinsights_sitenote_note":"","_monsterinsights_sitenote_category":0},"product_brand":[],"product_cat":[19998,12388],"product_tag":[],"class_list":{"0":"post-712527","1":"product","2":"type-product","3":"status-publish","5":"product_cat-din-felsefesi","6":"product_cat-felsefe","7":"pa_cilt-ciltsiz","8":"pa_tur-kitap","9":"pa_yayinevi-indigo-kitap","10":"pa_yazar-halil-cibran","12":"first","13":"instock","14":"sale","15":"shipping-taxable","16":"purchasable","17":"product-type-simple"},"_links":{"self":[{"href":"https:\/\/roveyayinevi.com.tr\/index.php\/wp-json\/wp\/v2\/product\/712527","targetHints":{"allow":["GET"]}}],"collection":[{"href":"https:\/\/roveyayinevi.com.tr\/index.php\/wp-json\/wp\/v2\/product"}],"about":[{"href":"https:\/\/roveyayinevi.com.tr\/index.php\/wp-json\/wp\/v2\/types\/product"}],"wp:attachment":[{"href":"https:\/\/roveyayinevi.com.tr\/index.php\/wp-json\/wp\/v2\/media?parent=712527"}],"wp:term":[{"taxonomy":"product_brand","embeddable":true,"href":"https:\/\/roveyayinevi.com.tr\/index.php\/wp-json\/wp\/v2\/product_brand?post=712527"},{"taxonomy":"product_cat","embeddable":true,"href":"https:\/\/roveyayinevi.com.tr\/index.php\/wp-json\/wp\/v2\/product_cat?post=712527"},{"taxonomy":"product_tag","embeddable":true,"href":"https:\/\/roveyayinevi.com.tr\/index.php\/wp-json\/wp\/v2\/product_tag?post=712527"}],"curies":[{"name":"wp","href":"https:\/\/api.w.org\/{rel}","templated":true}]}}