{"id":712526,"date":"2025-08-27T16:57:03","date_gmt":"2025-08-27T13:57:03","guid":{"rendered":"https:\/\/roveyayinevi.com.tr\/index.php\/urun\/ermisin-bahcesi-2\/"},"modified":"2026-04-16T02:21:02","modified_gmt":"2026-04-15T23:21:02","slug":"ermisin-bahcesi-2","status":"publish","type":"product","link":"https:\/\/roveyayinevi.com.tr\/index.php\/urun\/ermisin-bahcesi-2\/","title":{"rendered":"Ermi\u015f&#8217;in Bah\u00e7esi"},"content":{"rendered":"<p>Halil Cibran\u2019\u0131n en sevilen eseri olan Ermi\u015f\u2019in devam\u0131 niteli\u011findeki Ermi\u015fin Bah\u00e7esi \u00f6l\u00fcm\u00fcnden sonra ilk kez 1933\u2019te yay\u0131mlanm\u0131\u015ft\u0131r. Vatan\u0131ndan on y\u0131ldan fazla s\u00fcredir ayr\u0131 kalm\u0131\u015f El Mustafa\u2019n\u0131n m\u00fcritleriyle yapt\u0131\u011f\u0131 sohbetleri konu alan Ermi\u015fin Bah\u00e7esi, Cibran\u2019\u0131n, mistik bir g\u00fczelli\u011fe sahip olan Do\u011fa Ana\u2019y\u0131 lirik bir tarzda kutsay\u0131\u015f\u0131n\u0131n hik\u00e2yesidir. El Mustafa bu kez de y\u0131llar sonra tekrar bir araya geldi\u011fi m\u00fcritlerine birbirinden \u00f6nemli kavramlar \u00fczerine nasihatler vermeye, onlarla mutlu ve bilin\u00e7li bir hayata nas\u0131l ula\u015f\u0131labilece\u011fini tart\u0131\u015fmaya devam ediyor. Ermi\u015fin Bah\u00e7esi e\u015fine zor rastlanacak bir g\u00f6r\u00fcng\u00fc, mistik bir filozof ve ayn\u0131 zamanda bir \u015fair olan Halil Cibran\u2019\u0131n edebiyat d\u00fcnyas\u0131na katt\u0131\u011f\u0131 bir klasik. <\/p>\n","protected":false},"excerpt":{"rendered":"<p>Halil Cibran\u2019\u0131n en sevilen eseri olan Ermi\u015f\u2019in devam\u0131 niteli\u011findeki Ermi\u015fin Bah\u00e7esi \u00f6l\u00fcm\u00fcnden sonra ilk kez 1933\u2019te yay\u0131mlanm\u0131\u015ft\u0131r. Vatan\u0131ndan on y\u0131ldan fazla s\u00fcredir ayr\u0131 kalm\u0131\u015f El Mustafa\u2019n\u0131n<span class=\"excerpt-hellip\"> [\u2026]<\/span><\/p>\n","protected":false},"featured_media":0,"template":"","meta":{"_monsterinsights_skip_tracking":false,"_monsterinsights_sitenote_active":false,"_monsterinsights_sitenote_note":"","_monsterinsights_sitenote_category":0},"product_brand":[],"product_cat":[19998,12388],"product_tag":[],"class_list":{"0":"post-712526","1":"product","2":"type-product","3":"status-publish","5":"product_cat-din-felsefesi","6":"product_cat-felsefe","7":"pa_cilt-ciltsiz","8":"pa_tur-kitap","9":"pa_yayinevi-indigo-kitap","10":"pa_yazar-halil-cibran","12":"first","13":"instock","14":"sale","15":"shipping-taxable","16":"purchasable","17":"product-type-simple"},"_links":{"self":[{"href":"https:\/\/roveyayinevi.com.tr\/index.php\/wp-json\/wp\/v2\/product\/712526","targetHints":{"allow":["GET"]}}],"collection":[{"href":"https:\/\/roveyayinevi.com.tr\/index.php\/wp-json\/wp\/v2\/product"}],"about":[{"href":"https:\/\/roveyayinevi.com.tr\/index.php\/wp-json\/wp\/v2\/types\/product"}],"wp:attachment":[{"href":"https:\/\/roveyayinevi.com.tr\/index.php\/wp-json\/wp\/v2\/media?parent=712526"}],"wp:term":[{"taxonomy":"product_brand","embeddable":true,"href":"https:\/\/roveyayinevi.com.tr\/index.php\/wp-json\/wp\/v2\/product_brand?post=712526"},{"taxonomy":"product_cat","embeddable":true,"href":"https:\/\/roveyayinevi.com.tr\/index.php\/wp-json\/wp\/v2\/product_cat?post=712526"},{"taxonomy":"product_tag","embeddable":true,"href":"https:\/\/roveyayinevi.com.tr\/index.php\/wp-json\/wp\/v2\/product_tag?post=712526"}],"curies":[{"name":"wp","href":"https:\/\/api.w.org\/{rel}","templated":true}]}}