{"id":712525,"date":"2025-08-27T16:57:03","date_gmt":"2025-08-27T13:57:03","guid":{"rendered":"https:\/\/roveyayinevi.com.tr\/index.php\/urun\/korku-6\/"},"modified":"2026-04-16T02:21:02","modified_gmt":"2026-04-15T23:21:02","slug":"korku-6","status":"publish","type":"product","link":"https:\/\/roveyayinevi.com.tr\/index.php\/urun\/korku-6\/","title":{"rendered":"Korku"},"content":{"rendered":"<p>Stefan Zweig\u2019\u0131n 1920\u2019de kaleme ald\u0131\u011f\u0131 ve bir kad\u0131n\u0131n duygular\u0131 \u00fczerine yazd\u0131\u011f\u0131, en etkili hik\u00e2yelerinden biri olan Korku, burjuva ya\u015fam\u0131n kap\u0131lar\u0131ndan girerek kad\u0131n erkek ili\u015fkilerini dramatik bir dille anlat\u0131yor okurlara. Korkunun insan ruhunu ad\u0131m ad\u0131m ele ge\u00e7irdi\u011fi hik\u00e2yede; utan\u00e7 duygusu, su\u00e7luluk ve \u00f6fkeyle dolup ta\u015fan bir kad\u0131n\u0131n d\u00fcnyas\u0131, en can al\u0131c\u0131 noktalar\u0131yla g\u00f6zler \u00f6n\u00fcne seriliyor. Varolu\u015fun sorgulanmas\u0131, kad\u0131n erkek ili\u015fkilerinin i\u00e7y\u00fcz\u00fc ve toplumsal bask\u0131lar\u0131n insanlar\u0131 nas\u0131l de\u011fi\u015ftirdi\u011fi Stefan Zweig\u2019\u0131n ger\u00e7ek\u00e7i ve detayc\u0131 \u00fcslubuyla Korku hik\u00e2yesinde ele al\u0131n\u0131yor. <\/p>\n","protected":false},"excerpt":{"rendered":"<p>Stefan Zweig\u2019\u0131n 1920\u2019de kaleme ald\u0131\u011f\u0131 ve bir kad\u0131n\u0131n duygular\u0131 \u00fczerine yazd\u0131\u011f\u0131, en etkili hik\u00e2yelerinden biri olan Korku, burjuva ya\u015fam\u0131n kap\u0131lar\u0131ndan girerek kad\u0131n erkek ili\u015fkilerini dramatik bir<span class=\"excerpt-hellip\"> [\u2026]<\/span><\/p>\n","protected":false},"featured_media":0,"template":"","meta":{"_monsterinsights_skip_tracking":false,"_monsterinsights_sitenote_active":false,"_monsterinsights_sitenote_note":"","_monsterinsights_sitenote_category":0},"product_brand":[],"product_cat":[12291,12711],"product_tag":[],"class_list":{"0":"post-712525","1":"product","2":"type-product","3":"status-publish","5":"product_cat-edebiyat","6":"product_cat-roman-oyku","7":"pa_cilt-ciltsiz","8":"pa_tur-kitap","9":"pa_yayinevi-indigo-kitap","10":"pa_yazar-stefan-zweig","12":"first","13":"instock","14":"sale","15":"shipping-taxable","16":"purchasable","17":"product-type-simple"},"_links":{"self":[{"href":"https:\/\/roveyayinevi.com.tr\/index.php\/wp-json\/wp\/v2\/product\/712525","targetHints":{"allow":["GET"]}}],"collection":[{"href":"https:\/\/roveyayinevi.com.tr\/index.php\/wp-json\/wp\/v2\/product"}],"about":[{"href":"https:\/\/roveyayinevi.com.tr\/index.php\/wp-json\/wp\/v2\/types\/product"}],"wp:attachment":[{"href":"https:\/\/roveyayinevi.com.tr\/index.php\/wp-json\/wp\/v2\/media?parent=712525"}],"wp:term":[{"taxonomy":"product_brand","embeddable":true,"href":"https:\/\/roveyayinevi.com.tr\/index.php\/wp-json\/wp\/v2\/product_brand?post=712525"},{"taxonomy":"product_cat","embeddable":true,"href":"https:\/\/roveyayinevi.com.tr\/index.php\/wp-json\/wp\/v2\/product_cat?post=712525"},{"taxonomy":"product_tag","embeddable":true,"href":"https:\/\/roveyayinevi.com.tr\/index.php\/wp-json\/wp\/v2\/product_tag?post=712525"}],"curies":[{"name":"wp","href":"https:\/\/api.w.org\/{rel}","templated":true}]}}