{"id":712524,"date":"2025-08-27T16:57:02","date_gmt":"2025-08-27T13:57:02","guid":{"rendered":"https:\/\/roveyayinevi.com.tr\/index.php\/urun\/mrs-dalloway-2\/"},"modified":"2026-04-16T02:21:02","modified_gmt":"2026-04-15T23:21:02","slug":"mrs-dalloway-2","status":"publish","type":"product","link":"https:\/\/roveyayinevi.com.tr\/index.php\/urun\/mrs-dalloway-2\/","title":{"rendered":"Mrs. Dalloway"},"content":{"rendered":"<p>Karakterlerin i\u00e7 ya\u015fam\u0131n\u0131n bilin\u00e7 ak\u0131\u015f\u0131 tekni\u011fiyle i\u00e7 i\u00e7e ge\u00e7ti\u011fi Mrs. Dalloway, okuyucuyu be\u015feri deneyimin, zaman ve mek\u00e2n\u0131n, delili\u011fin ve pi\u015fmanl\u0131\u011f\u0131n ke\u015ffiyle b\u00fcy\u00fcl\u00fcyor. _Zarif ve hayat dolu bir kad\u0131n olan Clarissa Dalloway verece\u011fi bir davete haz\u0131rlan\u0131rken, bir zamanlar hayat\u0131na giren ve \u00e7ok sevdi\u011fi insanlar\u0131 hat\u0131rlar. Sava\u015f sonras\u0131 bunal\u0131m\u0131 ya\u015fayan ve ak\u0131l sa\u011fl\u0131\u011f\u0131n\u0131 kaybetmek \u00fczere olan Septimus Warren Smith\u2019in en k\u00f6t\u00fc g\u00fcn\u00fc, Clarissa ve dostlar\u0131n\u0131n davete haz\u0131rland\u0131\u011f\u0131 g\u00fcnle i\u00e7 i\u00e7e ge\u00e7er. Davet g\u00f6z al\u0131c\u0131 bir seviyeye ula\u015f\u0131rken, s\u00f6z konusu ya\u015famlar ortak bir paydada bulu\u015fur. Haziran 1923\u2019\u00fcn son derece \u00f6nemli bir g\u00fcn\u00fc ge\u00e7mi\u015fi, g\u00fcnceli ve gelece\u011fi bir araya getirir. <\/p>\n","protected":false},"excerpt":{"rendered":"<p>Karakterlerin i\u00e7 ya\u015fam\u0131n\u0131n bilin\u00e7 ak\u0131\u015f\u0131 tekni\u011fiyle i\u00e7 i\u00e7e ge\u00e7ti\u011fi Mrs. Dalloway, okuyucuyu be\u015feri deneyimin, zaman ve mek\u00e2n\u0131n, delili\u011fin ve pi\u015fmanl\u0131\u011f\u0131n ke\u015ffiyle b\u00fcy\u00fcl\u00fcyor. _Zarif ve hayat dolu<span class=\"excerpt-hellip\"> [\u2026]<\/span><\/p>\n","protected":false},"featured_media":0,"template":"","meta":{"_monsterinsights_skip_tracking":false,"_monsterinsights_sitenote_active":false,"_monsterinsights_sitenote_note":"","_monsterinsights_sitenote_category":0},"product_brand":[],"product_cat":[12291,12711],"product_tag":[],"class_list":{"0":"post-712524","1":"product","2":"type-product","3":"status-publish","5":"product_cat-edebiyat","6":"product_cat-roman-oyku","7":"pa_cilt-ciltsiz","8":"pa_tur-kitap","9":"pa_yayinevi-indigo-kitap","10":"pa_yazar-virginia-woolf","12":"first","13":"instock","14":"sale","15":"shipping-taxable","16":"purchasable","17":"product-type-simple"},"_links":{"self":[{"href":"https:\/\/roveyayinevi.com.tr\/index.php\/wp-json\/wp\/v2\/product\/712524","targetHints":{"allow":["GET"]}}],"collection":[{"href":"https:\/\/roveyayinevi.com.tr\/index.php\/wp-json\/wp\/v2\/product"}],"about":[{"href":"https:\/\/roveyayinevi.com.tr\/index.php\/wp-json\/wp\/v2\/types\/product"}],"wp:attachment":[{"href":"https:\/\/roveyayinevi.com.tr\/index.php\/wp-json\/wp\/v2\/media?parent=712524"}],"wp:term":[{"taxonomy":"product_brand","embeddable":true,"href":"https:\/\/roveyayinevi.com.tr\/index.php\/wp-json\/wp\/v2\/product_brand?post=712524"},{"taxonomy":"product_cat","embeddable":true,"href":"https:\/\/roveyayinevi.com.tr\/index.php\/wp-json\/wp\/v2\/product_cat?post=712524"},{"taxonomy":"product_tag","embeddable":true,"href":"https:\/\/roveyayinevi.com.tr\/index.php\/wp-json\/wp\/v2\/product_tag?post=712524"}],"curies":[{"name":"wp","href":"https:\/\/api.w.org\/{rel}","templated":true}]}}