{"id":712522,"date":"2025-08-27T16:57:01","date_gmt":"2025-08-27T13:57:01","guid":{"rendered":"https:\/\/roveyayinevi.com.tr\/index.php\/urun\/birini-asacaklar-daragacindaki-medya\/"},"modified":"2025-10-06T04:27:13","modified_gmt":"2025-10-06T01:27:13","slug":"birini-asacaklar-daragacindaki-medya","status":"publish","type":"product","link":"https:\/\/roveyayinevi.com.tr\/index.php\/urun\/birini-asacaklar-daragacindaki-medya\/","title":{"rendered":"Birini Asacaklar, Dara\u011fac\u0131ndaki Medya"},"content":{"rendered":"<p>Bu kitapta s\u00f6yle\u015filerini \u2013aslen dertle\u015fmelerini- okuyaca\u011f\u0131n\u0131z insanlar; gazeteciler, yazarlar, \u00e7izerler, televizyoncular, son 15 y\u0131l\u0131 hep bu ihtimalin g\u00f6lgesinde ya\u015fad\u0131lar; \u201cBirini asacaklar!\u201d Ama kimi? Ya\u011fl\u0131 urgan\u0131n d\u00fc\u011f\u00fcmlenmeye haz\u0131rland\u0131\u011f\u0131 kalem kendilerininki mi; majestelerinin h\u0131nk deyicileri bu defa hangi \u201cduru\u015f\u201dun katline ferman verdi? S\u0131rf devri iktidarlar\u0131nda birilerinin ya\u011fdanl\u0131\u011f\u0131 olmad\u0131 diye kimin sandalyesine uzatmakta aya\u011f\u0131n\u0131 cellat? Ki zordur b\u00f6yle ya\u015famak. Buna ra\u011fmen bu kitapta okuyaca\u011f\u0131n\u0131z insanlar; gazeteciler, yazarlar, \u00e7izerler, televizyoncular do\u011fru bildiklerini s\u00f6ylemekten geri durmad\u0131lar. Bu kitapta kocaman bir Necati Do\u011fru var; Abidevi bir Melih A\u015f\u0131k var; Rahmi Turan var; ustal\u0131k yani&#8230; Emin \u00c7\u00f6la\u015fan var; mahallenin g\u00f6z\u00fc pek delikanl\u0131s\u0131 gibi&#8230; Can Atakl\u0131 var; co\u015fkun, ta\u015fk\u0131n, k\u00e2h sitemk\u00e2r, k\u00e2h hesab\u0131n alas\u0131n\u0131 sorar&#8230; R\u0131za Zelyut var; kronik \u201c\u00f6teki\u201dsi memleketin&#8230; Hikmet Bila var; i\u00e7tenlik&#8230;  Selam olsun ebedi makam\u0131na, bir Fatiha\u2019ya vesile olur belki merhumun ruhuna&#8230; Mehmet Fara\u00e7 var; kavruk Anadolu \u00e7ocuklar\u0131 ad\u0131na&#8230; Mesut Yar var; tebess\u00fcm\u00fcn \u015farlatanl\u0131kla lekelenmemi\u015f hali&#8230; Emre Ula\u015f var; naif ama k\u0131r\u0131lmaz bir \u00e7izgi&#8230; Oray E\u011fin var; \u00e7\u00fcnk\u00fc delilik de velili\u011fe dahil! C\u00fcneyt \u00dclsever var; namuslu liberal(!) Abbas G\u00fc\u00e7l\u00fc var; e\u011fitim \u015fart&#8230; Orhan Kolo\u011flu var; ya\u015fayan tarih, ya\u015fas\u0131n tarih&#8230; Ali Sirmen var; her laf\u0131 keskin b\u0131\u00e7ak&#8230; Mine K\u0131r\u0131kkanat var; hep ve hepten ayk\u0131r\u0131&#8230; Ahmet Hakan var; adap var, \u00fcslup var&#8230; Bekir Co\u015fkun var; tepeden t\u0131rna\u011fa \u201cinsan\u201d olabilme hali&#8230; Yal\u00e7\u0131n Bayer var; a\u011fabeylik makam\u0131nda&#8230; Levent K\u0131rca var; eh olmas\u0131n m\u0131 o kadar! Bu kitapta, medyan\u0131n,-\u00f6ncelerinden ve sonralar\u0131ndan ba\u011f\u0131ms\u0131z olarak- bir d\u00f6nemki y\u00fcz aklar\u0131 var. \u0130yi okumalar diliyoruz\u2026 <\/p>\n","protected":false},"excerpt":{"rendered":"<p>Bu kitapta s\u00f6yle\u015filerini \u2013aslen dertle\u015fmelerini- okuyaca\u011f\u0131n\u0131z insanlar; gazeteciler, yazarlar, \u00e7izerler, televizyoncular, son 15 y\u0131l\u0131 hep bu ihtimalin g\u00f6lgesinde ya\u015fad\u0131lar; \u201cBirini asacaklar!\u201d Ama kimi? Ya\u011fl\u0131 urgan\u0131n d\u00fc\u011f\u00fcmlenmeye<span class=\"excerpt-hellip\"> [\u2026]<\/span><\/p>\n","protected":false},"featured_media":0,"template":"","meta":{"_monsterinsights_skip_tracking":false,"_monsterinsights_sitenote_active":false,"_monsterinsights_sitenote_note":"","_monsterinsights_sitenote_category":0},"product_brand":[],"product_cat":[15983,13488],"product_tag":[],"class_list":{"0":"post-712522","1":"product","2":"type-product","3":"status-publish","5":"product_cat-iletisim-ve-medya","6":"product_cat-toplum-ve-insan","7":"pa_cilt-ciltsiz","8":"pa_tur-kitap","9":"pa_yayinevi-galeati-yayincilik","10":"pa_yazar-selcan-tasci","12":"first","13":"instock","14":"sale","15":"shipping-taxable","16":"purchasable","17":"product-type-simple"},"_links":{"self":[{"href":"https:\/\/roveyayinevi.com.tr\/index.php\/wp-json\/wp\/v2\/product\/712522","targetHints":{"allow":["GET"]}}],"collection":[{"href":"https:\/\/roveyayinevi.com.tr\/index.php\/wp-json\/wp\/v2\/product"}],"about":[{"href":"https:\/\/roveyayinevi.com.tr\/index.php\/wp-json\/wp\/v2\/types\/product"}],"wp:attachment":[{"href":"https:\/\/roveyayinevi.com.tr\/index.php\/wp-json\/wp\/v2\/media?parent=712522"}],"wp:term":[{"taxonomy":"product_brand","embeddable":true,"href":"https:\/\/roveyayinevi.com.tr\/index.php\/wp-json\/wp\/v2\/product_brand?post=712522"},{"taxonomy":"product_cat","embeddable":true,"href":"https:\/\/roveyayinevi.com.tr\/index.php\/wp-json\/wp\/v2\/product_cat?post=712522"},{"taxonomy":"product_tag","embeddable":true,"href":"https:\/\/roveyayinevi.com.tr\/index.php\/wp-json\/wp\/v2\/product_tag?post=712522"}],"curies":[{"name":"wp","href":"https:\/\/api.w.org\/{rel}","templated":true}]}}