{"id":712520,"date":"2025-08-27T16:57:00","date_gmt":"2025-08-27T13:57:00","guid":{"rendered":"https:\/\/roveyayinevi.com.tr\/index.php\/urun\/elif-ciftlikte-ilk-okuma-kitabim\/"},"modified":"2026-04-16T02:21:01","modified_gmt":"2026-04-15T23:21:01","slug":"elif-ciftlikte-ilk-okuma-kitabim","status":"publish","type":"product","link":"https:\/\/roveyayinevi.com.tr\/index.php\/urun\/elif-ciftlikte-ilk-okuma-kitabim\/","title":{"rendered":"Elif \u00c7iftlikte &#8211; \u0130lk Okuma Kitab\u0131m"},"content":{"rendered":"<p>Elif tatilini bir \u00e7iftlikte ge\u00e7irece\u011fi i\u00e7in \u00e7ok heyecanl\u0131yd\u0131. \u00c7iftli\u011fe gider gitmez, annesinin arkada\u015f\u0131n\u0131n k\u0131z\u0131yla arkada\u015f oldu. Yeni arkada\u015f\u0131 Elif\u2019e \u00e7iftli\u011fi gezdirdi. Elif \u00e7iftlikte ya\u015fayan tavuklar\u0131, tav\u015fanlar\u0131, inekleri, koyunlar\u0131 ve di\u011fer hayvanlar\u0131 \u00e7ok sevdi. Her sabah i\u00e7ti\u011fi s\u00fct\u00fcn sofraya nas\u0131l geldi\u011fini \u00f6\u011frendi, hatta inekten s\u00fct bile sa\u011fd\u0131! \ufffcTan\u0131t\u0131m Metni<\/p>\n","protected":false},"excerpt":{"rendered":"<p>Elif tatilini bir \u00e7iftlikte ge\u00e7irece\u011fi i\u00e7in \u00e7ok heyecanl\u0131yd\u0131. \u00c7iftli\u011fe gider gitmez, annesinin arkada\u015f\u0131n\u0131n k\u0131z\u0131yla arkada\u015f oldu. Yeni arkada\u015f\u0131 Elif\u2019e \u00e7iftli\u011fi gezdirdi. Elif \u00e7iftlikte ya\u015fayan tavuklar\u0131, tav\u015fanlar\u0131,<span class=\"excerpt-hellip\"> [\u2026]<\/span><\/p>\n","protected":false},"featured_media":0,"template":"","meta":{"_monsterinsights_skip_tracking":false,"_monsterinsights_sitenote_active":false,"_monsterinsights_sitenote_note":"","_monsterinsights_sitenote_category":0},"product_brand":[],"product_cat":[12274,12518],"product_tag":[],"class_list":{"0":"post-712520","1":"product","2":"type-product","3":"status-publish","5":"product_cat-cocuk-ve-genclik-kitaplari","6":"product_cat-okul-oncesi-kitaplar","7":"pa_cilt-ciltsiz","8":"pa_tur-kitap","9":"pa_yayinevi-is-bankasi-kultur-yayinlari","10":"pa_yazar-liane-schneider","12":"first","13":"instock","14":"sale","15":"shipping-taxable","16":"purchasable","17":"product-type-simple"},"_links":{"self":[{"href":"https:\/\/roveyayinevi.com.tr\/index.php\/wp-json\/wp\/v2\/product\/712520","targetHints":{"allow":["GET"]}}],"collection":[{"href":"https:\/\/roveyayinevi.com.tr\/index.php\/wp-json\/wp\/v2\/product"}],"about":[{"href":"https:\/\/roveyayinevi.com.tr\/index.php\/wp-json\/wp\/v2\/types\/product"}],"wp:attachment":[{"href":"https:\/\/roveyayinevi.com.tr\/index.php\/wp-json\/wp\/v2\/media?parent=712520"}],"wp:term":[{"taxonomy":"product_brand","embeddable":true,"href":"https:\/\/roveyayinevi.com.tr\/index.php\/wp-json\/wp\/v2\/product_brand?post=712520"},{"taxonomy":"product_cat","embeddable":true,"href":"https:\/\/roveyayinevi.com.tr\/index.php\/wp-json\/wp\/v2\/product_cat?post=712520"},{"taxonomy":"product_tag","embeddable":true,"href":"https:\/\/roveyayinevi.com.tr\/index.php\/wp-json\/wp\/v2\/product_tag?post=712520"}],"curies":[{"name":"wp","href":"https:\/\/api.w.org\/{rel}","templated":true}]}}