{"id":712518,"date":"2025-08-27T16:56:59","date_gmt":"2025-08-27T13:56:59","guid":{"rendered":"https:\/\/roveyayinevi.com.tr\/index.php\/urun\/frankie-foster-buyuk-kargasa\/"},"modified":"2025-08-31T15:21:35","modified_gmt":"2025-08-31T12:21:35","slug":"frankie-foster-buyuk-kargasa","status":"publish","type":"product","link":"https:\/\/roveyayinevi.com.tr\/index.php\/urun\/frankie-foster-buyuk-kargasa\/","title":{"rendered":"Frankie Foster &#8211; B\u00fcy\u00fck Karga\u015fa"},"content":{"rendered":"<p>Frankie Foster, insanlara yard\u0131m etmeyi \u00e7ok seviyor. Yard\u0131m \u00e7abas\u0131 her zaman ho\u015f kar\u015f\u0131lanm\u0131yor olabilir, hatta kimi zaman ba\u015f\u0131na hi\u00e7 de k\u00fc\u00e7\u00fck olmayan sorunlar a\u00e7\u0131l\u0131yor, ama Frankie daima sorunlar\u0131n \u00fcst\u00fcnden gelmeyi ba\u015far\u0131r\u2026 er ya da ge\u00e7! En iyi dostu Skye durduk yerde tuhaf davranmaya ba\u015flay\u0131nca, Frankie neler olup bitti\u011fini \u00f6\u011frenmeyi kafas\u0131na koyuyor&#8230; Dostu i\u00e7in korkun\u00e7 s\u00fcrprizlerle kar\u015f\u0131la\u015fmay\u0131 bile g\u00f6ze al\u0131yor! <\/p>\n","protected":false},"excerpt":{"rendered":"<p>Frankie Foster, insanlara yard\u0131m etmeyi \u00e7ok seviyor. Yard\u0131m \u00e7abas\u0131 her zaman ho\u015f kar\u015f\u0131lanm\u0131yor olabilir, hatta kimi zaman ba\u015f\u0131na hi\u00e7 de k\u00fc\u00e7\u00fck olmayan sorunlar a\u00e7\u0131l\u0131yor, ama Frankie<span class=\"excerpt-hellip\"> [\u2026]<\/span><\/p>\n","protected":false},"featured_media":0,"template":"","meta":{"_monsterinsights_skip_tracking":false,"_monsterinsights_sitenote_active":false,"_monsterinsights_sitenote_note":"","_monsterinsights_sitenote_category":0},"product_brand":[],"product_cat":[12275,12274],"product_tag":[],"class_list":{"0":"post-712518","1":"product","2":"type-product","3":"status-publish","5":"product_cat-6-12-yas-kitaplari","6":"product_cat-cocuk-ve-genclik-kitaplari","7":"pa_cilt-ciltsiz","8":"pa_tur-kitap","9":"pa_yayinevi-is-bankasi-kultur-yayinlari","10":"pa_yazar-jean-ure","12":"first","13":"instock","14":"sale","15":"shipping-taxable","16":"purchasable","17":"product-type-simple"},"_links":{"self":[{"href":"https:\/\/roveyayinevi.com.tr\/index.php\/wp-json\/wp\/v2\/product\/712518","targetHints":{"allow":["GET"]}}],"collection":[{"href":"https:\/\/roveyayinevi.com.tr\/index.php\/wp-json\/wp\/v2\/product"}],"about":[{"href":"https:\/\/roveyayinevi.com.tr\/index.php\/wp-json\/wp\/v2\/types\/product"}],"wp:attachment":[{"href":"https:\/\/roveyayinevi.com.tr\/index.php\/wp-json\/wp\/v2\/media?parent=712518"}],"wp:term":[{"taxonomy":"product_brand","embeddable":true,"href":"https:\/\/roveyayinevi.com.tr\/index.php\/wp-json\/wp\/v2\/product_brand?post=712518"},{"taxonomy":"product_cat","embeddable":true,"href":"https:\/\/roveyayinevi.com.tr\/index.php\/wp-json\/wp\/v2\/product_cat?post=712518"},{"taxonomy":"product_tag","embeddable":true,"href":"https:\/\/roveyayinevi.com.tr\/index.php\/wp-json\/wp\/v2\/product_tag?post=712518"}],"curies":[{"name":"wp","href":"https:\/\/api.w.org\/{rel}","templated":true}]}}