{"id":712517,"date":"2025-08-27T16:56:58","date_gmt":"2025-08-27T13:56:58","guid":{"rendered":"https:\/\/roveyayinevi.com.tr\/index.php\/urun\/eline-saglik-annecigim\/"},"modified":"2026-04-16T02:21:01","modified_gmt":"2026-04-15T23:21:01","slug":"eline-saglik-annecigim","status":"publish","type":"product","link":"https:\/\/roveyayinevi.com.tr\/index.php\/urun\/eline-saglik-annecigim\/","title":{"rendered":"Eline Sa\u011fl\u0131k Anneci\u011fim"},"content":{"rendered":"<p>\u201cBebekler i\u00e7in kat\u0131 g\u0131daya ge\u00e7i\u015f\u201d hakk\u0131nda merak ettiklerinizi bulabilece\u011finiz bir ba\u015fvuru kayna\u011f\u0131 niteli\u011findeki bu kitapta bebe\u011finizin 5. ay\u0131ndan itibaren ona her \u00f6\u011f\u00fcnde ne haz\u0131rlayaca\u011f\u0131n\u0131z sorusunun yan\u0131t\u0131 pratik tariflerle veriliyor.Eline Sa\u011fl\u0131k Anneci\u011fim\u2019de Akdeniz, Ege, T\u00fcrk ve d\u00fcnya mutfaklar\u0131ndan \u00f6rneklerle yazar Zeynep K\u00f6ksal Yayk\u0131ran&#8217;\u0131n kendi tarifleri yer al\u0131yor. Eser her \u00f6\u011f\u00fcn i\u00e7in d\u00fczenlenmi\u015f haftal\u0131k ve ayl\u0131k \u00f6rnek m\u00f6n\u00fclerle sizi &#8220;Bug\u00fcn ne pi\u015firsem?&#8221; derdinden de kurtar\u0131yor.Yayk\u0131ran bebeklerini memeden mamaya ge\u00e7irirken yapt\u0131\u011f\u0131 yemekleri, uygulad\u0131\u011f\u0131 teknikleri ve tecr\u00fcbelerini detaylar\u0131yla aktar\u0131yor. Meyve ve sebze p\u00fcreleriyle ba\u015flayan tarifler, bebe\u011finizin ya\u015f\u0131 ilerledik\u00e7e \u00e7ocuk ve yeti\u015fkin yemeklerine, t\u00fcm ailenin afiyetle yiyece\u011fi hafif, besleyici ve sa\u011fl\u0131kl\u0131 bir mutfa\u011fa d\u00f6n\u00fc\u015f\u00fcyor.\u00c7ocu\u011funuzun sa\u011fl\u0131kl\u0131 ve dengeli beslenmesini sa\u011flayabilece\u011finiz pi\u015firme teknikleri kullan\u0131lan bu pratik ve lezzetli yemekler rehberi mutfak tezg\u00e2h\u0131n\u0131z\u0131n vazge\u00e7ilmezi olacak. \u00dcstelik sat\u0131n ald\u0131\u011f\u0131n\u0131z her kitapla imk\u00e2n\u0131 k\u0131s\u0131tl\u0131 \u00fcniversite \u00f6\u011frencilerine burs veren K\u00f6ksal E\u011fitim Vakf\u0131&#8217;na da destek sa\u011flam\u0131\u015f olacaks\u0131n\u0131z.Bebeklerinize ve t\u00fcm ailenize afiyet, bal, \u015feker olsun. <\/p>\n","protected":false},"excerpt":{"rendered":"<p>\u201cBebekler i\u00e7in kat\u0131 g\u0131daya ge\u00e7i\u015f\u201d hakk\u0131nda merak ettiklerinizi bulabilece\u011finiz bir ba\u015fvuru kayna\u011f\u0131 niteli\u011findeki bu kitapta bebe\u011finizin 5. ay\u0131ndan itibaren ona her \u00f6\u011f\u00fcnde ne haz\u0131rlayaca\u011f\u0131n\u0131z sorusunun yan\u0131t\u0131<span class=\"excerpt-hellip\"> [\u2026]<\/span><\/p>\n","protected":false},"featured_media":0,"template":"","meta":{"_monsterinsights_skip_tracking":false,"_monsterinsights_sitenote_active":false,"_monsterinsights_sitenote_note":"","_monsterinsights_sitenote_category":0},"product_brand":[],"product_cat":[12458,12457],"product_tag":[],"class_list":{"0":"post-712517","1":"product","2":"type-product","3":"status-publish","5":"product_cat-turk-mutfagi","6":"product_cat-yemek-kitaplari","7":"pa_cilt-ciltsiz","8":"pa_tur-kitap","9":"pa_yayinevi-is-bankasi-kultur-yayinlari","10":"pa_yazar-zeynep-koksal-taykiran","12":"first","13":"instock","14":"sale","15":"shipping-taxable","16":"purchasable","17":"product-type-simple"},"_links":{"self":[{"href":"https:\/\/roveyayinevi.com.tr\/index.php\/wp-json\/wp\/v2\/product\/712517","targetHints":{"allow":["GET"]}}],"collection":[{"href":"https:\/\/roveyayinevi.com.tr\/index.php\/wp-json\/wp\/v2\/product"}],"about":[{"href":"https:\/\/roveyayinevi.com.tr\/index.php\/wp-json\/wp\/v2\/types\/product"}],"wp:attachment":[{"href":"https:\/\/roveyayinevi.com.tr\/index.php\/wp-json\/wp\/v2\/media?parent=712517"}],"wp:term":[{"taxonomy":"product_brand","embeddable":true,"href":"https:\/\/roveyayinevi.com.tr\/index.php\/wp-json\/wp\/v2\/product_brand?post=712517"},{"taxonomy":"product_cat","embeddable":true,"href":"https:\/\/roveyayinevi.com.tr\/index.php\/wp-json\/wp\/v2\/product_cat?post=712517"},{"taxonomy":"product_tag","embeddable":true,"href":"https:\/\/roveyayinevi.com.tr\/index.php\/wp-json\/wp\/v2\/product_tag?post=712517"}],"curies":[{"name":"wp","href":"https:\/\/api.w.org\/{rel}","templated":true}]}}