{"id":712513,"date":"2025-08-27T16:56:56","date_gmt":"2025-08-27T13:56:56","guid":{"rendered":"https:\/\/roveyayinevi.com.tr\/index.php\/urun\/misafir-kizlar-uzunyayladan-cerkes-hikayeleri\/"},"modified":"2026-04-16T02:21:01","modified_gmt":"2026-04-15T23:21:01","slug":"misafir-kizlar-uzunyayladan-cerkes-hikayeleri","status":"publish","type":"product","link":"https:\/\/roveyayinevi.com.tr\/index.php\/urun\/misafir-kizlar-uzunyayladan-cerkes-hikayeleri\/","title":{"rendered":"Misafir K\u0131zlar &#8211; Uzunyayla&#8217;dan \u00c7erkes Hikayeleri"},"content":{"rendered":"<p>\u201cOradan kovulduk yavrum\u2026\u201d  dedi. \u201cHeuk\u2019u elimizden ald\u0131lar.\u201d \u00c7erkeslerin T\u00fcrkiye\u2019deki varl\u0131klar\u0131 hazin bir hik\u00e2yedir. On y\u0131llarca devam eden sava\u015f, sava\u015f\u0131n getirdi\u011fi y\u0131k\u0131m ve \u00f6l\u00fcm\u2026 Ard\u0131ndan s\u00fcrg\u00fcn ve Kafkasya\u2019dan Osmanl\u0131\u2019n\u0131n d\u00f6rt bir yan\u0131na savrulan aileler\u2026 Hi\u00e7 bilmedikleri topraklarda verdikleri ya\u015fam m\u00fccadelesi\u2026 Bu kitapta 1864 \u00c7erkes S\u00fcrg\u00fcn\u00fc\u2019yle Osmanl\u0131 topraklar\u0131na gelerek Orta Anadolu\u2019da bulunan Uzunyayla Platosu\u2019nda isk\u00e2n edilen \u00c7erkeslerin hik\u00e2yelerini bulacaks\u0131n\u0131z. 150 y\u0131ldan uzun s\u00fcren s\u00fcrg\u00fcn ya\u015famlar\u0131nda nesiller boyunca unutmad\u0131klar\u0131 anavatanlar\u0131, dilleri ve k\u00fclt\u00fcrleri ile \u00c7erkeslerin kendilerine \u00f6zg\u00fc d\u00fcnyalar\u0131nda nostaljik bir gezintiye \u00e7\u0131kacak; g\u00fcnl\u00fck ya\u015famlar\u0131ndan ilgin\u00e7 kesitler okuyacaks\u0131n\u0131z. <\/p>\n","protected":false},"excerpt":{"rendered":"<p>\u201cOradan kovulduk yavrum\u2026\u201d dedi. \u201cHeuk\u2019u elimizden ald\u0131lar.\u201d \u00c7erkeslerin T\u00fcrkiye\u2019deki varl\u0131klar\u0131 hazin bir hik\u00e2yedir. On y\u0131llarca devam eden sava\u015f, sava\u015f\u0131n getirdi\u011fi y\u0131k\u0131m ve \u00f6l\u00fcm\u2026 Ard\u0131ndan s\u00fcrg\u00fcn ve<span class=\"excerpt-hellip\"> [\u2026]<\/span><\/p>\n","protected":false},"featured_media":0,"template":"","meta":{"_monsterinsights_skip_tracking":false,"_monsterinsights_sitenote_active":false,"_monsterinsights_sitenote_note":"","_monsterinsights_sitenote_category":0},"product_brand":[],"product_cat":[12291,12711],"product_tag":[],"class_list":{"0":"post-712513","1":"product","2":"type-product","3":"status-publish","5":"product_cat-edebiyat","6":"product_cat-roman-oyku","7":"pa_cilt-ciltsiz","8":"pa_tur-kitap","9":"pa_yayinevi-koyusiyah-kitap","10":"pa_yazar-erol-gergin","12":"first","13":"instock","14":"sale","15":"shipping-taxable","16":"purchasable","17":"product-type-simple"},"_links":{"self":[{"href":"https:\/\/roveyayinevi.com.tr\/index.php\/wp-json\/wp\/v2\/product\/712513","targetHints":{"allow":["GET"]}}],"collection":[{"href":"https:\/\/roveyayinevi.com.tr\/index.php\/wp-json\/wp\/v2\/product"}],"about":[{"href":"https:\/\/roveyayinevi.com.tr\/index.php\/wp-json\/wp\/v2\/types\/product"}],"wp:attachment":[{"href":"https:\/\/roveyayinevi.com.tr\/index.php\/wp-json\/wp\/v2\/media?parent=712513"}],"wp:term":[{"taxonomy":"product_brand","embeddable":true,"href":"https:\/\/roveyayinevi.com.tr\/index.php\/wp-json\/wp\/v2\/product_brand?post=712513"},{"taxonomy":"product_cat","embeddable":true,"href":"https:\/\/roveyayinevi.com.tr\/index.php\/wp-json\/wp\/v2\/product_cat?post=712513"},{"taxonomy":"product_tag","embeddable":true,"href":"https:\/\/roveyayinevi.com.tr\/index.php\/wp-json\/wp\/v2\/product_tag?post=712513"}],"curies":[{"name":"wp","href":"https:\/\/api.w.org\/{rel}","templated":true}]}}