{"id":712512,"date":"2025-08-27T16:56:56","date_gmt":"2025-08-27T13:56:56","guid":{"rendered":"https:\/\/roveyayinevi.com.tr\/index.php\/urun\/en-guzel-ulke\/"},"modified":"2026-04-16T02:21:01","modified_gmt":"2026-04-15T23:21:01","slug":"en-guzel-ulke","status":"publish","type":"product","link":"https:\/\/roveyayinevi.com.tr\/index.php\/urun\/en-guzel-ulke\/","title":{"rendered":"En G\u00fczel \u00dclke"},"content":{"rendered":"<p>Dedim ki: \u201c\u015eimdi hayvanlar laz\u0131m.\u201d Ka\u011f\u0131ttan ku\u015flar, y\u00fcnden tav\u015fanlar, ke\u00e7eden kedi ve k\u00f6pekler yapt\u0131m. T\u00fcyl\u00fc ay\u0131lar, \u00e7izgili leoparlar, ate\u015f kusan pullu ejderhalar yapt\u0131m. Sonra dedim ki: \u201c\u0130nsanlar laz\u0131m.\u201d Y\u00fczler, eller, dudaklar, di\u015fler ve diller yapt\u0131m. Onlar\u0131 giydirdim, peruk takt\u0131m, akci\u011ferlerine hava \u00fcfledim. \u0130nsanlara bakt\u0131m, hayvanlara bakt\u0131m ve topra\u011fa bakt\u0131m. G\u00fczel olduklar\u0131n\u0131 g\u00f6rd\u00fcm.   Desmond Elliot En \u0130yi \u0130lk Kitap \u00d6d\u00fcl\u00fc \u201cY\u0131l\u0131n Kitab\u0131\u201d Guardian     Hi\u00e7 g\u00f6rmedi\u011fi annesinden kalma e\u015fyalarla dolu bir evde, dindar babas\u0131yla ya\u015fayan k\u00fc\u00e7\u00fck Judith, d\u00fcnyaya bamba\u015fka g\u00f6zlerle bakmakta, ba\u015fkalar\u0131n\u0131n \u00f6nemsiz buldu\u011fu \u015feylerde olas\u0131l\u0131klar g\u00f6rmektedir. Okulda zorbal\u0131\u011fa maruz kalan k\u00fc\u00e7\u00fck k\u0131z, teselliyi kendine ait g\u00fczel bir yer yaratmakta bulur. Aynadan deniz, ke\u00e7eden tarlalar, \u00e7aputtan da\u011flar, tel par\u00e7alar\u0131ndan insanlar, hayvanlar yapar&#8230; Ve bu minyat\u00fcr d\u00fcnyaya En G\u00fczel \u00dclke ad\u0131n\u0131 verir. \u201cBelki,\u201d der, \u201c\u00fclkemde kar ya\u011fd\u0131r\u0131rsam d\u0131\u015far\u0131da da ya\u011far, pazartesi okula gitmek zorunda kalmam.\u201d \u00d6yle de olur. En G\u00fczel \u00dclke\u2019de ba\u015flayan kar, kasabaya \u00e7\u00f6ker. Her eylemin sonu\u00e7lar\u0131 varken, mucizelerin olmaz m\u0131?   \u201cBu roman kendi i\u00e7inde k\u00fc\u00e7\u00fck bir mucize.\u201d Daily Mail <\/p>\n","protected":false},"excerpt":{"rendered":"<p>Dedim ki: \u201c\u015eimdi hayvanlar laz\u0131m.\u201d Ka\u011f\u0131ttan ku\u015flar, y\u00fcnden tav\u015fanlar, ke\u00e7eden kedi ve k\u00f6pekler yapt\u0131m. T\u00fcyl\u00fc ay\u0131lar, \u00e7izgili leoparlar, ate\u015f kusan pullu ejderhalar yapt\u0131m. Sonra dedim ki:<span class=\"excerpt-hellip\"> [\u2026]<\/span><\/p>\n","protected":false},"featured_media":0,"template":"","meta":{"_monsterinsights_skip_tracking":false,"_monsterinsights_sitenote_active":false,"_monsterinsights_sitenote_note":"","_monsterinsights_sitenote_category":0},"product_brand":[],"product_cat":[12291,12711],"product_tag":[],"class_list":{"0":"post-712512","1":"product","2":"type-product","3":"status-publish","5":"product_cat-edebiyat","6":"product_cat-roman-oyku","7":"pa_cilt-ciltsiz","8":"pa_tur-kitap","9":"pa_yayinevi-domingo-yayinevi","10":"pa_yazar-grace-mccleen","12":"first","13":"instock","14":"sale","15":"shipping-taxable","16":"purchasable","17":"product-type-simple"},"_links":{"self":[{"href":"https:\/\/roveyayinevi.com.tr\/index.php\/wp-json\/wp\/v2\/product\/712512","targetHints":{"allow":["GET"]}}],"collection":[{"href":"https:\/\/roveyayinevi.com.tr\/index.php\/wp-json\/wp\/v2\/product"}],"about":[{"href":"https:\/\/roveyayinevi.com.tr\/index.php\/wp-json\/wp\/v2\/types\/product"}],"wp:attachment":[{"href":"https:\/\/roveyayinevi.com.tr\/index.php\/wp-json\/wp\/v2\/media?parent=712512"}],"wp:term":[{"taxonomy":"product_brand","embeddable":true,"href":"https:\/\/roveyayinevi.com.tr\/index.php\/wp-json\/wp\/v2\/product_brand?post=712512"},{"taxonomy":"product_cat","embeddable":true,"href":"https:\/\/roveyayinevi.com.tr\/index.php\/wp-json\/wp\/v2\/product_cat?post=712512"},{"taxonomy":"product_tag","embeddable":true,"href":"https:\/\/roveyayinevi.com.tr\/index.php\/wp-json\/wp\/v2\/product_tag?post=712512"}],"curies":[{"name":"wp","href":"https:\/\/api.w.org\/{rel}","templated":true}]}}