{"id":712511,"date":"2025-08-27T16:56:55","date_gmt":"2025-08-27T13:56:55","guid":{"rendered":"https:\/\/roveyayinevi.com.tr\/index.php\/urun\/teonun-hayati-3-biri-korkunc-mu-dedi\/"},"modified":"2026-04-16T02:21:01","modified_gmt":"2026-04-15T23:21:01","slug":"teonun-hayati-3-biri-korkunc-mu-dedi","status":"publish","type":"product","link":"https:\/\/roveyayinevi.com.tr\/index.php\/urun\/teonun-hayati-3-biri-korkunc-mu-dedi\/","title":{"rendered":"Teo&#8217;nun Hayat\u0131 3 &#8211; Biri Korkun\u00e7 mu Dedi?"},"content":{"rendered":"<p>Bazen insan \u00e7ok korkuyor! En \u00e7ok da bilmedi\u011fimiz \u015feyler bize korkutucu geliyor. Teo\u2019nun Hayat\u0131 dizisinin \u00fc\u00e7\u00fcnc\u00fc kitab\u0131 \u2018Bu Ah\u015fap Ev \u00c7ok Korkun\u00e7\u2019ta Teo biraz endi\u015feli! Belki bazen senin de hissetti\u011fin gibi&#8230; <\/p>\n","protected":false},"excerpt":{"rendered":"<p>Bazen insan \u00e7ok korkuyor! En \u00e7ok da bilmedi\u011fimiz \u015feyler bize korkutucu geliyor. Teo\u2019nun Hayat\u0131 dizisinin \u00fc\u00e7\u00fcnc\u00fc kitab\u0131 \u2018Bu Ah\u015fap Ev \u00c7ok Korkun\u00e7\u2019ta Teo biraz endi\u015feli! Belki<span class=\"excerpt-hellip\"> [\u2026]<\/span><\/p>\n","protected":false},"featured_media":0,"template":"","meta":{"_monsterinsights_skip_tracking":false,"_monsterinsights_sitenote_active":false,"_monsterinsights_sitenote_note":"","_monsterinsights_sitenote_category":0},"product_brand":[],"product_cat":[12275,12274],"product_tag":[],"class_list":{"0":"post-712511","1":"product","2":"type-product","3":"status-publish","5":"product_cat-6-12-yas-kitaplari","6":"product_cat-cocuk-ve-genclik-kitaplari","7":"pa_cilt-ciltsiz","8":"pa_tur-kitap","9":"pa_yayinevi-mandolin-yayinlari","10":"pa_yazar-kemal-gokhan-gurses","12":"first","13":"instock","14":"sale","15":"shipping-taxable","16":"purchasable","17":"product-type-simple"},"_links":{"self":[{"href":"https:\/\/roveyayinevi.com.tr\/index.php\/wp-json\/wp\/v2\/product\/712511","targetHints":{"allow":["GET"]}}],"collection":[{"href":"https:\/\/roveyayinevi.com.tr\/index.php\/wp-json\/wp\/v2\/product"}],"about":[{"href":"https:\/\/roveyayinevi.com.tr\/index.php\/wp-json\/wp\/v2\/types\/product"}],"wp:attachment":[{"href":"https:\/\/roveyayinevi.com.tr\/index.php\/wp-json\/wp\/v2\/media?parent=712511"}],"wp:term":[{"taxonomy":"product_brand","embeddable":true,"href":"https:\/\/roveyayinevi.com.tr\/index.php\/wp-json\/wp\/v2\/product_brand?post=712511"},{"taxonomy":"product_cat","embeddable":true,"href":"https:\/\/roveyayinevi.com.tr\/index.php\/wp-json\/wp\/v2\/product_cat?post=712511"},{"taxonomy":"product_tag","embeddable":true,"href":"https:\/\/roveyayinevi.com.tr\/index.php\/wp-json\/wp\/v2\/product_tag?post=712511"}],"curies":[{"name":"wp","href":"https:\/\/api.w.org\/{rel}","templated":true}]}}