{"id":712510,"date":"2025-08-27T16:56:54","date_gmt":"2025-08-27T13:56:54","guid":{"rendered":"https:\/\/roveyayinevi.com.tr\/index.php\/urun\/teonun-hayati-2-hayatimda-boyle-bir-sey-gormedim\/"},"modified":"2026-04-16T02:21:01","modified_gmt":"2026-04-15T23:21:01","slug":"teonun-hayati-2-hayatimda-boyle-bir-sey-gormedim","status":"publish","type":"product","link":"https:\/\/roveyayinevi.com.tr\/index.php\/urun\/teonun-hayati-2-hayatimda-boyle-bir-sey-gormedim\/","title":{"rendered":"Teo&#8217;nun Hayat\u0131 2 &#8211; Hayat\u0131mda B\u00f6yle Bir \u015eey G\u00f6rmedim!"},"content":{"rendered":"<p>Ne yani, \u00e7ocuklar\u0131naras\u0131rak\u0131zg\u0131nolmayahakk\u0131yok mu? Teo\u2019nun Hayat\u0131 dizisinin ikinci kitab\u0131 \u2018Hayat\u0131mda B\u00f6yle Bir Sey  G\u00f6rmedim\u2019deTeo biraz k\u0131zg\u0131n! Belki bazen senin de hissetti\u011fin gibi&#8230; <\/p>\n","protected":false},"excerpt":{"rendered":"<p>Ne yani, \u00e7ocuklar\u0131naras\u0131rak\u0131zg\u0131nolmayahakk\u0131yok mu? Teo\u2019nun Hayat\u0131 dizisinin ikinci kitab\u0131 \u2018Hayat\u0131mda B\u00f6yle Bir Sey G\u00f6rmedim\u2019deTeo biraz k\u0131zg\u0131n! Belki bazen senin de hissetti\u011fin gibi&#8230;<\/p>\n","protected":false},"featured_media":0,"template":"","meta":{"_monsterinsights_skip_tracking":false,"_monsterinsights_sitenote_active":false,"_monsterinsights_sitenote_note":"","_monsterinsights_sitenote_category":0},"product_brand":[],"product_cat":[12275,12274],"product_tag":[],"class_list":{"0":"post-712510","1":"product","2":"type-product","3":"status-publish","5":"product_cat-6-12-yas-kitaplari","6":"product_cat-cocuk-ve-genclik-kitaplari","7":"pa_cilt-ciltsiz","8":"pa_tur-kitap","9":"pa_yayinevi-mandolin-yayinlari","10":"pa_yazar-kemal-gokhan-gurses","12":"first","13":"instock","14":"sale","15":"shipping-taxable","16":"purchasable","17":"product-type-simple"},"_links":{"self":[{"href":"https:\/\/roveyayinevi.com.tr\/index.php\/wp-json\/wp\/v2\/product\/712510","targetHints":{"allow":["GET"]}}],"collection":[{"href":"https:\/\/roveyayinevi.com.tr\/index.php\/wp-json\/wp\/v2\/product"}],"about":[{"href":"https:\/\/roveyayinevi.com.tr\/index.php\/wp-json\/wp\/v2\/types\/product"}],"wp:attachment":[{"href":"https:\/\/roveyayinevi.com.tr\/index.php\/wp-json\/wp\/v2\/media?parent=712510"}],"wp:term":[{"taxonomy":"product_brand","embeddable":true,"href":"https:\/\/roveyayinevi.com.tr\/index.php\/wp-json\/wp\/v2\/product_brand?post=712510"},{"taxonomy":"product_cat","embeddable":true,"href":"https:\/\/roveyayinevi.com.tr\/index.php\/wp-json\/wp\/v2\/product_cat?post=712510"},{"taxonomy":"product_tag","embeddable":true,"href":"https:\/\/roveyayinevi.com.tr\/index.php\/wp-json\/wp\/v2\/product_tag?post=712510"}],"curies":[{"name":"wp","href":"https:\/\/api.w.org\/{rel}","templated":true}]}}