{"id":712506,"date":"2025-08-27T16:56:52","date_gmt":"2025-08-27T13:56:52","guid":{"rendered":"https:\/\/roveyayinevi.com.tr\/index.php\/urun\/karabibik-4\/"},"modified":"2026-04-16T02:21:01","modified_gmt":"2026-04-15T23:21:01","slug":"karabibik-4","status":"publish","type":"product","link":"https:\/\/roveyayinevi.com.tr\/index.php\/urun\/karabibik-4\/","title":{"rendered":"Karabibik"},"content":{"rendered":"<p>T\u00fcrk Edebiyat\u0131&#8217;nda k\u00f6y\u00fc kendisine konu se\u00e7mi\u015f olan ilk eser olan Karabibik bir\u00e7ok \u00f6zelli\u011fi ile ilkleri bar\u0131nd\u0131r\u0131yor. Nabizade Naz\u0131m realist bir anlat\u0131m yakalamak ad\u0131na k\u00f6yl\u00fclerin konu\u015fmalar\u0131n\u0131 oldu\u011fu gibi, yani yaz\u0131l\u0131\u015fta k\u00f6y \u015fivesini belli ederek veriyor. Kitapta anlat\u0131lan hikayenin kurgusu zay\u0131f olmas\u0131na kar\u015f\u0131n olay\u0131n ge\u00e7ti\u011fi mekan\u0131n pastoral bir ortam olmas\u0131 Karabibik&#8217;i olduk\u00e7a de\u011ferli k\u0131l\u0131yor \u00e7\u00fcnk\u00fc bu esere kadar T\u00fcrk Edebiyat\u0131&#8217;nda k\u00f6ye bakan, onu anlatan bir eser mevcut de\u011fildir. K\u0131sacas\u0131 bu eser hi\u00e7bir okuyucunun atlamamas\u0131 gereken bir klasiktir. <\/p>\n","protected":false},"excerpt":{"rendered":"<p>T\u00fcrk Edebiyat\u0131&#8217;nda k\u00f6y\u00fc kendisine konu se\u00e7mi\u015f olan ilk eser olan Karabibik bir\u00e7ok \u00f6zelli\u011fi ile ilkleri bar\u0131nd\u0131r\u0131yor. Nabizade Naz\u0131m realist bir anlat\u0131m yakalamak ad\u0131na k\u00f6yl\u00fclerin konu\u015fmalar\u0131n\u0131 oldu\u011fu<span class=\"excerpt-hellip\"> [\u2026]<\/span><\/p>\n","protected":false},"featured_media":0,"template":"","meta":{"_monsterinsights_skip_tracking":false,"_monsterinsights_sitenote_active":false,"_monsterinsights_sitenote_note":"","_monsterinsights_sitenote_category":0},"product_brand":[],"product_cat":[12274,20117],"product_tag":[],"class_list":{"0":"post-712506","1":"product","2":"type-product","3":"status-publish","5":"product_cat-cocuk-ve-genclik-kitaplari","6":"product_cat-turk-klasikleri","7":"pa_cilt-ciltsiz","8":"pa_tur-kitap","9":"pa_yayinevi-atac-yayinlari","10":"pa_yazar-nabizade-nazim","12":"first","13":"instock","14":"sale","15":"shipping-taxable","16":"purchasable","17":"product-type-simple"},"_links":{"self":[{"href":"https:\/\/roveyayinevi.com.tr\/index.php\/wp-json\/wp\/v2\/product\/712506","targetHints":{"allow":["GET"]}}],"collection":[{"href":"https:\/\/roveyayinevi.com.tr\/index.php\/wp-json\/wp\/v2\/product"}],"about":[{"href":"https:\/\/roveyayinevi.com.tr\/index.php\/wp-json\/wp\/v2\/types\/product"}],"wp:attachment":[{"href":"https:\/\/roveyayinevi.com.tr\/index.php\/wp-json\/wp\/v2\/media?parent=712506"}],"wp:term":[{"taxonomy":"product_brand","embeddable":true,"href":"https:\/\/roveyayinevi.com.tr\/index.php\/wp-json\/wp\/v2\/product_brand?post=712506"},{"taxonomy":"product_cat","embeddable":true,"href":"https:\/\/roveyayinevi.com.tr\/index.php\/wp-json\/wp\/v2\/product_cat?post=712506"},{"taxonomy":"product_tag","embeddable":true,"href":"https:\/\/roveyayinevi.com.tr\/index.php\/wp-json\/wp\/v2\/product_tag?post=712506"}],"curies":[{"name":"wp","href":"https:\/\/api.w.org\/{rel}","templated":true}]}}