{"id":712505,"date":"2025-08-27T16:56:52","date_gmt":"2025-08-27T13:56:52","guid":{"rendered":"https:\/\/roveyayinevi.com.tr\/index.php\/urun\/medine-mudafaasi-ve-fahreddin-pasa\/"},"modified":"2026-04-16T02:21:01","modified_gmt":"2026-04-15T23:21:01","slug":"medine-mudafaasi-ve-fahreddin-pasa","status":"publish","type":"product","link":"https:\/\/roveyayinevi.com.tr\/index.php\/urun\/medine-mudafaasi-ve-fahreddin-pasa\/","title":{"rendered":"Medine M\u00fcdafaas\u0131 ve Fahreddin Pa\u015fa"},"content":{"rendered":"<p>Tarihi b\u00fcy\u00fck hadiselerle dolu olan milletlerin haf\u0131zalar\u0131 baz\u0131 kahramanlar\u0131n\u0131 yeterince alg\u0131layamaz. \u00c7\u00fcnk\u00fc onlar b\u00fcy\u00fck tarih i\u00e7inde birer ayr\u0131nt\u0131d\u0131r. Bilinmelidir ki, asl\u0131nda bu ayr\u0131nt\u0131lar tarihin ta kendisidir. Dikkatle incelendi\u011finde kahramanlar\u0131n faaliyetlerinin olaylar\u0131 nas\u0131l y\u00f6nlendirdi\u011fi g\u00f6r\u00fclebilir. \u0130\u015fte tarihimizin az bilenen simalar\u0131ndan biri de Medine M\u00fcd\u00e2fii Fahreddin Pa\u015fa\u2019d\u0131r. Pa\u015fa, \u00fcst\u00fcn asker\u00ee meziyetleri yan\u0131nda vatanperverli\u011fi, m\u00fctedeyyin ve vakur duru\u015fuyla T\u00fcrk-\u0130slam tarihine ad\u0131n\u0131 alt\u0131n harflerle yazd\u0131rm\u0131\u015ft\u0131r. Fahreddin Pa\u015fa, I. D\u00fcnya Sava\u015f\u0131\u2019nda \u0130ngilizlerle i\u015fbirli\u011fi yapan \u015eerif H\u00fcseyin \u0130syan\u0131\u2019na kar\u015f\u0131 \u0130slam\u2019\u0131n mukaddes beldesi Medine\u2019yi ve Hz. Peygamber\u2019in m\u00fcb\u00e2rek Ravza-y\u0131 Mutahhara\u2019s\u0131n\u0131 2,5 y\u0131l b\u00fcy\u00fck fedak\u00e2rl\u0131klarla Arap-\u0130ngiliz ortak g\u00fc\u00e7lerine kar\u015f\u0131 her t\u00fcrl\u00fc yoklu\u011fa katlanarak savunmu\u015f ve teslim etmemi\u015ftir. Hatta 30 Ekim 1918\u2019de imzalanan Mondros M\u00fct\u00e2rekesi\u2019nden sonra da Medine\u2019yi teslime raz\u0131 olmam\u0131\u015ft\u0131r. Ancak emrindeki baz\u0131 subaylar\u0131n kendisine kar\u015f\u0131 direni\u015fi \u00fczerine Araplara teslim olmak zorunda kald\u0131. Medine M\u00fcd\u00e2faas\u0131, T\u00fcrk-\u0130slam \u00e2lemi nazar\u0131nda T\u00fcrk Milleti\u2019nin vatan sayd\u0131\u011f\u0131 mukaddes yerleri savunmadaki kararl\u0131l\u0131\u011f\u0131 ve titizli\u011fi g\u00f6stermesi bak\u0131m\u0131ndan I. D\u00fcnya Sava\u015f\u0131 i\u00e7inde m\u00fcstesna bir yere sahiptir. Bu kitap bu b\u00fcy\u00fck m\u00fcd\u00e2faay\u0131 ve onun komutan\u0131 Fahreddin Pa\u015fa\u2019y\u0131 anlatmak amac\u0131yla kaleme al\u0131nm\u0131\u015ft\u0131r. <\/p>\n","protected":false},"excerpt":{"rendered":"<p>Tarihi b\u00fcy\u00fck hadiselerle dolu olan milletlerin haf\u0131zalar\u0131 baz\u0131 kahramanlar\u0131n\u0131 yeterince alg\u0131layamaz. \u00c7\u00fcnk\u00fc onlar b\u00fcy\u00fck tarih i\u00e7inde birer ayr\u0131nt\u0131d\u0131r. Bilinmelidir ki, asl\u0131nda bu ayr\u0131nt\u0131lar tarihin ta kendisidir.<span class=\"excerpt-hellip\"> [\u2026]<\/span><\/p>\n","protected":false},"featured_media":0,"template":"","meta":{"_monsterinsights_skip_tracking":false,"_monsterinsights_sitenote_active":false,"_monsterinsights_sitenote_note":"","_monsterinsights_sitenote_category":0},"product_brand":[],"product_cat":[12370,12304],"product_tag":[],"class_list":{"0":"post-712505","1":"product","2":"type-product","3":"status-publish","5":"product_cat-arastirma-inceleme","6":"product_cat-tarih","7":"pa_cilt-ciltsiz","8":"pa_tur-kitap","9":"pa_yayinevi-yeditepe-yayinevi","10":"pa_yazar-suleyman-beyoglu","12":"first","13":"instock","14":"sale","15":"shipping-taxable","16":"purchasable","17":"product-type-simple"},"_links":{"self":[{"href":"https:\/\/roveyayinevi.com.tr\/index.php\/wp-json\/wp\/v2\/product\/712505","targetHints":{"allow":["GET"]}}],"collection":[{"href":"https:\/\/roveyayinevi.com.tr\/index.php\/wp-json\/wp\/v2\/product"}],"about":[{"href":"https:\/\/roveyayinevi.com.tr\/index.php\/wp-json\/wp\/v2\/types\/product"}],"wp:attachment":[{"href":"https:\/\/roveyayinevi.com.tr\/index.php\/wp-json\/wp\/v2\/media?parent=712505"}],"wp:term":[{"taxonomy":"product_brand","embeddable":true,"href":"https:\/\/roveyayinevi.com.tr\/index.php\/wp-json\/wp\/v2\/product_brand?post=712505"},{"taxonomy":"product_cat","embeddable":true,"href":"https:\/\/roveyayinevi.com.tr\/index.php\/wp-json\/wp\/v2\/product_cat?post=712505"},{"taxonomy":"product_tag","embeddable":true,"href":"https:\/\/roveyayinevi.com.tr\/index.php\/wp-json\/wp\/v2\/product_tag?post=712505"}],"curies":[{"name":"wp","href":"https:\/\/api.w.org\/{rel}","templated":true}]}}