{"id":712504,"date":"2025-08-27T16:56:51","date_gmt":"2025-08-27T13:56:51","guid":{"rendered":"https:\/\/roveyayinevi.com.tr\/index.php\/urun\/fasizmin-analizi\/"},"modified":"2026-04-16T02:21:01","modified_gmt":"2026-04-15T23:21:01","slug":"fasizmin-analizi","status":"publish","type":"product","link":"https:\/\/roveyayinevi.com.tr\/index.php\/urun\/fasizmin-analizi\/","title":{"rendered":"Fa\u015fizmin Analizi"},"content":{"rendered":"<p>Fa\u015fizmin Analizi Maria-AntoniettaMacchiocchi taraf\u0131ndan 1975 y\u0131l\u0131nda Vincennes \u00dcniversitesi\u2019nde verilen ve kendi konular\u0131nda uzman olan bilimadamlar\u0131n\u0131n da kat\u0131l\u0131m\u0131yla ger\u00e7ekle\u015fen bir seminerden, fa\u015fizm ve yeni-fa\u015fizm incelemelerine yo\u011funla\u015fm\u0131\u015f bir toplu \u00e7al\u0131\u015fmadan do\u011fmu\u015ftur.  Fa\u015fizmin do\u011fu\u015fundan bu yana uzun y\u0131llar ge\u00e7se de insano\u011flu h\u00e2l\u00e2 onunla u\u011fra\u015f\u0131yor. Ge\u00e7mi\u015fin korkulu d\u00fc\u015fleri, bu d\u00fc\u015flerle beslenen bask\u0131c\u0131 y\u00f6netimler g\u00fcn\u00fcm\u00fczde bile varl\u0131\u011f\u0131n\u0131 s\u00fcrd\u00fcr\u00fcrken, insanl\u0131k ad\u0131na utan\u00e7 verici kal\u0131nt\u0131lar\u0131n tam olarak temizlendi\u011fi s\u00f6ylenemez. Sekiz makaleden olu\u015fan bu \u00e7al\u0131\u015fman\u0131n geni\u015f bir b\u00f6l\u00fcm\u00fcn\u00fc \u201ckad\u0131nlar ve fa\u015fizm\u201d meselesi, bir ba\u015fka deyi\u015fle kad\u0131nlar\u0131n fa\u015fist y\u00f6netimler alt\u0131ndaki ya\u015fam\u0131 ve bu ya\u015fama nas\u0131l raz\u0131 edildikleri konusu olu\u015fturuyor. \u00dczerinde pek fazla ara\u015ft\u0131rma yap\u0131lmam\u0131\u015f bu konunun yan\u0131 s\u0131ra fa\u015fizm kar\u015f\u0131s\u0131nda i\u015f\u00e7i hareketlerinin yenilgisi, ayd\u0131nlar\u0131n hareketsiz b\u0131rak\u0131lmas\u0131, sinema ve propaganda ili\u015fkisi gibi g\u00fcn\u00fcm\u00fczde bile ge\u00e7erlili\u011fini koruyan kavramlar\u0131n, aradan ge\u00e7en bunca y\u0131l\u0131n ard\u0131ndan bile ilginizi fazlas\u0131yla \u00e7ekece\u011fini d\u00fc\u015f\u00fcn\u00fcyoruz. Fa\u015fizmin Analizi\u2019ni Cemal S\u00fcreya\u2019n\u0131n \u00f6zenli \u00e7evirisiyle sunuyoruz\u2026 <\/p>\n","protected":false},"excerpt":{"rendered":"<p>Fa\u015fizmin Analizi Maria-AntoniettaMacchiocchi taraf\u0131ndan 1975 y\u0131l\u0131nda Vincennes \u00dcniversitesi\u2019nde verilen ve kendi konular\u0131nda uzman olan bilimadamlar\u0131n\u0131n da kat\u0131l\u0131m\u0131yla ger\u00e7ekle\u015fen bir seminerden, fa\u015fizm ve yeni-fa\u015fizm incelemelerine yo\u011funla\u015fm\u0131\u015f bir<span class=\"excerpt-hellip\"> [\u2026]<\/span><\/p>\n","protected":false},"featured_media":0,"template":"","meta":{"_monsterinsights_skip_tracking":false,"_monsterinsights_sitenote_active":false,"_monsterinsights_sitenote_note":"","_monsterinsights_sitenote_category":0},"product_brand":[],"product_cat":[12312,12304],"product_tag":[],"class_list":{"0":"post-712504","1":"product","2":"type-product","3":"status-publish","5":"product_cat-diger","6":"product_cat-tarih","7":"pa_cilt-ciltsiz","8":"pa_tur-kitap","9":"pa_yayinevi-inkilap-kitabevi","10":"pa_yazar-maria-a-macciocchi","12":"first","13":"instock","14":"sale","15":"shipping-taxable","16":"purchasable","17":"product-type-simple"},"_links":{"self":[{"href":"https:\/\/roveyayinevi.com.tr\/index.php\/wp-json\/wp\/v2\/product\/712504","targetHints":{"allow":["GET"]}}],"collection":[{"href":"https:\/\/roveyayinevi.com.tr\/index.php\/wp-json\/wp\/v2\/product"}],"about":[{"href":"https:\/\/roveyayinevi.com.tr\/index.php\/wp-json\/wp\/v2\/types\/product"}],"wp:attachment":[{"href":"https:\/\/roveyayinevi.com.tr\/index.php\/wp-json\/wp\/v2\/media?parent=712504"}],"wp:term":[{"taxonomy":"product_brand","embeddable":true,"href":"https:\/\/roveyayinevi.com.tr\/index.php\/wp-json\/wp\/v2\/product_brand?post=712504"},{"taxonomy":"product_cat","embeddable":true,"href":"https:\/\/roveyayinevi.com.tr\/index.php\/wp-json\/wp\/v2\/product_cat?post=712504"},{"taxonomy":"product_tag","embeddable":true,"href":"https:\/\/roveyayinevi.com.tr\/index.php\/wp-json\/wp\/v2\/product_tag?post=712504"}],"curies":[{"name":"wp","href":"https:\/\/api.w.org\/{rel}","templated":true}]}}