{"id":712497,"date":"2025-08-27T16:56:48","date_gmt":"2025-08-27T13:56:48","guid":{"rendered":"https:\/\/roveyayinevi.com.tr\/index.php\/urun\/ingiliz-arsiv-belgelerinde-arap-isyani\/"},"modified":"2026-04-16T02:21:01","modified_gmt":"2026-04-15T23:21:01","slug":"ingiliz-arsiv-belgelerinde-arap-isyani","status":"publish","type":"product","link":"https:\/\/roveyayinevi.com.tr\/index.php\/urun\/ingiliz-arsiv-belgelerinde-arap-isyani\/","title":{"rendered":"\u0130ngiliz Ar\u015fiv Belgelerinde Arap \u0130syan\u0131"},"content":{"rendered":"<p>Sahip oldu\u011fu jeopolitik konum ve jeostratejik \u00f6zellikler nedeniyle Arap Yar\u0131madas\u0131 tarihin her d\u00f6neminde g\u00fc\u00e7 oyunlar\u0131n\u0131n merkezi haline gelmi\u015ftir. Daha \u00f6nceleri Uzak Do\u011fu ve Hindistan ticaret yolunun kontrol\u00fc a\u00e7\u0131s\u0131ndan b\u00fcy\u00fck avantajlar sa\u011flayan Arap Yar\u0131madas\u0131 19. y\u00fczy\u0131lla beraber petrol\u00fcn hayati de\u011fer kazanmas\u0131 sebebiyle \u00f6nemini fazlas\u0131yla artt\u0131rm\u0131\u015ft\u0131r. Bu anlamda d\u00f6nemin s\u00fcper g\u00fcc\u00fc B\u00fcy\u00fck Britanya \u0130mparatorlu\u011fu g\u00f6zlerini b\u00f6lgeye dikmi\u015f ve Arap Yar\u0131madas\u0131\u2019n\u0131n kontrol\u00fcn\u00fc ele ge\u00e7irebilmek i\u00e7in her t\u00fcrl\u00fc yolu denemekten \u00e7ekinmemi\u015ftir. Do\u00e7. Dr. \u0130smail K\u00f6se\u2019nin titizlikle haz\u0131rlad\u0131\u011f\u0131 ve alan\u0131n\u0131n nadir \u00e7al\u0131\u015fmalar\u0131ndan biri olan \u0130ngiliz Ar\u015fiv Belgelerinde Arap \u0130syan\u0131, T\u00fcrk-Arap ili\u015fkilerinin belki de en hassas d\u00f6nemini ayd\u0131nlat\u0131yor. \u0130ngilizlerin halen \u00e7ok tart\u0131\u015f\u0131lan Arap \u0130syan\u0131\u2019ndaki rollerinden GertrudeBell ve T.E. Lawrance gibi me\u015fhur \u0130ngiliz istihbarat elemanlar\u0131n\u0131n b\u00f6lgedeki faaliyetlerine, Kral Abdullah\u2019\u0131n, \u015eerif H\u00fcseyin\u2019in ve Suudlar\u2019\u0131n siyasi ili\u015fkilerinden Fahreddin Pa\u015fa\u2019n\u0131n destans\u0131 Medine M\u00fcdafaas\u0131\u2019na kadar bir\u00e7ok \u00f6nemli konu ar\u015fiv belgelerinin \u0131\u015f\u0131\u011f\u0131nda birincil kaynaklar kullan\u0131larak mercek alt\u0131na al\u0131n\u0131yor.  Konunun ba\u015fl\u0131ca hareket noktas\u0131 olan 1882\u2019deki M\u0131s\u0131r i\u015fgalinden sonra \u0130ngiliz H\u00fck\u00fbmeti\u2019nin Filistin ve Hicaz\u2019a y\u00f6nelik politikalar\u0131n\u0131 esas alarak ba\u015flayan kitap, \u0130ngilizler ile \u015eerif H\u00fcseyin aras\u0131ndaki bug\u00fcn bile hararetle tart\u0131\u015f\u0131lan \u00e7\u0131kar ili\u015fkilerini derinlemesine irdeliyor. K\u0131sacas\u0131 konu kapsam\u0131nda ya\u015fanan geli\u015fmeler \u00f6ncesiyle ve sonras\u0131yla \u00e7ok boyutlu olarak okuyucular\u0131n dikkatine sunuluyor. Yak\u0131n d\u00f6nemde \u00fczerine s\u0131k\u00e7a vurgu yap\u0131lan Arap \u0130syan\u0131 ve T\u00fcrk-Arap ili\u015fkilerinin mahiyeti hususunda Do\u00e7. Dr. \u0130smail K\u00f6se\u2019nin bu \u00e7al\u0131\u015fmas\u0131n\u0131n \u00f6nemli bir rehber olaca\u011f\u0131n\u0131 d\u00fc\u015f\u00fcn\u00fcyoruz. <\/p>\n","protected":false},"excerpt":{"rendered":"<p>Sahip oldu\u011fu jeopolitik konum ve jeostratejik \u00f6zellikler nedeniyle Arap Yar\u0131madas\u0131 tarihin her d\u00f6neminde g\u00fc\u00e7 oyunlar\u0131n\u0131n merkezi haline gelmi\u015ftir. Daha \u00f6nceleri Uzak Do\u011fu ve Hindistan ticaret yolunun<span class=\"excerpt-hellip\"> [\u2026]<\/span><\/p>\n","protected":false},"featured_media":0,"template":"","meta":{"_monsterinsights_skip_tracking":false,"_monsterinsights_sitenote_active":false,"_monsterinsights_sitenote_note":"","_monsterinsights_sitenote_category":0},"product_brand":[],"product_cat":[13517,12304],"product_tag":[],"class_list":{"0":"post-712497","1":"product","2":"type-product","3":"status-publish","5":"product_cat-osmanli-tarihi","6":"product_cat-tarih","7":"pa_cilt-ciltsiz","8":"pa_tur-kitap","9":"pa_yayinevi-kronik-kitap","10":"pa_yazar-ismail-kose","12":"first","13":"instock","14":"sale","15":"shipping-taxable","16":"purchasable","17":"product-type-simple"},"_links":{"self":[{"href":"https:\/\/roveyayinevi.com.tr\/index.php\/wp-json\/wp\/v2\/product\/712497","targetHints":{"allow":["GET"]}}],"collection":[{"href":"https:\/\/roveyayinevi.com.tr\/index.php\/wp-json\/wp\/v2\/product"}],"about":[{"href":"https:\/\/roveyayinevi.com.tr\/index.php\/wp-json\/wp\/v2\/types\/product"}],"wp:attachment":[{"href":"https:\/\/roveyayinevi.com.tr\/index.php\/wp-json\/wp\/v2\/media?parent=712497"}],"wp:term":[{"taxonomy":"product_brand","embeddable":true,"href":"https:\/\/roveyayinevi.com.tr\/index.php\/wp-json\/wp\/v2\/product_brand?post=712497"},{"taxonomy":"product_cat","embeddable":true,"href":"https:\/\/roveyayinevi.com.tr\/index.php\/wp-json\/wp\/v2\/product_cat?post=712497"},{"taxonomy":"product_tag","embeddable":true,"href":"https:\/\/roveyayinevi.com.tr\/index.php\/wp-json\/wp\/v2\/product_tag?post=712497"}],"curies":[{"name":"wp","href":"https:\/\/api.w.org\/{rel}","templated":true}]}}