{"id":712495,"date":"2025-08-27T16:56:47","date_gmt":"2025-08-27T13:56:47","guid":{"rendered":"https:\/\/roveyayinevi.com.tr\/index.php\/urun\/tarikat-siyaset-ticaret\/"},"modified":"2026-03-18T02:29:50","modified_gmt":"2026-03-17T23:29:50","slug":"tarikat-siyaset-ticaret","status":"publish","type":"product","link":"https:\/\/roveyayinevi.com.tr\/index.php\/urun\/tarikat-siyaset-ticaret\/","title":{"rendered":"Tarikat Siyaset Ticaret"},"content":{"rendered":"<p>&#8220;T\u00fcrkiye bir \u0130sl\u00e2mc\u0131 devlet de\u011fildidr, laiktir, laik kalmal\u0131d\u0131r. Ve laik kalacakt\u0131r. Amerikanc\u0131 b\u00fct\u00fcn etkilere kar\u015f\u0131n T\u00fcrkiye kendi ba\u011f\u0131ms\u0131z siyasetini kendisi \u00e7izecek ve bu siyasetteki yeri kendisi uygulayacakt\u0131r. M\u00fcsl\u00fcmanl\u0131\u011f\u0131, bir antikom\u00fcnist ideoloji olarak T\u00fcrkiye&#8217;nin kom\u015fular\u0131na kar\u015f\u0131 kullanmak, hem \u0130sl\u00e2m dinine sayg\u0131s\u0131zl\u0131kt\u0131r, hem de T\u00fcrkiye Cumhuriyeti&#8217;ni sonu gelmez bir ser\u00fcvene itmek demektir.&#8221; <\/p>\n","protected":false},"excerpt":{"rendered":"<p>&#8220;T\u00fcrkiye bir \u0130sl\u00e2mc\u0131 devlet de\u011fildidr, laiktir, laik kalmal\u0131d\u0131r. Ve laik kalacakt\u0131r. Amerikanc\u0131 b\u00fct\u00fcn etkilere kar\u015f\u0131n T\u00fcrkiye kendi ba\u011f\u0131ms\u0131z siyasetini kendisi \u00e7izecek ve bu siyasetteki yeri kendisi<span class=\"excerpt-hellip\"> [\u2026]<\/span><\/p>\n","protected":false},"featured_media":0,"template":"","meta":{"_monsterinsights_skip_tracking":false,"_monsterinsights_sitenote_active":false,"_monsterinsights_sitenote_note":"","_monsterinsights_sitenote_category":0},"product_brand":[],"product_cat":[12346,12337],"product_tag":[],"class_list":{"0":"post-712495","1":"product","2":"type-product","3":"status-publish","5":"product_cat-derin-siyaset-komplo-teorileri","6":"product_cat-politika-siyaset","7":"pa_cilt-ciltsiz","8":"pa_tur-kitap","9":"pa_yayinevi-umag-yayinevi","10":"pa_yazar-ugur-mumcu","12":"first","13":"instock","14":"sale","15":"shipping-taxable","16":"purchasable","17":"product-type-simple"},"_links":{"self":[{"href":"https:\/\/roveyayinevi.com.tr\/index.php\/wp-json\/wp\/v2\/product\/712495","targetHints":{"allow":["GET"]}}],"collection":[{"href":"https:\/\/roveyayinevi.com.tr\/index.php\/wp-json\/wp\/v2\/product"}],"about":[{"href":"https:\/\/roveyayinevi.com.tr\/index.php\/wp-json\/wp\/v2\/types\/product"}],"wp:attachment":[{"href":"https:\/\/roveyayinevi.com.tr\/index.php\/wp-json\/wp\/v2\/media?parent=712495"}],"wp:term":[{"taxonomy":"product_brand","embeddable":true,"href":"https:\/\/roveyayinevi.com.tr\/index.php\/wp-json\/wp\/v2\/product_brand?post=712495"},{"taxonomy":"product_cat","embeddable":true,"href":"https:\/\/roveyayinevi.com.tr\/index.php\/wp-json\/wp\/v2\/product_cat?post=712495"},{"taxonomy":"product_tag","embeddable":true,"href":"https:\/\/roveyayinevi.com.tr\/index.php\/wp-json\/wp\/v2\/product_tag?post=712495"}],"curies":[{"name":"wp","href":"https:\/\/api.w.org\/{rel}","templated":true}]}}