{"id":712494,"date":"2025-08-27T16:56:46","date_gmt":"2025-08-27T13:56:46","guid":{"rendered":"https:\/\/roveyayinevi.com.tr\/index.php\/urun\/dusunce-kivilcimlari-cehennem-kapisina-dogru\/"},"modified":"2026-04-16T02:21:01","modified_gmt":"2026-04-15T23:21:01","slug":"dusunce-kivilcimlari-cehennem-kapisina-dogru","status":"publish","type":"product","link":"https:\/\/roveyayinevi.com.tr\/index.php\/urun\/dusunce-kivilcimlari-cehennem-kapisina-dogru\/","title":{"rendered":"D\u00fc\u015f\u00fcnce K\u0131v\u0131lc\u0131mlar\u0131 &#8211; Cehennem Kap\u0131s\u0131\u2019na Do\u011fru"},"content":{"rendered":"<p>K\u0131r\u0131k Burunlu Adam, Balzac An\u0131t\u0131, Tun\u00e7 \u00c7a\u011f\u0131, \u00d6p\u00fcc\u00fck, Calais Burjuvalar\u0131, Adem, Havva, D\u00fc\u015f\u00fcnen Adam&#8230; bunlar 19. y\u00fczy\u0131l\u0131n en b\u00fcy\u00fck isimlerinden Auguste Rodin\u2019i \u00f6zetleyen birka\u00e7 ba\u015fyap\u0131t oldu\u011fu kadar, b\u00fcy\u00fck ustan\u0131n tamamlayamad\u0131\u011f\u0131 ancak \u00f6l\u00fcm\u00fcnden sonra bronza d\u00f6k\u00fclen opus magnumu Cehennem Kap\u0131s\u0131\u2019na giden yolun \u00f6nemli duraklar\u0131. Ya\u015fam\u0131 boyunca bir taraftan b\u00fcy\u00fck iltifat g\u00f6r\u00fcp ayn\u0131 zamanda b\u00fcy\u00fck tart\u0131\u015fmalara sebep olan Rodin, kimi dergilere yazd\u0131\u011f\u0131 yaz\u0131larda ve d\u00f6nemin \u00f6nemli adlar\u0131ndan Henri Dujardin-Beaumetz ile yapt\u0131\u011f\u0131 g\u00f6r\u00fc\u015fmelerde hem kendini var eden kavramlar\u0131 ve sanata olan yakla\u015f\u0131m\u0131n\u0131 anlat\u0131yor hem de t\u00fcm sanat\u00e7\u0131lara hak bildi\u011fi yolda nas\u0131l ilerlemeleri gerekti\u011fini g\u00f6steriyor. Elinizdeki kitap, do\u011fay\u0131 kendine usta bellemi\u015f bir sanat\u00e7\u0131n\u0131n, sanat\u0131na ve hayata nas\u0131l bir kararl\u0131l\u0131kla yakla\u015ft\u0131\u011f\u0131n\u0131 kendi s\u00f6zleriyle ortaya koyuyor. <\/p>\n","protected":false},"excerpt":{"rendered":"<p>K\u0131r\u0131k Burunlu Adam, Balzac An\u0131t\u0131, Tun\u00e7 \u00c7a\u011f\u0131, \u00d6p\u00fcc\u00fck, Calais Burjuvalar\u0131, Adem, Havva, D\u00fc\u015f\u00fcnen Adam&#8230; bunlar 19. y\u00fczy\u0131l\u0131n en b\u00fcy\u00fck isimlerinden Auguste Rodin\u2019i \u00f6zetleyen birka\u00e7 ba\u015fyap\u0131t oldu\u011fu<span class=\"excerpt-hellip\"> [\u2026]<\/span><\/p>\n","protected":false},"featured_media":0,"template":"","meta":{"_monsterinsights_skip_tracking":false,"_monsterinsights_sitenote_active":false,"_monsterinsights_sitenote_note":"","_monsterinsights_sitenote_category":0},"product_brand":[],"product_cat":[12312,12304],"product_tag":[],"class_list":{"0":"post-712494","1":"product","2":"type-product","3":"status-publish","5":"product_cat-diger","6":"product_cat-tarih","7":"pa_cilt-ciltsiz","8":"pa_tur-kitap","9":"pa_yayinevi-kirmizi-kedi-yayinevi","10":"pa_yazar-auguste-rodin","12":"first","13":"instock","14":"sale","15":"shipping-taxable","16":"purchasable","17":"product-type-simple"},"_links":{"self":[{"href":"https:\/\/roveyayinevi.com.tr\/index.php\/wp-json\/wp\/v2\/product\/712494","targetHints":{"allow":["GET"]}}],"collection":[{"href":"https:\/\/roveyayinevi.com.tr\/index.php\/wp-json\/wp\/v2\/product"}],"about":[{"href":"https:\/\/roveyayinevi.com.tr\/index.php\/wp-json\/wp\/v2\/types\/product"}],"wp:attachment":[{"href":"https:\/\/roveyayinevi.com.tr\/index.php\/wp-json\/wp\/v2\/media?parent=712494"}],"wp:term":[{"taxonomy":"product_brand","embeddable":true,"href":"https:\/\/roveyayinevi.com.tr\/index.php\/wp-json\/wp\/v2\/product_brand?post=712494"},{"taxonomy":"product_cat","embeddable":true,"href":"https:\/\/roveyayinevi.com.tr\/index.php\/wp-json\/wp\/v2\/product_cat?post=712494"},{"taxonomy":"product_tag","embeddable":true,"href":"https:\/\/roveyayinevi.com.tr\/index.php\/wp-json\/wp\/v2\/product_tag?post=712494"}],"curies":[{"name":"wp","href":"https:\/\/api.w.org\/{rel}","templated":true}]}}