{"id":712493,"date":"2025-08-27T16:56:46","date_gmt":"2025-08-27T13:56:46","guid":{"rendered":"https:\/\/roveyayinevi.com.tr\/index.php\/urun\/umutsuzluk-yakismaz\/"},"modified":"2026-04-16T02:21:01","modified_gmt":"2026-04-15T23:21:01","slug":"umutsuzluk-yakismaz","status":"publish","type":"product","link":"https:\/\/roveyayinevi.com.tr\/index.php\/urun\/umutsuzluk-yakismaz\/","title":{"rendered":"Umutsuzluk Yak\u0131\u015fmaz"},"content":{"rendered":"<p>Akademi, mimarl\u0131k ve yaz\u0131yla i\u00e7 i\u00e7e ge\u00e7en hayat\u0131n\u0131 \u00f6\u011frenme ve \u00f6\u011fretmeye adayan Do\u011fan Kuban, 92. ya\u015f\u0131n\u0131 geride b\u0131rak\u0131rken birikim ve deneyimini aktarmay\u0131 s\u00fcrd\u00fcr\u00fcyor. Kuban, Cumhuriyet\u2019ten sanata, siyasetten e\u011fitime, \u015fehircilikten Osmanl\u0131\u2019ya kadar geni\u015f yelpazede sorunlar\u0131 ele alarak T\u00fcrkiye\u2019nin r\u00f6ntgenini \u00e7ekiyor. Toplumdaki problemleri ortaya sererken, \u00e7\u00f6z\u00fcm re\u00e7etesini Umutsuzluk Yak\u0131\u015fmaz diyerek anlat\u0131yor. <\/p>\n","protected":false},"excerpt":{"rendered":"<p>Akademi, mimarl\u0131k ve yaz\u0131yla i\u00e7 i\u00e7e ge\u00e7en hayat\u0131n\u0131 \u00f6\u011frenme ve \u00f6\u011fretmeye adayan Do\u011fan Kuban, 92. ya\u015f\u0131n\u0131 geride b\u0131rak\u0131rken birikim ve deneyimini aktarmay\u0131 s\u00fcrd\u00fcr\u00fcyor. Kuban, Cumhuriyet\u2019ten sanata,<span class=\"excerpt-hellip\"> [\u2026]<\/span><\/p>\n","protected":false},"featured_media":0,"template":"","meta":{"_monsterinsights_skip_tracking":false,"_monsterinsights_sitenote_active":false,"_monsterinsights_sitenote_note":"","_monsterinsights_sitenote_category":0},"product_brand":[],"product_cat":[13590,12337],"product_tag":[],"class_list":{"0":"post-712493","1":"product","2":"type-product","3":"status-publish","5":"product_cat-arastirma-inceleme-politika-siyaset","6":"product_cat-politika-siyaset","7":"pa_cilt-ciltsiz","8":"pa_tur-kitap","9":"pa_yayinevi-kirmizi-kedi-yayinevi","10":"pa_yazar-dogan-kuban","12":"first","13":"instock","14":"sale","15":"shipping-taxable","16":"purchasable","17":"product-type-simple"},"_links":{"self":[{"href":"https:\/\/roveyayinevi.com.tr\/index.php\/wp-json\/wp\/v2\/product\/712493","targetHints":{"allow":["GET"]}}],"collection":[{"href":"https:\/\/roveyayinevi.com.tr\/index.php\/wp-json\/wp\/v2\/product"}],"about":[{"href":"https:\/\/roveyayinevi.com.tr\/index.php\/wp-json\/wp\/v2\/types\/product"}],"wp:attachment":[{"href":"https:\/\/roveyayinevi.com.tr\/index.php\/wp-json\/wp\/v2\/media?parent=712493"}],"wp:term":[{"taxonomy":"product_brand","embeddable":true,"href":"https:\/\/roveyayinevi.com.tr\/index.php\/wp-json\/wp\/v2\/product_brand?post=712493"},{"taxonomy":"product_cat","embeddable":true,"href":"https:\/\/roveyayinevi.com.tr\/index.php\/wp-json\/wp\/v2\/product_cat?post=712493"},{"taxonomy":"product_tag","embeddable":true,"href":"https:\/\/roveyayinevi.com.tr\/index.php\/wp-json\/wp\/v2\/product_tag?post=712493"}],"curies":[{"name":"wp","href":"https:\/\/api.w.org\/{rel}","templated":true}]}}