{"id":712492,"date":"2025-08-27T16:56:45","date_gmt":"2025-08-27T13:56:45","guid":{"rendered":"https:\/\/roveyayinevi.com.tr\/index.php\/urun\/kiyamet-yolculari\/"},"modified":"2026-04-16T02:21:01","modified_gmt":"2026-04-15T23:21:01","slug":"kiyamet-yolculari","status":"publish","type":"product","link":"https:\/\/roveyayinevi.com.tr\/index.php\/urun\/kiyamet-yolculari\/","title":{"rendered":"K\u0131yamet Yolcular\u0131"},"content":{"rendered":"<p>Alper elini arkada\u015f\u0131n\u0131n omzuna koydu. \u201cHaz\u0131r ol o zaman. Bug\u00fcn istemedi\u011fimiz kadar iblis avlayaca\u011f\u0131z.\u201d          \u201cBen her zaman haz\u0131r\u0131m.\u201d          General Berat yanlar\u0131na geldi ve \u201cHer \u015fey haz\u0131r m\u0131?\u201d diye sordu. Sesi daha otoriter ve kararl\u0131 \u00e7\u0131k\u0131yordu.          Alper ve Kim Yoon-gi ayn\u0131 anda \u201cEvet komutan\u0131m\u201d dediler. General Berat daha sonra merdivenlerden a\u015fa\u011f\u0131ya indi ve avluda bulunan askerlerin yan\u0131na ge\u00e7ti.          Ba\u015fkomutan Montinea daha fazla beklemeye gerek g\u00f6rmedi ve elini yumruk yap\u0131p havaya kald\u0131rd\u0131. Yumru\u011funu a\u00e7mas\u0131yla b\u00fcy\u00fck ta\u015f ve kaya par\u00e7alar\u0131 demir surun \u00fcst\u00fcne ya\u011fmaya ba\u015flad\u0131. Sava\u015f art\u0131k ba\u015flam\u0131\u015ft\u0131 ve geri d\u00f6n\u00fc\u015f\u00fc yoktu. Sadece bir galip olacakt\u0131 ve Montinea bunun i\u00e7in t\u00fcm g\u00fcc\u00fcyle sava\u015facakt\u0131.          Alper \u00fczerlerine gelen kayalar\u0131 g\u00f6r\u00fcr g\u00f6rmez o da sa\u011f eliyle a\u015fa\u011f\u0131da bulunan askerlere i\u015faret etti.          Demir surun \u00fczeri sa\u011flam elastik plastiklerle kaplanm\u0131\u015ft\u0131. Fikri, Alper vermi\u015fti ve i\u015fe yaray\u0131p yaramayaca\u011f\u0131 \u015fimdi belli olacakt\u0131. <\/p>\n","protected":false},"excerpt":{"rendered":"<p>Alper elini arkada\u015f\u0131n\u0131n omzuna koydu. \u201cHaz\u0131r ol o zaman. Bug\u00fcn istemedi\u011fimiz kadar iblis avlayaca\u011f\u0131z.\u201d \u201cBen her zaman haz\u0131r\u0131m.\u201d General Berat yanlar\u0131na geldi ve \u201cHer \u015fey haz\u0131r<span class=\"excerpt-hellip\"> [\u2026]<\/span><\/p>\n","protected":false},"featured_media":0,"template":"","meta":{"_monsterinsights_skip_tracking":false,"_monsterinsights_sitenote_active":false,"_monsterinsights_sitenote_note":"","_monsterinsights_sitenote_category":0},"product_brand":[],"product_cat":[12291,12711],"product_tag":[],"class_list":{"0":"post-712492","1":"product","2":"type-product","3":"status-publish","5":"product_cat-edebiyat","6":"product_cat-roman-oyku","7":"pa_cilt-ciltsiz","8":"pa_tur-kitap","9":"pa_yayinevi-kozmostar","10":"pa_yazar-sevilay-kaya","12":"first","13":"instock","14":"sale","15":"shipping-taxable","16":"purchasable","17":"product-type-simple"},"_links":{"self":[{"href":"https:\/\/roveyayinevi.com.tr\/index.php\/wp-json\/wp\/v2\/product\/712492","targetHints":{"allow":["GET"]}}],"collection":[{"href":"https:\/\/roveyayinevi.com.tr\/index.php\/wp-json\/wp\/v2\/product"}],"about":[{"href":"https:\/\/roveyayinevi.com.tr\/index.php\/wp-json\/wp\/v2\/types\/product"}],"wp:attachment":[{"href":"https:\/\/roveyayinevi.com.tr\/index.php\/wp-json\/wp\/v2\/media?parent=712492"}],"wp:term":[{"taxonomy":"product_brand","embeddable":true,"href":"https:\/\/roveyayinevi.com.tr\/index.php\/wp-json\/wp\/v2\/product_brand?post=712492"},{"taxonomy":"product_cat","embeddable":true,"href":"https:\/\/roveyayinevi.com.tr\/index.php\/wp-json\/wp\/v2\/product_cat?post=712492"},{"taxonomy":"product_tag","embeddable":true,"href":"https:\/\/roveyayinevi.com.tr\/index.php\/wp-json\/wp\/v2\/product_tag?post=712492"}],"curies":[{"name":"wp","href":"https:\/\/api.w.org\/{rel}","templated":true}]}}