{"id":712491,"date":"2025-08-27T16:56:45","date_gmt":"2025-08-27T13:56:45","guid":{"rendered":"https:\/\/roveyayinevi.com.tr\/index.php\/urun\/ismet-inonu-2\/"},"modified":"2026-04-16T02:21:01","modified_gmt":"2026-04-15T23:21:01","slug":"ismet-inonu-2","status":"publish","type":"product","link":"https:\/\/roveyayinevi.com.tr\/index.php\/urun\/ismet-inonu-2\/","title":{"rendered":"\u0130smet \u0130n\u00f6n\u00fc"},"content":{"rendered":"<p>Eski \u0130\u00e7i\u015fleri ve Milli E\u011fitim Bakan\u0131 Necdet U\u011fur (1923-2004), \u0130smet \u0130n\u00f6n\u00fc\u2019y\u00fc anlat\u0131yor. T\u00fcrkiye\u2019nin ikinci cumhurba\u015fkan\u0131na dair an\u0131lar, tan\u0131kl\u0131klar, izlenimler\u2026 \u00c7\u00f6ken bir imparatorlu\u011fun ard\u0131ndan memleketi kurtarmaya adanm\u0131\u015f gen\u00e7lik y\u0131llar\u0131\u2026 Kurtulu\u015f Sava\u015f\u0131 verip Cumhuriyet\u2019i kuran bir subay neslinin \u00f6yk\u00fcs\u00fc\u2026 Bir devlet adam\u0131n\u0131n ve politikac\u0131n\u0131n portresi\u2026 Necdet U\u011fur okurlara, Lozan\u2019dan \u00e7ok partili ya\u015fama ge\u00e7i\u015fe, CHP ve DP\u2019den 12 Mart g\u00fcnlerine uzanan e\u015fsiz bir an\u0131lar demeti sunuyor.  \u201cYa\u015fam\u0131n\u0131n son 10 y\u0131l\u0131nda \u0130smet \u0130n\u00f6n\u00fc\u2019yle yak\u0131n \u00e7al\u0131\u015fma ayr\u0131cal\u0131\u011f\u0131m olmu\u015ftu. \u0130smet \u0130n\u00f6n\u00fc ile yak\u0131n \u00e7al\u0131\u015fmak bir mutluluktu. Bir yandan dost s\u0131cakl\u0131\u011f\u0131, arkada\u015f yak\u0131nl\u0131\u011f\u0131 i\u00e7inde olurdunuz, bir yandan da kal\u0131c\u0131 bir b\u00fcy\u00fck adam\u0131n yapt\u0131klar\u0131na ve s\u00f6ylediklerine tan\u0131k olman\u0131n heyecan ve sayg\u0131s\u0131n\u0131 duyard\u0131n\u0131z.\u201d <\/p>\n","protected":false},"excerpt":{"rendered":"<p>Eski \u0130\u00e7i\u015fleri ve Milli E\u011fitim Bakan\u0131 Necdet U\u011fur (1923-2004), \u0130smet \u0130n\u00f6n\u00fc\u2019y\u00fc anlat\u0131yor. T\u00fcrkiye\u2019nin ikinci cumhurba\u015fkan\u0131na dair an\u0131lar, tan\u0131kl\u0131klar, izlenimler\u2026 \u00c7\u00f6ken bir imparatorlu\u011fun ard\u0131ndan memleketi kurtarmaya adanm\u0131\u015f<span class=\"excerpt-hellip\"> [\u2026]<\/span><\/p>\n","protected":false},"featured_media":0,"template":"","meta":{"_monsterinsights_skip_tracking":false,"_monsterinsights_sitenote_active":false,"_monsterinsights_sitenote_note":"","_monsterinsights_sitenote_category":0},"product_brand":[],"product_cat":[13946,12304],"product_tag":[],"class_list":{"0":"post-712491","1":"product","2":"type-product","3":"status-publish","5":"product_cat-biyografi-otobiyografi","6":"product_cat-tarih","7":"pa_cilt-ciltsiz","8":"pa_tur-kitap","9":"pa_yayinevi-kirmizi-kedi-yayinevi","10":"pa_yazar-necdet-ugur","12":"first","13":"instock","14":"sale","15":"shipping-taxable","16":"purchasable","17":"product-type-simple"},"_links":{"self":[{"href":"https:\/\/roveyayinevi.com.tr\/index.php\/wp-json\/wp\/v2\/product\/712491","targetHints":{"allow":["GET"]}}],"collection":[{"href":"https:\/\/roveyayinevi.com.tr\/index.php\/wp-json\/wp\/v2\/product"}],"about":[{"href":"https:\/\/roveyayinevi.com.tr\/index.php\/wp-json\/wp\/v2\/types\/product"}],"wp:attachment":[{"href":"https:\/\/roveyayinevi.com.tr\/index.php\/wp-json\/wp\/v2\/media?parent=712491"}],"wp:term":[{"taxonomy":"product_brand","embeddable":true,"href":"https:\/\/roveyayinevi.com.tr\/index.php\/wp-json\/wp\/v2\/product_brand?post=712491"},{"taxonomy":"product_cat","embeddable":true,"href":"https:\/\/roveyayinevi.com.tr\/index.php\/wp-json\/wp\/v2\/product_cat?post=712491"},{"taxonomy":"product_tag","embeddable":true,"href":"https:\/\/roveyayinevi.com.tr\/index.php\/wp-json\/wp\/v2\/product_tag?post=712491"}],"curies":[{"name":"wp","href":"https:\/\/api.w.org\/{rel}","templated":true}]}}