{"id":712488,"date":"2025-08-27T16:56:43","date_gmt":"2025-08-27T13:56:43","guid":{"rendered":"https:\/\/roveyayinevi.com.tr\/index.php\/urun\/kara-delik-newtoncularin-terk-ettigi-einsteinin-tiksindigi-hawkingin-uzerine-bahis-oynadigi-bir-fikir-nasil-sevilir-oldu\/"},"modified":"2026-04-16T02:21:01","modified_gmt":"2026-04-15T23:21:01","slug":"kara-delik-newtoncularin-terk-ettigi-einsteinin-tiksindigi-hawkingin-uzerine-bahis-oynadigi-bir-fikir-nasil-sevilir-oldu","status":"publish","type":"product","link":"https:\/\/roveyayinevi.com.tr\/index.php\/urun\/kara-delik-newtoncularin-terk-ettigi-einsteinin-tiksindigi-hawkingin-uzerine-bahis-oynadigi-bir-fikir-nasil-sevilir-oldu\/","title":{"rendered":"Kara Delik: Newtoncular\u0131n Terk Etti\u011fi, Einste\u0131n\u2019\u0131n Tiksindi\u011fi, Hawking\u2019in \u00dczerine Bahis Oynad\u0131\u011f\u0131 Bir Fikir Nas\u0131l Sevilir Oldu?"},"content":{"rendered":"<p>Kara delikler sa\u00e7mal\u0131k derecesinde tuhaft\u0131r. T\u0131pk\u0131 tekboynuzlar ve ta\u015f canavarlar gibi kara delikler de ger\u00e7ek evren yerine bilimkurgu ve kadim efsane \u00e2lemine aitmi\u015f gibi g\u00f6r\u00fcn\u00fcr. Ama asl\u0131nda g\u00fcne\u015fimiz kadar ger\u00e7ektirler. Bu kitap, kara deliklerin bilim sahnesine \u00e7\u0131kmas\u0131n\u0131n ayr\u0131nt\u0131l\u0131 tarihini anlat\u0131yor ve kara delik kuramlar\u0131ndaki son geli\u015fmeleri \u00f6zetliyor. Her ne kadar kara delik fikri Newton fizi\u011finden \u00e7\u0131km\u0131\u015f olsa da, bilim insanlar\u0131n\u0131n kara delikleri ciddiye almalar\u0131 Einstein\u2019\u0131n 1915 y\u0131l\u0131nda ortaya att\u0131\u011f\u0131 Genel G\u00f6relilik kuram\u0131yla ba\u015flar. Yine de, bu konudaki ara\u015ft\u0131rmalar\u0131n ivme kazanmas\u0131, kozmolojik g\u00f6zlemlerin artmas\u0131yla birlikte 20. y\u00fczy\u0131l\u0131n ortalar\u0131n\u0131 bulur. G\u00fcn\u00fcm\u00fczdeyse kara delik ara\u015ft\u0131rmalar\u0131 sadece bu ilgin\u00e7 fizik olay\u0131n\u0131n kendisiyle ilgili ger\u00e7ekleri a\u00e7\u0131\u011fa \u00e7\u0131karmakla kalmaz, ayn\u0131 zamanda evrenimizin tarihiyle ilgili de bize \u00e7ok \u015fey anlat\u0131r. Hatta B\u00fcy\u00fck Patlama \u00f6ncesi neler olup bitti\u011fi hakk\u0131ndaki kuramlar da b\u00fcy\u00fck \u00f6l\u00e7\u00fcde kara delik kuramlar\u0131yla ilgilidir. Nas\u0131l bir evrende ya\u015fad\u0131\u011f\u0131m\u0131z\u0131 bilmenin yolu kara delikleri incelemekten ge\u00e7iyor. Marcia Bartusiak, MIT\u2019de bilim yazarl\u0131\u011f\u0131 y\u00fcksek lisans program\u0131 uygulama profes\u00f6r\u00fc. <\/p>\n","protected":false},"excerpt":{"rendered":"<p>Kara delikler sa\u00e7mal\u0131k derecesinde tuhaft\u0131r. T\u0131pk\u0131 tekboynuzlar ve ta\u015f canavarlar gibi kara delikler de ger\u00e7ek evren yerine bilimkurgu ve kadim efsane \u00e2lemine aitmi\u015f gibi g\u00f6r\u00fcn\u00fcr. Ama<span class=\"excerpt-hellip\"> [\u2026]<\/span><\/p>\n","protected":false},"featured_media":0,"template":"","meta":{"_monsterinsights_skip_tracking":false,"_monsterinsights_sitenote_active":false,"_monsterinsights_sitenote_note":"","_monsterinsights_sitenote_category":0},"product_brand":[],"product_cat":[13005,18664],"product_tag":[],"class_list":{"0":"post-712488","1":"product","2":"type-product","3":"status-publish","5":"product_cat-bilim-muhendislik","6":"product_cat-muhendislik","7":"pa_cilt-ciltsiz","8":"pa_tur-kitap","9":"pa_yayinevi-koc-universitesi-yayinlari","10":"pa_yazar-marcia-bartusiak","12":"first","13":"instock","14":"sale","15":"shipping-taxable","16":"purchasable","17":"product-type-simple"},"_links":{"self":[{"href":"https:\/\/roveyayinevi.com.tr\/index.php\/wp-json\/wp\/v2\/product\/712488","targetHints":{"allow":["GET"]}}],"collection":[{"href":"https:\/\/roveyayinevi.com.tr\/index.php\/wp-json\/wp\/v2\/product"}],"about":[{"href":"https:\/\/roveyayinevi.com.tr\/index.php\/wp-json\/wp\/v2\/types\/product"}],"wp:attachment":[{"href":"https:\/\/roveyayinevi.com.tr\/index.php\/wp-json\/wp\/v2\/media?parent=712488"}],"wp:term":[{"taxonomy":"product_brand","embeddable":true,"href":"https:\/\/roveyayinevi.com.tr\/index.php\/wp-json\/wp\/v2\/product_brand?post=712488"},{"taxonomy":"product_cat","embeddable":true,"href":"https:\/\/roveyayinevi.com.tr\/index.php\/wp-json\/wp\/v2\/product_cat?post=712488"},{"taxonomy":"product_tag","embeddable":true,"href":"https:\/\/roveyayinevi.com.tr\/index.php\/wp-json\/wp\/v2\/product_tag?post=712488"}],"curies":[{"name":"wp","href":"https:\/\/api.w.org\/{rel}","templated":true}]}}