{"id":712487,"date":"2025-08-27T16:56:43","date_gmt":"2025-08-27T13:56:43","guid":{"rendered":"https:\/\/roveyayinevi.com.tr\/index.php\/urun\/denize-mektuplar-atan-cocuk\/"},"modified":"2026-04-16T02:21:01","modified_gmt":"2026-04-15T23:21:01","slug":"denize-mektuplar-atan-cocuk","status":"publish","type":"product","link":"https:\/\/roveyayinevi.com.tr\/index.php\/urun\/denize-mektuplar-atan-cocuk\/","title":{"rendered":"Denize Mektuplar Atan \u00c7ocuk"},"content":{"rendered":"<p>Ey deniz minareleri, mart\u0131lar, sisli ufuktan ge\u00e7en gemiler\u2026 Denize Mektuplar Atan \u00c7ocuk, Do\u011fan G\u00fcnd\u00fcz\u2019\u00fcn yazd\u0131\u011f\u0131, Dilek Y\u00f6rdem Ceylan\u2019\u0131n resimledi\u011fi etkileyici bir hik\u00e2ye\u2026Deniz feneri bek\u00e7isi bir ailenin r\u00fczg\u00e2rla, denizle, mart\u0131larla arkada\u015fl\u0131k eden ve hayal g\u00fcc\u00fc geli\u015fmi\u015f bir o\u011flu vard\u0131r. Kendisini \u00e7ok yaln\u0131z hissetmektedir. Peki, bu duygusunu alt etmek i\u00e7in ne mi yapar? TADIMLIK \u201cDeniz ona oyuncaklar getirirdi. K\u0131y\u0131ya \u015famand\u0131ralar, \u00e7ak\u0131l ta\u015flar\u0131, u\u011fuldayan deniz minareleri, \u0131skarmozlar b\u0131rak\u0131rd\u0131. Sonra denizy\u0131ld\u0131zlar\u0131, can simiti, bal\u0131k a\u011flar\u0131, sandal k\u00fcre\u011fi, yenge\u00e7 kolu getirirdi. Daha nice akla hayale gelmedik oyunca\u011f\u0131 her g\u00fcn dalga dalga ona ta\u015f\u0131rd\u0131.\u201d <\/p>\n","protected":false},"excerpt":{"rendered":"<p>Ey deniz minareleri, mart\u0131lar, sisli ufuktan ge\u00e7en gemiler\u2026 Denize Mektuplar Atan \u00c7ocuk, Do\u011fan G\u00fcnd\u00fcz\u2019\u00fcn yazd\u0131\u011f\u0131, Dilek Y\u00f6rdem Ceylan\u2019\u0131n resimledi\u011fi etkileyici bir hik\u00e2ye\u2026Deniz feneri bek\u00e7isi bir ailenin<span class=\"excerpt-hellip\"> [\u2026]<\/span><\/p>\n","protected":false},"featured_media":0,"template":"","meta":{"_monsterinsights_skip_tracking":false,"_monsterinsights_sitenote_active":false,"_monsterinsights_sitenote_note":"","_monsterinsights_sitenote_category":0},"product_brand":[],"product_cat":[12275,12274],"product_tag":[],"class_list":{"0":"post-712487","1":"product","2":"type-product","3":"status-publish","5":"product_cat-6-12-yas-kitaplari","6":"product_cat-cocuk-ve-genclik-kitaplari","7":"pa_cilt-ciltsiz","8":"pa_tur-kitap","9":"pa_yayinevi-yapi-kredi-yayinlari","10":"pa_yazar-dogan-gunduz","12":"first","13":"instock","14":"sale","15":"shipping-taxable","16":"purchasable","17":"product-type-simple"},"_links":{"self":[{"href":"https:\/\/roveyayinevi.com.tr\/index.php\/wp-json\/wp\/v2\/product\/712487","targetHints":{"allow":["GET"]}}],"collection":[{"href":"https:\/\/roveyayinevi.com.tr\/index.php\/wp-json\/wp\/v2\/product"}],"about":[{"href":"https:\/\/roveyayinevi.com.tr\/index.php\/wp-json\/wp\/v2\/types\/product"}],"wp:attachment":[{"href":"https:\/\/roveyayinevi.com.tr\/index.php\/wp-json\/wp\/v2\/media?parent=712487"}],"wp:term":[{"taxonomy":"product_brand","embeddable":true,"href":"https:\/\/roveyayinevi.com.tr\/index.php\/wp-json\/wp\/v2\/product_brand?post=712487"},{"taxonomy":"product_cat","embeddable":true,"href":"https:\/\/roveyayinevi.com.tr\/index.php\/wp-json\/wp\/v2\/product_cat?post=712487"},{"taxonomy":"product_tag","embeddable":true,"href":"https:\/\/roveyayinevi.com.tr\/index.php\/wp-json\/wp\/v2\/product_tag?post=712487"}],"curies":[{"name":"wp","href":"https:\/\/api.w.org\/{rel}","templated":true}]}}