{"id":712486,"date":"2025-08-27T16:56:42","date_gmt":"2025-08-27T13:56:42","guid":{"rendered":"https:\/\/roveyayinevi.com.tr\/index.php\/urun\/avciliktan-gurmelige-yemegin-kulturel-tarihi\/"},"modified":"2026-04-16T02:21:01","modified_gmt":"2026-04-15T23:21:01","slug":"avciliktan-gurmelige-yemegin-kulturel-tarihi","status":"publish","type":"product","link":"https:\/\/roveyayinevi.com.tr\/index.php\/urun\/avciliktan-gurmelige-yemegin-kulturel-tarihi\/","title":{"rendered":"Avc\u0131l\u0131ktan Gurmeli\u011fe &#8211; Yeme\u011fin K\u00fclt\u00fcrel Tarihi"},"content":{"rendered":"<p>On bin y\u0131l \u00f6nce ya\u015fam\u0131\u015f insanlar\u0131n yedikleriyle bizim bug\u00fcn yapt\u0131\u011f\u0131m\u0131z yemekler aras\u0131nda nas\u0131l ortakl\u0131klar var? Kamereddin kay\u0131s\u0131s\u0131 gibi meyvelerin, muhallebi gibi tatl\u0131lar\u0131n isimleri nereden geliyor? Punch diye bilinen i\u00e7kinin \u00e7\u0131k\u0131\u015f yeri ilk ba\u015fta tahmin edebilece\u011fimizden daha yak\u0131nda olabilir mi? Osmanl\u0131 mutfa\u011f\u0131 Avrupa mutfaklar\u0131n\u0131 nas\u0131l etkiledi? Yemekte \u00e7atal b\u0131\u00e7ak kullanma \u00e2deti, sofrada sohbet etme al\u0131\u015fkanl\u0131\u011f\u0131 ne zaman yayg\u0131nla\u015ft\u0131? Avc\u0131l\u0131ktan Gurmeli\u011fe Yeme\u011fin K\u00fclt\u00fcrel Tarihibir mutfak k\u00fclt\u00fcr\u00fc tarihinden fazlas\u0131: \u00d6zg\u00fcn kaynaklara dayanan ve dipnotlar\u0131na kadar her k\u00f6\u015fesinde kar\u015f\u0131la\u015fabilece\u011finiz ilgin\u00e7 bilgileriyle, i\u00e7erdi\u011fi ufuk a\u00e7\u0131c\u0131 saptamalar ve e\u011flenceli anekdotlarla, kapsaml\u0131 bir incelemenin yan\u0131 s\u0131ra keyifli bir okuma da vaat ediyor. Priscilla Mary I\u015f\u0131n\u2019\u0131n \u015fu s\u00f6zleri, okurlar\u0131n kitapta bulaca\u011f\u0131 d\u00fcnyan\u0131n zenginli\u011fine dair ipu\u00e7lar\u0131 veriyor: \u201cYedi\u011fimiz yemek ve yiyeceklerin hepsi ge\u00e7mi\u015fi yans\u0131t\u0131r. Bu durum T\u00fcrkiye\u2019nin mutfa\u011f\u0131na bakt\u0131\u011f\u0131m\u0131z zaman \u00f6zellikle dikkat \u00e7ekicidir. Buna say\u0131s\u0131z \u00f6rnek verilebilir: On bin y\u0131l \u00f6nce ilk \u00e7ift\u00e7ilerin ha\u015flanm\u0131\u015f bu\u011fday yeme\u011finden miras kalan a\u015fure, eski Anadolu medeniyetlerinden boza, eski Yunanlardan zeytinya\u011f\u0131, Romal\u0131lardan lokma, Hindistan\u2019dan patl\u0131can, \u0130ran\u2019dan yahni, Orta Asya\u2019dan mant\u0131, Orta\u00e7a\u011f Arap mutfa\u011f\u0131ndan muhallebi, Afrika\u2019dan bamya, Avrupa\u2019dan sal\u00e7a, Amerika\u2019dan m\u0131s\u0131r&#8230;\u201d Yeme\u011fin K\u00fclt\u00fcrel Tarihig\u0131dalar\u0131n, yemeklerin, pi\u015firme tekniklerinin, sofra al\u0131\u015fkanl\u0131klar\u0131n\u0131n ve adab\u0131n\u0131n k\u00fclt\u00fcrden k\u00fclt\u00fcre, \u00fclkeden \u00fclkeye, k\u0131tadan k\u0131taya yapt\u0131\u011f\u0131 seyahatlerin s\u00fcrprizlerle dolu hik\u00e2yesi; yemeklerin co\u011frafi s\u0131n\u0131rlar\u0131 tan\u0131mad\u0131\u011f\u0131n\u0131n, k\u00fcreselle\u015fmenin \u00f6nce mutfaklar sayesinde ger\u00e7ekle\u015fti\u011finin kan\u0131tlar\u0131yla dolu bir kitap. <\/p>\n","protected":false},"excerpt":{"rendered":"<p>On bin y\u0131l \u00f6nce ya\u015fam\u0131\u015f insanlar\u0131n yedikleriyle bizim bug\u00fcn yapt\u0131\u011f\u0131m\u0131z yemekler aras\u0131nda nas\u0131l ortakl\u0131klar var? Kamereddin kay\u0131s\u0131s\u0131 gibi meyvelerin, muhallebi gibi tatl\u0131lar\u0131n isimleri nereden geliyor? Punch<span class=\"excerpt-hellip\"> [\u2026]<\/span><\/p>\n","protected":false},"featured_media":0,"template":"","meta":{"_monsterinsights_skip_tracking":false,"_monsterinsights_sitenote_active":false,"_monsterinsights_sitenote_note":"","_monsterinsights_sitenote_category":0},"product_brand":[],"product_cat":[20039,13488],"product_tag":[],"class_list":{"0":"post-712486","1":"product","2":"type-product","3":"status-publish","5":"product_cat-kultur-tarihi","6":"product_cat-toplum-ve-insan","7":"pa_cilt-ciltsiz","8":"pa_tur-kitap","9":"pa_yayinevi-yapi-kredi-yayinlari","10":"pa_yazar-priscilla-mary-isin","12":"first","13":"instock","14":"sale","15":"shipping-taxable","16":"purchasable","17":"product-type-simple"},"_links":{"self":[{"href":"https:\/\/roveyayinevi.com.tr\/index.php\/wp-json\/wp\/v2\/product\/712486","targetHints":{"allow":["GET"]}}],"collection":[{"href":"https:\/\/roveyayinevi.com.tr\/index.php\/wp-json\/wp\/v2\/product"}],"about":[{"href":"https:\/\/roveyayinevi.com.tr\/index.php\/wp-json\/wp\/v2\/types\/product"}],"wp:attachment":[{"href":"https:\/\/roveyayinevi.com.tr\/index.php\/wp-json\/wp\/v2\/media?parent=712486"}],"wp:term":[{"taxonomy":"product_brand","embeddable":true,"href":"https:\/\/roveyayinevi.com.tr\/index.php\/wp-json\/wp\/v2\/product_brand?post=712486"},{"taxonomy":"product_cat","embeddable":true,"href":"https:\/\/roveyayinevi.com.tr\/index.php\/wp-json\/wp\/v2\/product_cat?post=712486"},{"taxonomy":"product_tag","embeddable":true,"href":"https:\/\/roveyayinevi.com.tr\/index.php\/wp-json\/wp\/v2\/product_tag?post=712486"}],"curies":[{"name":"wp","href":"https:\/\/api.w.org\/{rel}","templated":true}]}}