{"id":712485,"date":"2025-08-27T16:56:42","date_gmt":"2025-08-27T13:56:42","guid":{"rendered":"https:\/\/roveyayinevi.com.tr\/index.php\/urun\/toplumlarin-sonu\/"},"modified":"2026-04-16T02:21:01","modified_gmt":"2026-04-15T23:21:01","slug":"toplumlarin-sonu","status":"publish","type":"product","link":"https:\/\/roveyayinevi.com.tr\/index.php\/urun\/toplumlarin-sonu\/","title":{"rendered":"Toplumlar\u0131n Sonu"},"content":{"rendered":"<p>\u201cTarihin sonuna gelmedik, ama yeni deneyim ve siyasal tart\u0131\u015fma alanlar\u0131n\u0131n olu\u015ftu\u011funu g\u00f6r\u00fcyoruz. Bunlar\u0131n akt\u00f6rleri kendi tarihsellikleriyle de\u011fil, i\u00e7inde ya\u015fad\u0131klar\u0131 topluma n\u00fcfuz d\u00fczeyleriyle tan\u0131ml\u0131. Kabul edelim, bu saptama bizi \u015fa\u015f\u0131rtt\u0131. Ac\u0131mas\u0131z duruma d\u00f6nen bir d\u00fcnyada m\u0131, yoksa tam tersine Big Brother\u2019\u0131n mutlak egemenli\u011fine giren bir d\u00fcnyada m\u0131 ya\u015f\u0131yoruz? D\u00fcnya tarihinin bug\u00fcnk\u00fc evresini nitelemek i\u00e7in, \u00f6zellikle de demokratik kurumlar\u0131n i\u015fledi\u011fi, denetlenmeyen \u2018toplumsal ileti\u015fim a\u011flar\u0131n\u0131n\u2019 kuruldu\u011fu ve \u00e7ok\u00e7a \u00fclkenin, iktidar\u0131n \u00e7o\u011funlu\u011fun elinde olmas\u0131n\u0131 sa\u011flad\u0131ktan sonra az\u0131nl\u0131klar\u0131n haklar\u0131n\u0131 g\u00fc\u00e7lendirmeye \u00e7al\u0131\u015ft\u0131\u011f\u0131 bat\u0131da bunu yapmak i\u00e7in bir zamanlar\u0131n s\u00f6zc\u00fcklerini kullanmakta duraks\u0131yoruz.\u201d Klasik toplumbilimin en \u00f6nemli fig\u00fcrlerinden Alain Touraine, Toplumlar\u0131n Sonu\u2019nda Krizden Sonraile ba\u015flad\u0131\u011f\u0131 ekonomik kriz olgusunun toplum \u00fczerine etkilerini incelemeye devam ediyor. Ama bu defa Evrensel \u0130nsan Haklar\u0131\u2019n\u0131 temel alan yeni bir \u00f6znenin ve yeni bir toplumun gereklili\u011fini hayk\u0131rarak\u2026 <\/p>\n","protected":false},"excerpt":{"rendered":"<p>\u201cTarihin sonuna gelmedik, ama yeni deneyim ve siyasal tart\u0131\u015fma alanlar\u0131n\u0131n olu\u015ftu\u011funu g\u00f6r\u00fcyoruz. Bunlar\u0131n akt\u00f6rleri kendi tarihsellikleriyle de\u011fil, i\u00e7inde ya\u015fad\u0131klar\u0131 topluma n\u00fcfuz d\u00fczeyleriyle tan\u0131ml\u0131. Kabul edelim, bu<span class=\"excerpt-hellip\"> [\u2026]<\/span><\/p>\n","protected":false},"featured_media":0,"template":"","meta":{"_monsterinsights_skip_tracking":false,"_monsterinsights_sitenote_active":false,"_monsterinsights_sitenote_note":"","_monsterinsights_sitenote_category":0},"product_brand":[],"product_cat":[12835,12324],"product_tag":[],"class_list":{"0":"post-712485","1":"product","2":"type-product","3":"status-publish","5":"product_cat-genel-sosyoloji","6":"product_cat-sosyoloji","7":"pa_cilt-ciltsiz","8":"pa_tur-kitap","9":"pa_yayinevi-yapi-kredi-yayinlari","10":"pa_yazar-alain-touraine","12":"first","13":"instock","14":"sale","15":"shipping-taxable","16":"purchasable","17":"product-type-simple"},"_links":{"self":[{"href":"https:\/\/roveyayinevi.com.tr\/index.php\/wp-json\/wp\/v2\/product\/712485","targetHints":{"allow":["GET"]}}],"collection":[{"href":"https:\/\/roveyayinevi.com.tr\/index.php\/wp-json\/wp\/v2\/product"}],"about":[{"href":"https:\/\/roveyayinevi.com.tr\/index.php\/wp-json\/wp\/v2\/types\/product"}],"wp:attachment":[{"href":"https:\/\/roveyayinevi.com.tr\/index.php\/wp-json\/wp\/v2\/media?parent=712485"}],"wp:term":[{"taxonomy":"product_brand","embeddable":true,"href":"https:\/\/roveyayinevi.com.tr\/index.php\/wp-json\/wp\/v2\/product_brand?post=712485"},{"taxonomy":"product_cat","embeddable":true,"href":"https:\/\/roveyayinevi.com.tr\/index.php\/wp-json\/wp\/v2\/product_cat?post=712485"},{"taxonomy":"product_tag","embeddable":true,"href":"https:\/\/roveyayinevi.com.tr\/index.php\/wp-json\/wp\/v2\/product_tag?post=712485"}],"curies":[{"name":"wp","href":"https:\/\/api.w.org\/{rel}","templated":true}]}}