{"id":712484,"date":"2025-08-27T16:56:41","date_gmt":"2025-08-27T13:56:41","guid":{"rendered":"https:\/\/roveyayinevi.com.tr\/index.php\/urun\/sosyalizm-ve-anti-sosyalizm\/"},"modified":"2026-01-29T02:37:54","modified_gmt":"2026-01-28T23:37:54","slug":"sosyalizm-ve-anti-sosyalizm","status":"publish","type":"product","link":"https:\/\/roveyayinevi.com.tr\/index.php\/urun\/sosyalizm-ve-anti-sosyalizm\/","title":{"rendered":"Sosyalizm Ve Anti-Sosyalizm"},"content":{"rendered":"<p>Sovyetler Birli\u011fi\u2019nin y\u0131k\u0131l\u0131\u015f\u0131ndan sonra sosyalizm \u00fczerine tart\u0131\u015fmalar yo\u011fun bi\u00e7imde devrimci hareketin g\u00fcndemine girdi. Bu, ka\u00e7\u0131n\u0131lmaz bir tart\u0131\u015fmayd\u0131. Sovyetler Birli\u011fi\u2019nin ni\u00e7in y\u0131k\u0131ld\u0131\u011f\u0131n\u0131 anlayabilmek i\u00e7in zorunluydu. Sovyetler Birli\u011fi\u2019ni sosyalist olarak kabul edenlerin yan\u0131tlar\u0131yla, sosyalist olarak g\u00f6rmeyenlerinin yan\u0131tlar\u0131 farkl\u0131 olacakt\u0131. Sosyalizmin devrimci Marksist bi\u00e7imiyle ne oldu\u011funun bilinmesi gerekiyor. Sovyetler Birli\u011fi\u2019nin sosyalist bir toplum mu, yoksa bir ge\u00e7i\u015f toplumu mu oldu\u011fu \u00f6nemlidir. Y\u0131k\u0131lan olgunun ne oldu\u011fu anla\u015f\u0131lmadan, y\u0131k\u0131nt\u0131n\u0131n nedenleri do\u011fru \u015fekilde saptanamaz. Bu kitapta toplanan yaz\u0131lar, Sovyetler Birli\u011fi\u2019nin y\u0131k\u0131l\u0131\u015f\u0131ndan sonra yaz\u0131lm\u0131\u015f kitaplardan \u00f6rnekler se\u00e7erek, Sovyetler Birli\u011fi\u2019nin y\u0131k\u0131l\u0131\u015f nedenlerini tart\u0131\u015fmaktad\u0131r. Marksizm i\u00e7i d\u00fc\u015f\u00fcncelerle, Marksizm kar\u015f\u0131t\u0131 d\u00fc\u015f\u00fcnceleri ay\u0131rmaktad\u0131r. Bir tarafta sosyalizm var, kar\u015f\u0131 tarafta anti-sosyalizm! <\/p>\n","protected":false},"excerpt":{"rendered":"<p>Sovyetler Birli\u011fi\u2019nin y\u0131k\u0131l\u0131\u015f\u0131ndan sonra sosyalizm \u00fczerine tart\u0131\u015fmalar yo\u011fun bi\u00e7imde devrimci hareketin g\u00fcndemine girdi. Bu, ka\u00e7\u0131n\u0131lmaz bir tart\u0131\u015fmayd\u0131. Sovyetler Birli\u011fi\u2019nin ni\u00e7in y\u0131k\u0131ld\u0131\u011f\u0131n\u0131 anlayabilmek i\u00e7in zorunluydu. Sovyetler Birli\u011fi\u2019ni<span class=\"excerpt-hellip\"> [\u2026]<\/span><\/p>\n","protected":false},"featured_media":0,"template":"","meta":{"_monsterinsights_skip_tracking":false,"_monsterinsights_sitenote_active":false,"_monsterinsights_sitenote_note":"","_monsterinsights_sitenote_category":0},"product_brand":[],"product_cat":[12337,16547],"product_tag":[],"class_list":{"0":"post-712484","1":"product","2":"type-product","3":"status-publish","5":"product_cat-politika-siyaset","6":"product_cat-sol-hareketler","7":"pa_cilt-ciltsiz","8":"pa_tur-kitap","9":"pa_yayinevi-utopya-yayinevi","10":"pa_yazar-mehmet-inanc-turan","12":"first","13":"instock","14":"sale","15":"shipping-taxable","16":"purchasable","17":"product-type-simple"},"_links":{"self":[{"href":"https:\/\/roveyayinevi.com.tr\/index.php\/wp-json\/wp\/v2\/product\/712484","targetHints":{"allow":["GET"]}}],"collection":[{"href":"https:\/\/roveyayinevi.com.tr\/index.php\/wp-json\/wp\/v2\/product"}],"about":[{"href":"https:\/\/roveyayinevi.com.tr\/index.php\/wp-json\/wp\/v2\/types\/product"}],"wp:attachment":[{"href":"https:\/\/roveyayinevi.com.tr\/index.php\/wp-json\/wp\/v2\/media?parent=712484"}],"wp:term":[{"taxonomy":"product_brand","embeddable":true,"href":"https:\/\/roveyayinevi.com.tr\/index.php\/wp-json\/wp\/v2\/product_brand?post=712484"},{"taxonomy":"product_cat","embeddable":true,"href":"https:\/\/roveyayinevi.com.tr\/index.php\/wp-json\/wp\/v2\/product_cat?post=712484"},{"taxonomy":"product_tag","embeddable":true,"href":"https:\/\/roveyayinevi.com.tr\/index.php\/wp-json\/wp\/v2\/product_tag?post=712484"}],"curies":[{"name":"wp","href":"https:\/\/api.w.org\/{rel}","templated":true}]}}