{"id":712482,"date":"2025-08-27T16:56:40","date_gmt":"2025-08-27T13:56:40","guid":{"rendered":"https:\/\/roveyayinevi.com.tr\/index.php\/urun\/saglikli-yasam-kita-ve-timsah-dislerini-fircaliyor\/"},"modified":"2025-11-06T04:36:48","modified_gmt":"2025-11-06T01:36:48","slug":"saglikli-yasam-kita-ve-timsah-dislerini-fircaliyor","status":"publish","type":"product","link":"https:\/\/roveyayinevi.com.tr\/index.php\/urun\/saglikli-yasam-kita-ve-timsah-dislerini-fircaliyor\/","title":{"rendered":"Sa\u011fl\u0131kl\u0131 Ya\u015fam &#8211; Kita ve Timsah Di\u015flerini F\u0131r\u00e7al\u0131yor"},"content":{"rendered":"<p>Kita ve Timsah Di\u015flerini F\u0131r\u00e7al\u0131yor   Kita\u2019n\u0131n yeni arkada\u015f\u0131 Timsah\u2019\u0131n di\u015fleri \u00e7ok a\u011fr\u0131yor! Kita ona di\u015flerinin neden a\u011fr\u0131d\u0131\u011f\u0131n\u0131, bu a\u011fr\u0131dan nas\u0131l kurtulabilece\u011fini, di\u015flerinin sa\u011fl\u0131kl\u0131 olmas\u0131 i\u00e7in onlar\u0131 nas\u0131l f\u0131r\u00e7alamas\u0131 gerekti\u011fini ve d\u00fczenli olarak di\u015f hekimine gitmesinin neden gerekli oldu\u011funu \u00f6\u011fretiyor. <\/p>\n","protected":false},"excerpt":{"rendered":"<p>Kita ve Timsah Di\u015flerini F\u0131r\u00e7al\u0131yor Kita\u2019n\u0131n yeni arkada\u015f\u0131 Timsah\u2019\u0131n di\u015fleri \u00e7ok a\u011fr\u0131yor! Kita ona di\u015flerinin neden a\u011fr\u0131d\u0131\u011f\u0131n\u0131, bu a\u011fr\u0131dan nas\u0131l kurtulabilece\u011fini, di\u015flerinin sa\u011fl\u0131kl\u0131 olmas\u0131 i\u00e7in onlar\u0131<span class=\"excerpt-hellip\"> [\u2026]<\/span><\/p>\n","protected":false},"featured_media":0,"template":"","meta":{"_monsterinsights_skip_tracking":false,"_monsterinsights_sitenote_active":false,"_monsterinsights_sitenote_note":"","_monsterinsights_sitenote_category":0},"product_brand":[],"product_cat":[12913,12274],"product_tag":[],"class_list":{"0":"post-712482","1":"product","2":"type-product","3":"status-publish","5":"product_cat-3-6-yas-kitaplari","6":"product_cat-cocuk-ve-genclik-kitaplari","7":"pa_cilt-ciltsiz","8":"pa_tur-kitap","9":"pa_yayinevi-1001-cicek-kitaplar","10":"pa_yazar-kollektif","12":"first","13":"instock","14":"sale","15":"shipping-taxable","16":"purchasable","17":"product-type-simple"},"_links":{"self":[{"href":"https:\/\/roveyayinevi.com.tr\/index.php\/wp-json\/wp\/v2\/product\/712482","targetHints":{"allow":["GET"]}}],"collection":[{"href":"https:\/\/roveyayinevi.com.tr\/index.php\/wp-json\/wp\/v2\/product"}],"about":[{"href":"https:\/\/roveyayinevi.com.tr\/index.php\/wp-json\/wp\/v2\/types\/product"}],"wp:attachment":[{"href":"https:\/\/roveyayinevi.com.tr\/index.php\/wp-json\/wp\/v2\/media?parent=712482"}],"wp:term":[{"taxonomy":"product_brand","embeddable":true,"href":"https:\/\/roveyayinevi.com.tr\/index.php\/wp-json\/wp\/v2\/product_brand?post=712482"},{"taxonomy":"product_cat","embeddable":true,"href":"https:\/\/roveyayinevi.com.tr\/index.php\/wp-json\/wp\/v2\/product_cat?post=712482"},{"taxonomy":"product_tag","embeddable":true,"href":"https:\/\/roveyayinevi.com.tr\/index.php\/wp-json\/wp\/v2\/product_tag?post=712482"}],"curies":[{"name":"wp","href":"https:\/\/api.w.org\/{rel}","templated":true}]}}