{"id":712481,"date":"2025-08-27T16:56:40","date_gmt":"2025-08-27T13:56:40","guid":{"rendered":"https:\/\/roveyayinevi.com.tr\/index.php\/urun\/saglikli-yasam-kita-ve-kertenkele-egzersiz-yapiyor\/"},"modified":"2025-11-06T04:36:48","modified_gmt":"2025-11-06T01:36:48","slug":"saglikli-yasam-kita-ve-kertenkele-egzersiz-yapiyor","status":"publish","type":"product","link":"https:\/\/roveyayinevi.com.tr\/index.php\/urun\/saglikli-yasam-kita-ve-kertenkele-egzersiz-yapiyor\/","title":{"rendered":"Sa\u011fl\u0131kl\u0131 Ya\u015fam &#8211; Kita ve Kertenkele Egzersiz Yap\u0131yor"},"content":{"rendered":"<p>Kita ve Kertenkele Egzersiz Yap\u0131yor   Kita\u2019n\u0131n yeni arkada\u015f\u0131 Kertenkele her g\u00fcn televizyon kar\u015f\u0131s\u0131nda oturmaktan \u00e7ok keyif al\u0131yor ve hi\u00e7 hareket etmiyor! Kita ona egzersiz yapman\u0131n televizyon izlemekten daha e\u011flenceli oldu\u011funu, nas\u0131l egzersiz yapaca\u011f\u0131n\u0131 ve egzersizin v\u00fccudumuz i\u00e7in faydalar\u0131n\u0131 \u00f6\u011fretiyor. <\/p>\n","protected":false},"excerpt":{"rendered":"<p>Kita ve Kertenkele Egzersiz Yap\u0131yor Kita\u2019n\u0131n yeni arkada\u015f\u0131 Kertenkele her g\u00fcn televizyon kar\u015f\u0131s\u0131nda oturmaktan \u00e7ok keyif al\u0131yor ve hi\u00e7 hareket etmiyor! Kita ona egzersiz yapman\u0131n televizyon<span class=\"excerpt-hellip\"> [\u2026]<\/span><\/p>\n","protected":false},"featured_media":0,"template":"","meta":{"_monsterinsights_skip_tracking":false,"_monsterinsights_sitenote_active":false,"_monsterinsights_sitenote_note":"","_monsterinsights_sitenote_category":0},"product_brand":[],"product_cat":[12913,12274],"product_tag":[],"class_list":{"0":"post-712481","1":"product","2":"type-product","3":"status-publish","5":"product_cat-3-6-yas-kitaplari","6":"product_cat-cocuk-ve-genclik-kitaplari","7":"pa_cilt-ciltsiz","8":"pa_tur-kitap","9":"pa_yayinevi-1001-cicek-kitaplar","10":"pa_yazar-kollektif","12":"first","13":"instock","14":"sale","15":"shipping-taxable","16":"purchasable","17":"product-type-simple"},"_links":{"self":[{"href":"https:\/\/roveyayinevi.com.tr\/index.php\/wp-json\/wp\/v2\/product\/712481","targetHints":{"allow":["GET"]}}],"collection":[{"href":"https:\/\/roveyayinevi.com.tr\/index.php\/wp-json\/wp\/v2\/product"}],"about":[{"href":"https:\/\/roveyayinevi.com.tr\/index.php\/wp-json\/wp\/v2\/types\/product"}],"wp:attachment":[{"href":"https:\/\/roveyayinevi.com.tr\/index.php\/wp-json\/wp\/v2\/media?parent=712481"}],"wp:term":[{"taxonomy":"product_brand","embeddable":true,"href":"https:\/\/roveyayinevi.com.tr\/index.php\/wp-json\/wp\/v2\/product_brand?post=712481"},{"taxonomy":"product_cat","embeddable":true,"href":"https:\/\/roveyayinevi.com.tr\/index.php\/wp-json\/wp\/v2\/product_cat?post=712481"},{"taxonomy":"product_tag","embeddable":true,"href":"https:\/\/roveyayinevi.com.tr\/index.php\/wp-json\/wp\/v2\/product_tag?post=712481"}],"curies":[{"name":"wp","href":"https:\/\/api.w.org\/{rel}","templated":true}]}}