{"id":712480,"date":"2025-08-27T16:56:39","date_gmt":"2025-08-27T13:56:39","guid":{"rendered":"https:\/\/roveyayinevi.com.tr\/index.php\/urun\/hayir-nein-hayir-demeyi-ogreniyorum\/"},"modified":"2026-04-16T02:21:01","modified_gmt":"2026-04-15T23:21:01","slug":"hayir-nein-hayir-demeyi-ogreniyorum","status":"publish","type":"product","link":"https:\/\/roveyayinevi.com.tr\/index.php\/urun\/hayir-nein-hayir-demeyi-ogreniyorum\/","title":{"rendered":"Hay\u0131r! Nein! Hay\u0131r Demeyi \u00d6\u011freniyorum"},"content":{"rendered":"<p>Neinsagen aus \u00dcberzeugung will gelernt sein und bedarf oft gro\u00dfen Mutes! Dies soll mit dem vorliegenden B\u00fcchlein jungen Kindern vermittelt werden. Einfache Beispiele aus der Welt des Kindes zeigen auf, dass sowohl das \u201cNEIN\u201d-sagen als auch das \u201cJA\u201d-sagen jeweils einen eigenen Platz im Alltag haben und von den Kindern erlernt, einge\u00fcbt und \u2018tapfer\u2019 vertreten werden sollen! Die Texte werden durch liebevoll gemalte Bilder erg\u00e4nzt und bilden so eine gute Vorlage und Anregung, um \u00fcber die Wirkung und Bedeutung eines \u201cNEIN\u201d und eines \u201cJA\u201d nachzudenken und so seinen eigenen Weg zu finden. M\u00f6ge das B\u00fcchlein vielen Kindern Mut machen und sie st\u00e4rken!   Dipl.-Psych. MARGA MARKSTEIN, Kinder- und Jugendlichenpsychotherapeutin Bir \u00e7ocuk bilmez kendi haklar\u0131n\u0131. O y\u00fczden \u2018\u2019\u00c7ocuk Haklar\u0131\u2019\u2019 b\u00fcy\u00fcklere emanettir. Ve \u00f6zg\u00fcrce ya\u015famak her \u00e7ocu\u011fun hakk\u0131d\u0131r\u2026 Hayali en g\u00fczel \u00e7ocuklar kurar. Bu y\u00fczden umuttur bizler i\u00e7in \u00e7ocuklar. Bize i\u00e7imizdeki \u00e7ocu\u011fu hat\u0131rlat\u0131r.  Bir g\u00fcn bir el gelir, o \u00e7ocu\u011fun bedenine dokunur. Asl\u0131nda dokundu\u011fu sadece o \u00e7ocu\u011fun bedeni de\u011fildir. O el gelir o \u00e7ocu\u011fun hayallerini, ne\u015fesini, safl\u0131\u011f\u0131n\u0131 al\u0131r g\u00f6t\u00fcr\u00fcr\u2026 Herkese evet diyen \u00e7ocuk, kendine hay\u0131r demi\u015f olur. Ve kendine hay\u0131r diyen \u00e7ocuk ba\u015fka ellerde tutsak olur. Hayal kurmaya, oyun oynamaya, g\u00fcl\u00fcmsemeye \u2018\u2019evet\u2019\u2019 de \u00e7ocuk, kendin i\u00e7in\u2026 Ve bunlar\u0131 senden almaya \u00e7al\u0131\u015fan herkese de \u2018\u2019hay\u0131r\u2019\u2019 de \u00e7ocuk\u2026 Biz herkese evet diyerek i\u00e7imizdeki \u00e7ocu\u011fu ya\u015fatamad\u0131k, sen \u2018\u2019HAYIR\u2019\u2019 diyerek hayal kurnaya, oyun oynamaya devam et \u00e7ocuk. Hakk\u0131n olan \u00f6zg\u00fcrce ya\u015fam i\u00e7in, seni g\u00f6rd\u00fc\u011f\u00fcm\u00fczde bizim de g\u00fcl\u00fcmseyebilmemiz i\u00e7in, kendini koru\u2026 Hay\u0131r demeyi \u00f6\u011frenerek\u2026 \u0130\u015fte bu nedenle, elinde tuttu\u011fun bu kitap \u00e7ocuklar\u0131n anlayaca\u011f\u0131 dilde onlara \u2018\u2019hay\u0131r\u2019\u2019 demeyi \u00f6\u011fretmeyi ama\u00e7lam\u0131\u015ft\u0131r.  Hay\u0131r diyebilen \u00e7ocuk, gelece\u011fine evet demi\u015f olur. E\u011fer sen de \u00e7ocuklar i\u00e7in ayn\u0131 \u015fekilde d\u00fc\u015f\u00fcn\u00fcyorsan, bu kitab\u0131 ula\u015ft\u0131rabildi\u011fin kadar \u00e7ocu\u011fa ula\u015ft\u0131r l\u00fctfen. Dr. \u0130ZZET MEM\u0130 <\/p>\n","protected":false},"excerpt":{"rendered":"<p>Neinsagen aus \u00dcberzeugung will gelernt sein und bedarf oft gro\u00dfen Mutes! Dies soll mit dem vorliegenden B\u00fcchlein jungen Kindern vermittelt werden. Einfache Beispiele aus der Welt<span class=\"excerpt-hellip\"> [\u2026]<\/span><\/p>\n","protected":false},"featured_media":0,"template":"","meta":{"_monsterinsights_skip_tracking":false,"_monsterinsights_sitenote_active":false,"_monsterinsights_sitenote_note":"","_monsterinsights_sitenote_category":0},"product_brand":[],"product_cat":[12275,12274],"product_tag":[],"class_list":{"0":"post-712480","1":"product","2":"type-product","3":"status-publish","5":"product_cat-6-12-yas-kitaplari","6":"product_cat-cocuk-ve-genclik-kitaplari","7":"pa_cilt-ciltli","8":"pa_tur-kitap","9":"pa_yayinevi-peron-kitap","10":"pa_yazar-tamer-dursun","12":"first","13":"instock","14":"sale","15":"shipping-taxable","16":"purchasable","17":"product-type-simple"},"_links":{"self":[{"href":"https:\/\/roveyayinevi.com.tr\/index.php\/wp-json\/wp\/v2\/product\/712480","targetHints":{"allow":["GET"]}}],"collection":[{"href":"https:\/\/roveyayinevi.com.tr\/index.php\/wp-json\/wp\/v2\/product"}],"about":[{"href":"https:\/\/roveyayinevi.com.tr\/index.php\/wp-json\/wp\/v2\/types\/product"}],"wp:attachment":[{"href":"https:\/\/roveyayinevi.com.tr\/index.php\/wp-json\/wp\/v2\/media?parent=712480"}],"wp:term":[{"taxonomy":"product_brand","embeddable":true,"href":"https:\/\/roveyayinevi.com.tr\/index.php\/wp-json\/wp\/v2\/product_brand?post=712480"},{"taxonomy":"product_cat","embeddable":true,"href":"https:\/\/roveyayinevi.com.tr\/index.php\/wp-json\/wp\/v2\/product_cat?post=712480"},{"taxonomy":"product_tag","embeddable":true,"href":"https:\/\/roveyayinevi.com.tr\/index.php\/wp-json\/wp\/v2\/product_tag?post=712480"}],"curies":[{"name":"wp","href":"https:\/\/api.w.org\/{rel}","templated":true}]}}