{"id":712478,"date":"2025-08-27T16:56:38","date_gmt":"2025-08-27T13:56:38","guid":{"rendered":"https:\/\/roveyayinevi.com.tr\/index.php\/urun\/uluslarin-zenginligi-secmeler\/"},"modified":"2026-04-16T02:21:01","modified_gmt":"2026-04-15T23:21:01","slug":"uluslarin-zenginligi-secmeler","status":"publish","type":"product","link":"https:\/\/roveyayinevi.com.tr\/index.php\/urun\/uluslarin-zenginligi-secmeler\/","title":{"rendered":"Uluslar\u0131n Zenginli\u011fi (Se\u00e7meler)"},"content":{"rendered":"<p>18. y\u00fczy\u0131l\u0131n \u00f6nde gelen ahlak felsefecilerinden ve iktisat\u00e7\u0131lar\u0131ndan biri olan Adam Smith, ba\u015fyap\u0131t\u0131 Uluslar\u0131n Zenginli\u011fi\u2019nde ekonomik b\u00fcy\u00fcmeyi t\u00fcm y\u00f6nleriyle ele al\u0131yor. \u00c7a\u011fda\u015f iktisat alan\u0131ndaki ilk eser olarak kabul edilen bu kitab\u0131n ekonomi disiplininin ortaya \u00e7\u0131kmas\u0131nda ve sistematik hale gelmesinde b\u00fcy\u00fck bir katk\u0131s\u0131 vard\u0131r. Ayr\u0131ca Smith\u2019in, \u00f6nermelerini yaln\u0131zca ekonomiye de\u011fil felsefe, sosyoloji, matematik gibi alanlara dayand\u0131\u0131rmas\u0131 a\u00e7\u0131s\u0131ndan da eser b\u00fcy\u00fck \u00f6nem ta\u015f\u0131yor. Eserde, sak\u0131nmac\u0131 politikan\u0131n ticaretin geli\u015fmesine ve \u00fclkelerin zenginli\u011fine engel oldu\u011fu d\u00fc\u015f\u00fcncesi vurgulan\u0131yor ve serbest piyasan\u0131n san\u0131lan\u0131n aksine karma\u015f\u0131k de\u011fil adeta \u201cgizli bir el\u201d taraf\u0131ndan y\u00f6netiliyormu\u015f\u00e7as\u0131na son derece sistemli oldu\u011fu savunuluyor. \ufffc<\/p>\n","protected":false},"excerpt":{"rendered":"<p>18. y\u00fczy\u0131l\u0131n \u00f6nde gelen ahlak felsefecilerinden ve iktisat\u00e7\u0131lar\u0131ndan biri olan Adam Smith, ba\u015fyap\u0131t\u0131 Uluslar\u0131n Zenginli\u011fi\u2019nde ekonomik b\u00fcy\u00fcmeyi t\u00fcm y\u00f6nleriyle ele al\u0131yor. \u00c7a\u011fda\u015f iktisat alan\u0131ndaki ilk eser<span class=\"excerpt-hellip\"> [\u2026]<\/span><\/p>\n","protected":false},"featured_media":0,"template":"","meta":{"_monsterinsights_skip_tracking":false,"_monsterinsights_sitenote_active":false,"_monsterinsights_sitenote_note":"","_monsterinsights_sitenote_category":0},"product_brand":[],"product_cat":[13590,12337],"product_tag":[],"class_list":{"0":"post-712478","1":"product","2":"type-product","3":"status-publish","5":"product_cat-arastirma-inceleme-politika-siyaset","6":"product_cat-politika-siyaset","7":"pa_cilt-ciltsiz","8":"pa_tur-kitap","9":"pa_yayinevi-say-yayinlari","10":"pa_yazar-adam-smith","12":"first","13":"instock","14":"sale","15":"shipping-taxable","16":"purchasable","17":"product-type-simple"},"_links":{"self":[{"href":"https:\/\/roveyayinevi.com.tr\/index.php\/wp-json\/wp\/v2\/product\/712478","targetHints":{"allow":["GET"]}}],"collection":[{"href":"https:\/\/roveyayinevi.com.tr\/index.php\/wp-json\/wp\/v2\/product"}],"about":[{"href":"https:\/\/roveyayinevi.com.tr\/index.php\/wp-json\/wp\/v2\/types\/product"}],"wp:attachment":[{"href":"https:\/\/roveyayinevi.com.tr\/index.php\/wp-json\/wp\/v2\/media?parent=712478"}],"wp:term":[{"taxonomy":"product_brand","embeddable":true,"href":"https:\/\/roveyayinevi.com.tr\/index.php\/wp-json\/wp\/v2\/product_brand?post=712478"},{"taxonomy":"product_cat","embeddable":true,"href":"https:\/\/roveyayinevi.com.tr\/index.php\/wp-json\/wp\/v2\/product_cat?post=712478"},{"taxonomy":"product_tag","embeddable":true,"href":"https:\/\/roveyayinevi.com.tr\/index.php\/wp-json\/wp\/v2\/product_tag?post=712478"}],"curies":[{"name":"wp","href":"https:\/\/api.w.org\/{rel}","templated":true}]}}