{"id":712474,"date":"2025-08-27T16:56:36","date_gmt":"2025-08-27T13:56:36","guid":{"rendered":"https:\/\/roveyayinevi.com.tr\/index.php\/urun\/halil-inalcik-armagani-4\/"},"modified":"2026-04-16T02:21:01","modified_gmt":"2026-04-15T23:21:01","slug":"halil-inalcik-armagani-4","status":"publish","type":"product","link":"https:\/\/roveyayinevi.com.tr\/index.php\/urun\/halil-inalcik-armagani-4\/","title":{"rendered":"Halil \u0130nalc\u0131k Arma\u011fan\u0131 4"},"content":{"rendered":"<p>\u00d6zlem Kutkan Osmanl\u0131 \u0130mparatorlu\u011fu\u2019nda Bir Misyoner Hekim ve D\u00fcnyas\u0131: David H. Nutting (1854-1875) Fatih Durgun Lancaster\u0130ngilteresi\u2019nin \u0130lk Y\u0131llar\u0131nda Veraset Usul\u00fc Tart\u0131\u015fmas\u0131 ve Tarihyaz\u0131m\u0131   Hasan H\u00fcseyin G\u00fcne\u015f Kud\u00fcs Halilurrahman Vakf\u0131ndaki Aksakl\u0131k ve Bozulmalar \u00dczerine Bir De\u011ferlendirme (16. ve 17. Y\u00fczy\u0131llar) Zahit At\u00e7\u0131l \u00c7a\u011fda\u015flar\u0131n\u0131n G\u00f6z\u00fcnden R\u00fcstem Pa\u015fa\u2019n\u0131n Sadrazaml\u0131\u011f\u0131 Szabolcs Hadnagy 1658 Erdel Seferi\u2019ne Y\u00f6nelik Planlar ve Hayata Ge\u00e7irili\u015fi Esra \u00d6zs\u00fcer Pop\u00fcler K\u00fclt\u00fcr A\u00e7\u0131s\u0131ndan Yunan Sinemas\u0131nda \u201cFustanella\u201d Filmleri ve Anti-T\u00fcrk Propagandas\u0131 Kadir Kon Atat\u00fcrk\u2019\u00fcnT\u00fcrkiyesiYolunda 1923 (II.) TBMM Se\u00e7imleri H\u00e2kimiyet-i  Milliye Gazetesi Temelinde Bir S\u00fcre\u00e7 Analizi Mustafa Tanr\u0131verdi Rusya\u2019da K\u00f6yl\u00fclerin K\u00f6lele\u015ftirilme S\u00fcrecindeHukuki D\u00fczenlemeler ErolKarc\u0131 Sivas Vilayeti\u2019nin \u0130dari, Ekonomik ve Sosyal Durumuna Dair Tespitler (1914-1915) \u0130dris Y\u00fccel \u2013 Biray \u00c7akmak Osmanl\u0131 Devleti\u2019nin Eski Eser Politikas\u0131 Mustafa \u0130nce El-Ahram Gazetesinin Kurucular\u0131ndan Bi\u015faraTakla\u2019n\u0131n Sultan II. Abd\u00fclhamid ile \u0130li\u015fkileri ve Osmanl\u0131 \u0130mparatorlu\u011fu\u2019na Dair G\u00f6r\u00fc\u015fleri Yunus Emre \u00c7ak\u0131r Modern Devletin G\u00f6zetleme Prati\u011fi Olarak Jurnal ve Yak\u0131n\u00e7a\u011f Tarihi Kayna\u011f\u0131 Olarak Jurnal Defterleri <\/p>\n","protected":false},"excerpt":{"rendered":"<p>\u00d6zlem Kutkan Osmanl\u0131 \u0130mparatorlu\u011fu\u2019nda Bir Misyoner Hekim ve D\u00fcnyas\u0131: David H. Nutting (1854-1875) Fatih Durgun Lancaster\u0130ngilteresi\u2019nin \u0130lk Y\u0131llar\u0131nda Veraset Usul\u00fc Tart\u0131\u015fmas\u0131 ve Tarihyaz\u0131m\u0131 Hasan H\u00fcseyin G\u00fcne\u015f<span class=\"excerpt-hellip\"> [\u2026]<\/span><\/p>\n","protected":false},"featured_media":0,"template":"","meta":{"_monsterinsights_skip_tracking":false,"_monsterinsights_sitenote_active":false,"_monsterinsights_sitenote_note":"","_monsterinsights_sitenote_category":0},"product_brand":[],"product_cat":[12370,12304],"product_tag":[],"class_list":{"0":"post-712474","1":"product","2":"type-product","3":"status-publish","5":"product_cat-arastirma-inceleme","6":"product_cat-tarih","7":"pa_cilt-ciltsiz","8":"pa_tur-kitap","9":"pa_yayinevi-dogu-bati-yayinlari","10":"pa_yazar-halil-inalcik","12":"first","13":"instock","14":"sale","15":"shipping-taxable","16":"purchasable","17":"product-type-simple"},"_links":{"self":[{"href":"https:\/\/roveyayinevi.com.tr\/index.php\/wp-json\/wp\/v2\/product\/712474","targetHints":{"allow":["GET"]}}],"collection":[{"href":"https:\/\/roveyayinevi.com.tr\/index.php\/wp-json\/wp\/v2\/product"}],"about":[{"href":"https:\/\/roveyayinevi.com.tr\/index.php\/wp-json\/wp\/v2\/types\/product"}],"wp:attachment":[{"href":"https:\/\/roveyayinevi.com.tr\/index.php\/wp-json\/wp\/v2\/media?parent=712474"}],"wp:term":[{"taxonomy":"product_brand","embeddable":true,"href":"https:\/\/roveyayinevi.com.tr\/index.php\/wp-json\/wp\/v2\/product_brand?post=712474"},{"taxonomy":"product_cat","embeddable":true,"href":"https:\/\/roveyayinevi.com.tr\/index.php\/wp-json\/wp\/v2\/product_cat?post=712474"},{"taxonomy":"product_tag","embeddable":true,"href":"https:\/\/roveyayinevi.com.tr\/index.php\/wp-json\/wp\/v2\/product_tag?post=712474"}],"curies":[{"name":"wp","href":"https:\/\/api.w.org\/{rel}","templated":true}]}}