{"id":712473,"date":"2025-08-27T16:56:36","date_gmt":"2025-08-27T13:56:36","guid":{"rendered":"https:\/\/roveyayinevi.com.tr\/index.php\/urun\/turkiyeden-aydin-portreleri-1\/"},"modified":"2026-04-16T02:21:01","modified_gmt":"2026-04-15T23:21:01","slug":"turkiyeden-aydin-portreleri-1","status":"publish","type":"product","link":"https:\/\/roveyayinevi.com.tr\/index.php\/urun\/turkiyeden-aydin-portreleri-1\/","title":{"rendered":"T\u00fcrkiye&#8217;den Ayd\u0131n Portreleri 1"},"content":{"rendered":"<p>\u201cT\u00fcrkiye\u2019den Ayd\u0131n Portreleri\u201d dizisinin ilk kitab\u0131nda ni\u00e7in Kurtulu\u015f Kayal\u0131 ismi tercih edildi? Elbette bunun i\u00e7in bir\u00e7ok neden say\u0131labilir. Kayal\u0131\u2019n\u0131n elli y\u0131ll\u0131k d\u00fc\u015f\u00fcnce hayat\u0131 b\u00fct\u00fcn\u00fcyle resmedildi\u011finde belirli bir istikrar ve tavr\u0131n kendisini \u00f6zenle korudu\u011fu g\u00f6r\u00fclecektir. Ya\u015fam tarz\u0131yla, \u00fcniversitedeki hocal\u0131\u011f\u0131yla, yaz\u0131 ve konu\u015fmalar\u0131yla, daima kendi \u00e7izgisini takip eden ve \u201cdiren\u00e7\u201d g\u00f6steren bir \u201ci\u00e7sel kale\u201dydi bu. D\u0131\u015far\u0131dan gelen r\u00fczg\u00e2rlara kapal\u0131 ve ait oldu\u011fu toplumun zaman\u0131n\u0131 ve mek\u00e2n\u0131n\u0131 her an g\u00f6zetleyen sa\u011flam ve dayanakl\u0131 bir i\u00e7sel kale!\u2026 Bu sebepledir ki, Kayal\u0131 herkesin itibar etti\u011fi, yasland\u0131\u011f\u0131 ve g\u00fc\u00e7 dev\u015firdi\u011fi topluluklarda yer almad\u0131. Her ad\u0131mda iktidara g\u00f6z k\u0131rpan se\u00e7kin \u201cayd\u0131n\u201d foto\u011fraflar\u0131n\u0131n d\u0131\u015f\u0131ndayd\u0131 onun solukland\u0131\u011f\u0131 iklim. Kayal\u0131\u2019n\u0131n tarih, sosyoloji, sinema, edebiyat, mizah \u00fczerine olan yaz\u0131lar\u0131 ba\u015ftan sona okundu\u011funda onun d\u00fcn ve bug\u00fcn aras\u0131nda verdi\u011fi say\u0131s\u0131z \u00f6rnekten hareketle ayd\u0131nlar\u0131n, \u00fcniversitelerin, yay\u0131n d\u00fcnyas\u0131n\u0131n, \u00e7eviri k\u00fclt\u00fcr\u00fcn\u00fcn ne seviyede b\u00fcy\u00fck bo\u015fluklar ve u\u00e7urumlarla dolu oldu\u011fu \u00e7ok net bi\u00e7imde g\u00f6r\u00fclecektir.   Kayal\u0131 ya\u015fam boyu \u00e7evresine i\u015faret etti\u011fi bu \u00e7eli\u015fkileri g\u00f6sterirken kelimenin tam anlam\u0131yla hakl\u0131d\u0131r. Ama bunu yaparken daima \u201ci\u00e7imizden biri\u201d gibi davrand\u0131, yapay \u201cse\u00e7kinlik\u201d g\u00f6sterilerine ba\u015fvurmad\u0131, bir iktidar yaratmad\u0131, kendine ait bir ada gibi ba\u011f\u0131ms\u0131zl\u0131\u011f\u0131n\u0131 s\u00fcrd\u00fcrd\u00fc, heyecan\u0131n\u0131 korudu, son kertede gen\u00e7lerin ve halk\u0131n\u0131n yan\u0131nda duran biriydi o. Biricik hedefi \u201chakikati s\u00f6ylemek\u201d ve buradan bir \u201ckendilik bilinci\u201d \u00fcretmek olan ayd\u0131n sorumlulu\u011funun de\u011feri \u015fimdi daha iyi anla\u015f\u0131lmaktad\u0131r. <\/p>\n","protected":false},"excerpt":{"rendered":"<p>\u201cT\u00fcrkiye\u2019den Ayd\u0131n Portreleri\u201d dizisinin ilk kitab\u0131nda ni\u00e7in Kurtulu\u015f Kayal\u0131 ismi tercih edildi? Elbette bunun i\u00e7in bir\u00e7ok neden say\u0131labilir. Kayal\u0131\u2019n\u0131n elli y\u0131ll\u0131k d\u00fc\u015f\u00fcnce hayat\u0131 b\u00fct\u00fcn\u00fcyle resmedildi\u011finde belirli<span class=\"excerpt-hellip\"> [\u2026]<\/span><\/p>\n","protected":false},"featured_media":0,"template":"","meta":{"_monsterinsights_skip_tracking":false,"_monsterinsights_sitenote_active":false,"_monsterinsights_sitenote_note":"","_monsterinsights_sitenote_category":0},"product_brand":[],"product_cat":[12325,12324],"product_tag":[],"class_list":{"0":"post-712473","1":"product","2":"type-product","3":"status-publish","5":"product_cat-diger-sosyoloji","6":"product_cat-sosyoloji","7":"pa_cilt-ciltsiz","8":"pa_tur-kitap","9":"pa_yayinevi-dogu-bati-yayinlari","10":"pa_yazar-kurtulus-kayali","12":"first","13":"instock","14":"sale","15":"shipping-taxable","16":"purchasable","17":"product-type-simple"},"_links":{"self":[{"href":"https:\/\/roveyayinevi.com.tr\/index.php\/wp-json\/wp\/v2\/product\/712473","targetHints":{"allow":["GET"]}}],"collection":[{"href":"https:\/\/roveyayinevi.com.tr\/index.php\/wp-json\/wp\/v2\/product"}],"about":[{"href":"https:\/\/roveyayinevi.com.tr\/index.php\/wp-json\/wp\/v2\/types\/product"}],"wp:attachment":[{"href":"https:\/\/roveyayinevi.com.tr\/index.php\/wp-json\/wp\/v2\/media?parent=712473"}],"wp:term":[{"taxonomy":"product_brand","embeddable":true,"href":"https:\/\/roveyayinevi.com.tr\/index.php\/wp-json\/wp\/v2\/product_brand?post=712473"},{"taxonomy":"product_cat","embeddable":true,"href":"https:\/\/roveyayinevi.com.tr\/index.php\/wp-json\/wp\/v2\/product_cat?post=712473"},{"taxonomy":"product_tag","embeddable":true,"href":"https:\/\/roveyayinevi.com.tr\/index.php\/wp-json\/wp\/v2\/product_tag?post=712473"}],"curies":[{"name":"wp","href":"https:\/\/api.w.org\/{rel}","templated":true}]}}