{"id":712471,"date":"2025-08-27T16:56:35","date_gmt":"2025-08-27T13:56:35","guid":{"rendered":"https:\/\/roveyayinevi.com.tr\/index.php\/urun\/geciktigin-icin-tesekkur-ederim\/"},"modified":"2025-10-02T04:25:25","modified_gmt":"2025-10-02T01:25:25","slug":"geciktigin-icin-tesekkur-ederim","status":"publish","type":"product","link":"https:\/\/roveyayinevi.com.tr\/index.php\/urun\/geciktigin-icin-tesekkur-ederim\/","title":{"rendered":"Gecikti\u011fin \u0130\u00e7in Te\u015fekk\u00fcr Ederim"},"content":{"rendered":"<p>Siz de d\u00fcnyan\u0131n \u00e7ok h\u0131zl\u0131 d\u00f6nd\u00fc\u011f\u00fcn\u00fc d\u00fc\u015f\u00fcnenlerden misiniz? \u0130\u015f yerinizde bunu hissediyor musunuz? \u00c7ocuklar\u0131n\u0131zla konu\u015furken bunu hissediyor musunuz? Gazeteleri okurken veya haberleri izlerken bunu hissediyor musunuz? Ve bu de\u011fi\u015fimler ba\u015f\u0131n\u0131z\u0131 d\u00f6nd\u00fcr\u00fcyor mu? \u0130\u015fte Gecikti\u011fin \u0130\u00e7in Te\u015fekk\u00fcr Ederim adl\u0131 yeni kitab\u0131nda Nevv York Times&#8217;\u0131n \u00fcnl\u00fc k\u00f6\u015fe yazar\u0131 Thomas L Friedman; bug\u00fcnk\u00fc d\u00fcnyay\u0131 yeniden \u015fekillendiren \u00f6nemli olaylar\u0131 ortaya koyuyor ve gelece\u011fe y\u00f6nelik bir rehber olarak bunlardan nas\u0131l fayda sa\u011flayabilece\u011fimizi.             k\u00f6t\u00fc                etkilerinden         nas\u0131l korunabilece\u011fimizi \u00f6rneklerle a\u00e7\u0131kl\u0131yor. Friedman&#8217;a g\u00f6re; \u00e7a\u011f\u0131m\u0131zda teknoloji, k\u00fcreselle\u015fme, iklim ve biyo\u00e7e\u015fitiilikteki de\u011fi\u015fimler ayn\u0131 anda ve \u00e7\u0131lg\u0131ncas\u0131na h\u0131zlan\u0131yor . Bu h\u0131zlanmalar da hep birlikte hayat\u0131m\u0131z\u0131n en temel alanlar\u0131n\u0131 (i\u015f hayat\u0131n\u0131, e\u011fitimi, siyaseti, jeopolitikay\u0131. de\u011ferleri ve toplumlan) h\u0131zla d\u00f6n\u00fc\u015ft\u00fcr\u00fcyor. <\/p>\n","protected":false},"excerpt":{"rendered":"<p>Siz de d\u00fcnyan\u0131n \u00e7ok h\u0131zl\u0131 d\u00f6nd\u00fc\u011f\u00fcn\u00fc d\u00fc\u015f\u00fcnenlerden misiniz? \u0130\u015f yerinizde bunu hissediyor musunuz? \u00c7ocuklar\u0131n\u0131zla konu\u015furken bunu hissediyor musunuz? Gazeteleri okurken veya haberleri izlerken bunu hissediyor musunuz?<span class=\"excerpt-hellip\"> [\u2026]<\/span><\/p>\n","protected":false},"featured_media":0,"template":"","meta":{"_monsterinsights_skip_tracking":false,"_monsterinsights_sitenote_active":false,"_monsterinsights_sitenote_note":"","_monsterinsights_sitenote_category":0},"product_brand":[],"product_cat":[13043,17647],"product_tag":[],"class_list":{"0":"post-712471","1":"product","2":"type-product","3":"status-publish","5":"product_cat-ekonomi","6":"product_cat-is-dunyasi","7":"pa_cilt-ciltsiz","8":"pa_tur-kitap","9":"pa_yayinevi-boyner-yayinlari","10":"pa_yazar-thomas-l-friedman","12":"first","13":"instock","14":"sale","15":"shipping-taxable","16":"purchasable","17":"product-type-simple"},"_links":{"self":[{"href":"https:\/\/roveyayinevi.com.tr\/index.php\/wp-json\/wp\/v2\/product\/712471","targetHints":{"allow":["GET"]}}],"collection":[{"href":"https:\/\/roveyayinevi.com.tr\/index.php\/wp-json\/wp\/v2\/product"}],"about":[{"href":"https:\/\/roveyayinevi.com.tr\/index.php\/wp-json\/wp\/v2\/types\/product"}],"wp:attachment":[{"href":"https:\/\/roveyayinevi.com.tr\/index.php\/wp-json\/wp\/v2\/media?parent=712471"}],"wp:term":[{"taxonomy":"product_brand","embeddable":true,"href":"https:\/\/roveyayinevi.com.tr\/index.php\/wp-json\/wp\/v2\/product_brand?post=712471"},{"taxonomy":"product_cat","embeddable":true,"href":"https:\/\/roveyayinevi.com.tr\/index.php\/wp-json\/wp\/v2\/product_cat?post=712471"},{"taxonomy":"product_tag","embeddable":true,"href":"https:\/\/roveyayinevi.com.tr\/index.php\/wp-json\/wp\/v2\/product_tag?post=712471"}],"curies":[{"name":"wp","href":"https:\/\/api.w.org\/{rel}","templated":true}]}}