{"id":712469,"date":"2025-08-27T16:56:34","date_gmt":"2025-08-27T13:56:34","guid":{"rendered":"https:\/\/roveyayinevi.com.tr\/index.php\/urun\/hayatta-kalmak-icin-kucuk-felsefe-seti-gundelik-hayatin-saldirilarina-karsi-koymak\/"},"modified":"2026-04-08T02:27:25","modified_gmt":"2026-04-07T23:27:25","slug":"hayatta-kalmak-icin-kucuk-felsefe-seti-gundelik-hayatin-saldirilarina-karsi-koymak","status":"publish","type":"product","link":"https:\/\/roveyayinevi.com.tr\/index.php\/urun\/hayatta-kalmak-icin-kucuk-felsefe-seti-gundelik-hayatin-saldirilarina-karsi-koymak\/","title":{"rendered":"Hayatta Kalmak \u0130\u00e7in K\u00fc\u00e7\u00fck Felsefe Seti &#8211; G\u00fcndelik Hayat\u0131n Sald\u0131r\u0131lar\u0131na Kar\u015f\u0131 Koymak"},"content":{"rendered":"<p>Bir tokat yedi\u011finizde, bir toplant\u0131da s\u00fcrekli s\u00f6z\u00fcn\u00fcz kesildi\u011finde, yolda biri bak\u0131\u015flar\u0131yla sizi soydu\u011funda, market kasas\u0131 kuyru\u011funda birisi \u00f6n\u00fcn\u00fcze ge\u00e7ti\u011finde, i\u015fyerinde her \u015fey \u00fczerinize y\u0131\u011f\u0131ld\u0131\u011f\u0131nda, g\u00fcnah ke\u00e7isi ilan edildi\u011finizde, cinsiyet\u00e7i ya da \u0131rk\u00e7\u0131 \u201c\u015fakalar\u201da maruz kald\u0131\u011f\u0131n\u0131zda, kendinizi psikolojik bask\u0131 alt\u0131nda hissetti\u011finizde nas\u0131l davranman\u0131z gerekti\u011fini bilemiyorsan\u0131z, ki\u015fili\u011finizi, benli\u011finizi korumak ile insan haysiyetini ve onurunu savunmak aras\u0131ndaki ince \u00e7izgide \u00f6fke ile kabulleni\u015f aras\u0131ndaki s\u0131n\u0131rlarda gidip geliyorsan\u0131z, bu kitap \u00e7ok i\u015finize yarayacak. Fransa\u2019da kung-fu \u015fampiyonu olmu\u015f, \u00f6zsavunma hocas\u0131 Alexandra Ahouandjinou, Aristoteles, Locke, Spinoza, Hobbes, Kant, Sartre gibi filozoflar\u0131n d\u00fc\u015f\u00fcnceleriyle \u00f6zsavunman\u0131n ilkelerini kayna\u015ft\u0131r\u0131yor. G\u00fcndelik hayat\u0131 zehir eden irili ufakl\u0131 sald\u0131rganl\u0131klar\u0131 filozof bir kad\u0131n\u0131n, \u00fcstelik de bir \u00f6zsavunma hocas\u0131n\u0131n pratik bilgeli\u011fiyle tan\u0131mak, anlamak ve kendini savunmak, hayat\u0131m\u0131za sahip \u00e7\u0131kabilmek i\u00e7in bir k\u0131lavuz&#8230; <\/p>\n","protected":false},"excerpt":{"rendered":"<p>Bir tokat yedi\u011finizde, bir toplant\u0131da s\u00fcrekli s\u00f6z\u00fcn\u00fcz kesildi\u011finde, yolda biri bak\u0131\u015flar\u0131yla sizi soydu\u011funda, market kasas\u0131 kuyru\u011funda birisi \u00f6n\u00fcn\u00fcze ge\u00e7ti\u011finde, i\u015fyerinde her \u015fey \u00fczerinize y\u0131\u011f\u0131ld\u0131\u011f\u0131nda, g\u00fcnah ke\u00e7isi<span class=\"excerpt-hellip\"> [\u2026]<\/span><\/p>\n","protected":false},"featured_media":0,"template":"","meta":{"_monsterinsights_skip_tracking":false,"_monsterinsights_sitenote_active":false,"_monsterinsights_sitenote_note":"","_monsterinsights_sitenote_category":0},"product_brand":[],"product_cat":[12364,12376],"product_tag":[],"class_list":{"0":"post-712469","1":"product","2":"type-product","3":"status-publish","5":"product_cat-genel-konular","6":"product_cat-kisisel-gelisim","7":"pa_cilt-ciltsiz","8":"pa_tur-kitap","9":"pa_yayinevi-sel-yayincilik","10":"pa_yazar-alexandra-ahouandjinou","12":"first","13":"instock","14":"sale","15":"shipping-taxable","16":"purchasable","17":"product-type-simple"},"_links":{"self":[{"href":"https:\/\/roveyayinevi.com.tr\/index.php\/wp-json\/wp\/v2\/product\/712469","targetHints":{"allow":["GET"]}}],"collection":[{"href":"https:\/\/roveyayinevi.com.tr\/index.php\/wp-json\/wp\/v2\/product"}],"about":[{"href":"https:\/\/roveyayinevi.com.tr\/index.php\/wp-json\/wp\/v2\/types\/product"}],"wp:attachment":[{"href":"https:\/\/roveyayinevi.com.tr\/index.php\/wp-json\/wp\/v2\/media?parent=712469"}],"wp:term":[{"taxonomy":"product_brand","embeddable":true,"href":"https:\/\/roveyayinevi.com.tr\/index.php\/wp-json\/wp\/v2\/product_brand?post=712469"},{"taxonomy":"product_cat","embeddable":true,"href":"https:\/\/roveyayinevi.com.tr\/index.php\/wp-json\/wp\/v2\/product_cat?post=712469"},{"taxonomy":"product_tag","embeddable":true,"href":"https:\/\/roveyayinevi.com.tr\/index.php\/wp-json\/wp\/v2\/product_tag?post=712469"}],"curies":[{"name":"wp","href":"https:\/\/api.w.org\/{rel}","templated":true}]}}