{"id":712467,"date":"2025-08-27T16:56:33","date_gmt":"2025-08-27T13:56:33","guid":{"rendered":"https:\/\/roveyayinevi.com.tr\/index.php\/urun\/bir-kirik-segah\/"},"modified":"2026-04-16T02:21:00","modified_gmt":"2026-04-15T23:21:00","slug":"bir-kirik-segah","status":"publish","type":"product","link":"https:\/\/roveyayinevi.com.tr\/index.php\/urun\/bir-kirik-segah\/","title":{"rendered":"Bir K\u0131r\u0131k Segah"},"content":{"rendered":"<p>\u0130lk kitab\u0131 \u015eu Ya\u011fmur Bir Ya\u011fsa ile hem okurun hem de edebiyat \u00e7evrelerinin be\u011fenisini kazanan K\u00e2mil Erdem, Bir K\u0131r\u0131k Seg\u00e2h\u2019ta da iz b\u0131rakan anlar\u0131n, g\u00fcn y\u00fcz\u00fcne \u00e7\u0131kmam\u0131\u015f ruh hallerinin \u00fcst\u00fcndeki perdeyi ustal\u0131kla kald\u0131r\u0131yor. Nesneleri yalayan karanl\u0131\u011f\u0131, kalpten dudaklara bir t\u00fcrl\u00fc ula\u015famayan s\u0131rlar\u0131, haf\u0131zan\u0131n bast\u0131r\u0131lamayan seslerini betimlerken, s\u00fck\u00fbnetine g\u00f6m\u00fclerek s\u0131k\u0131nt\u0131lar\u0131n\u0131 bir duvar misali \u00f6ren insanlar\u0131 kendine has o derinlikli \u00fcslubuyla aktar\u0131rken belleklerde yer ediniyor. G\u00fcndelik hayat\u0131n nobranl\u0131\u011f\u0131na kar\u015f\u0131 nahif ama g\u00fc\u00e7l\u00fc bir ba\u015fkald\u0131r\u0131ya kulak kabart\u0131yoruz bir kez daha. Her \u015feye ra\u011fmen g\u00fcl\u00fcmsemeyi elden b\u0131rakmayan bir umutla\u2026 <\/p>\n","protected":false},"excerpt":{"rendered":"<p>\u0130lk kitab\u0131 \u015eu Ya\u011fmur Bir Ya\u011fsa ile hem okurun hem de edebiyat \u00e7evrelerinin be\u011fenisini kazanan K\u00e2mil Erdem, Bir K\u0131r\u0131k Seg\u00e2h\u2019ta da iz b\u0131rakan anlar\u0131n, g\u00fcn y\u00fcz\u00fcne<span class=\"excerpt-hellip\"> [\u2026]<\/span><\/p>\n","protected":false},"featured_media":0,"template":"","meta":{"_monsterinsights_skip_tracking":false,"_monsterinsights_sitenote_active":false,"_monsterinsights_sitenote_note":"","_monsterinsights_sitenote_category":0},"product_brand":[],"product_cat":[12291,12292],"product_tag":[],"class_list":{"0":"post-712467","1":"product","2":"type-product","3":"status-publish","5":"product_cat-edebiyat","6":"product_cat-turk-edebiyati","7":"pa_cilt-ciltsiz","8":"pa_tur-kitap","9":"pa_yayinevi-sel-yayincilik","10":"pa_yazar-kamil-erdem","12":"first","13":"instock","14":"sale","15":"shipping-taxable","16":"purchasable","17":"product-type-simple"},"_links":{"self":[{"href":"https:\/\/roveyayinevi.com.tr\/index.php\/wp-json\/wp\/v2\/product\/712467","targetHints":{"allow":["GET"]}}],"collection":[{"href":"https:\/\/roveyayinevi.com.tr\/index.php\/wp-json\/wp\/v2\/product"}],"about":[{"href":"https:\/\/roveyayinevi.com.tr\/index.php\/wp-json\/wp\/v2\/types\/product"}],"wp:attachment":[{"href":"https:\/\/roveyayinevi.com.tr\/index.php\/wp-json\/wp\/v2\/media?parent=712467"}],"wp:term":[{"taxonomy":"product_brand","embeddable":true,"href":"https:\/\/roveyayinevi.com.tr\/index.php\/wp-json\/wp\/v2\/product_brand?post=712467"},{"taxonomy":"product_cat","embeddable":true,"href":"https:\/\/roveyayinevi.com.tr\/index.php\/wp-json\/wp\/v2\/product_cat?post=712467"},{"taxonomy":"product_tag","embeddable":true,"href":"https:\/\/roveyayinevi.com.tr\/index.php\/wp-json\/wp\/v2\/product_tag?post=712467"}],"curies":[{"name":"wp","href":"https:\/\/api.w.org\/{rel}","templated":true}]}}