{"id":712465,"date":"2025-08-27T16:56:32","date_gmt":"2025-08-27T13:56:32","guid":{"rendered":"https:\/\/roveyayinevi.com.tr\/index.php\/urun\/hipnoz-eft-nlp-teknikleriyle-zihinden-zayiflama\/"},"modified":"2026-04-08T02:27:25","modified_gmt":"2026-04-07T23:27:25","slug":"hipnoz-eft-nlp-teknikleriyle-zihinden-zayiflama","status":"publish","type":"product","link":"https:\/\/roveyayinevi.com.tr\/index.php\/urun\/hipnoz-eft-nlp-teknikleriyle-zihinden-zayiflama\/","title":{"rendered":"Hipnoz, Eft, Nlp Teknikleriyle Zihinden Zay\u0131flama"},"content":{"rendered":"<p>RUHSUZ ZAYIFLAMA M\u00dcMK\u00dcN DE\u011e\u0130LD\u0130R!\u0130nsan sa\u011fl\u0131\u011f\u0131yla ilgili hangi konu olursa olsun, ruhu devred\u0131\u015f\u0131 b\u0131rakan ve insan\u0131 makine gibi g\u00f6ren yakla\u015f\u0131mlar ba\u015far\u0131s\u0131zl\u0131\u011fa mahk\u00fbmdur. Sadece yenilen i\u00e7ilenler ve kalori hesaplar\u0131yla ilgilenen hi\u00e7bir zay\u0131flama program\u0131 kal\u0131c\u0131 de\u011fildir; baz\u0131lar\u0131 hi\u00e7 zay\u0131flatmaz, baz\u0131lar\u0131 ise zay\u0131flat\u0131r ama verilen kilolar misliyle geri d\u00f6ner. Sadece bu sonuca bakarak bir \u015feylerin yanl\u0131\u015f oldu\u011funu tahmin etmek zor de\u011fil. Yanl\u0131\u015f olan insan\u0131n bir ruhu oldu\u011funun unutulmu\u015f olmas\u0131d\u0131r. Zay\u0131flamak ancak beden, zihin ve ruh b\u00fct\u00fcnl\u00fc\u011f\u00fcn\u00fc dengelemekle m\u00fcmk\u00fcnd\u00fcr ve bunun yolu da \u201cZihinden Zay\u0131flama\u201dd\u0131r. Dr. B\u00fclent Uran &#8211; www.drbulenturan.com Z\u0130H\u0130NSEL DE\u011e\u0130\u015e\u0130M TEKN\u0130KLER\u0130YLE KALICI ZAYIFLAMA\u2026Zay\u0131flama hedefini ger\u00e7ekle\u015ftirmek i\u00e7in ne yapman\u0131z gerekti\u011fini bilmek de\u011fil, nas\u0131l yapaca\u011f\u0131n\u0131z\u0131 bilmek sizi ba\u015far\u0131ya ula\u015ft\u0131r\u0131r. Dr. B\u00fclent Uran, hipnoz, EFT, NLP gibi zihinsel de\u011fi\u015fim teknikleriyle kal\u0131c\u0131 olarak zay\u0131flamay\u0131 anlatt\u0131\u011f\u0131 bu kitab\u0131nda zay\u0131flama hedefini ba\u015farma yolunda size rehberlik ederken ayn\u0131 zamanda da ya\u015famdaki t\u00fcm hedeflerinizi ger\u00e7ekle\u015ftirmek i\u00e7in gerekli i\u00e7sel g\u00fcc\u00fcn\u00fcz\u00fc nas\u0131l kullanaca\u011f\u0131n\u0131z konusunda bir bak\u0131\u015f a\u00e7\u0131s\u0131 kazand\u0131r\u0131yor. Psikoterapi ve Psikoterapistler Derne\u011fi (PS\u0130KODER) &#8211; www.psikoder.org.tr SIRADAN B\u0130R ZAYIFLAMA K\u0130TABI DE\u011e\u0130L, B\u0130R YA\u015eAM KILAVUZU\u2026Dr. B\u00fclent Uran\u2019\u0131n uzun y\u0131llara dayal\u0131 uzmanl\u0131\u011f\u0131 sonucunda geli\u015ftirdi\u011fi \u201cZihinden Zay\u0131flama Program\u0131\u201dn\u0131 anlatt\u0131\u011f\u0131 bu kitap, s\u0131radan bir zay\u0131flama kitab\u0131 de\u011fildir. \u0130nsan\u0131n birbirinden ba\u011f\u0131ms\u0131z d\u00fc\u015f\u00fcn\u00fclemeyecek olan ruhsal ve fiziksel y\u00f6nlerini bir b\u00fct\u00fcn olarak ele alan ve ya\u015fama bak\u0131\u015f\u0131na fark\u0131ndal\u0131k kazand\u0131ran hipnoz, EFT, NLP teknikleri sayesinde hem ruhsal ve fiziksel olarak zay\u0131flaman\u0131n keyfini \u00e7\u0131kar\u0131rken hem de kazand\u0131\u011f\u0131n\u0131z bak\u0131\u015f a\u00e7\u0131s\u0131 ve fark edilir de\u011fi\u015fimler sonucunda t\u00fcm ya\u015fam\u0131n\u0131z\u0131 olumlu etkileyecek deneyimler elde edece\u011finiz bir ya\u015fam k\u0131lavuzudur. Pusula Yay\u0131nevi &#8211; www.pusulayayinevi.com <\/p>\n","protected":false},"excerpt":{"rendered":"<p>RUHSUZ ZAYIFLAMA M\u00dcMK\u00dcN DE\u011e\u0130LD\u0130R!\u0130nsan sa\u011fl\u0131\u011f\u0131yla ilgili hangi konu olursa olsun, ruhu devred\u0131\u015f\u0131 b\u0131rakan ve insan\u0131 makine gibi g\u00f6ren yakla\u015f\u0131mlar ba\u015far\u0131s\u0131zl\u0131\u011fa mahk\u00fbmdur. Sadece yenilen i\u00e7ilenler ve kalori<span class=\"excerpt-hellip\"> [\u2026]<\/span><\/p>\n","protected":false},"featured_media":0,"template":"","meta":{"_monsterinsights_skip_tracking":false,"_monsterinsights_sitenote_active":false,"_monsterinsights_sitenote_note":"","_monsterinsights_sitenote_category":0},"product_brand":[],"product_cat":[12364,12376],"product_tag":[],"class_list":{"0":"post-712465","1":"product","2":"type-product","3":"status-publish","5":"product_cat-genel-konular","6":"product_cat-kisisel-gelisim","7":"pa_cilt-ciltsiz","8":"pa_tur-kitap","9":"pa_yayinevi-pusula-yayinevi-ankara","10":"pa_yazar-bulent-uran","12":"first","13":"instock","14":"sale","15":"shipping-taxable","16":"purchasable","17":"product-type-simple"},"_links":{"self":[{"href":"https:\/\/roveyayinevi.com.tr\/index.php\/wp-json\/wp\/v2\/product\/712465","targetHints":{"allow":["GET"]}}],"collection":[{"href":"https:\/\/roveyayinevi.com.tr\/index.php\/wp-json\/wp\/v2\/product"}],"about":[{"href":"https:\/\/roveyayinevi.com.tr\/index.php\/wp-json\/wp\/v2\/types\/product"}],"wp:attachment":[{"href":"https:\/\/roveyayinevi.com.tr\/index.php\/wp-json\/wp\/v2\/media?parent=712465"}],"wp:term":[{"taxonomy":"product_brand","embeddable":true,"href":"https:\/\/roveyayinevi.com.tr\/index.php\/wp-json\/wp\/v2\/product_brand?post=712465"},{"taxonomy":"product_cat","embeddable":true,"href":"https:\/\/roveyayinevi.com.tr\/index.php\/wp-json\/wp\/v2\/product_cat?post=712465"},{"taxonomy":"product_tag","embeddable":true,"href":"https:\/\/roveyayinevi.com.tr\/index.php\/wp-json\/wp\/v2\/product_tag?post=712465"}],"curies":[{"name":"wp","href":"https:\/\/api.w.org\/{rel}","templated":true}]}}