{"id":712463,"date":"2025-08-27T16:56:31","date_gmt":"2025-08-27T13:56:31","guid":{"rendered":"https:\/\/roveyayinevi.com.tr\/index.php\/urun\/hayat-seni-surukler\/"},"modified":"2026-04-16T02:21:00","modified_gmt":"2026-04-15T23:21:00","slug":"hayat-seni-surukler","status":"publish","type":"product","link":"https:\/\/roveyayinevi.com.tr\/index.php\/urun\/hayat-seni-surukler\/","title":{"rendered":"Hayat Seni S\u00fcr\u00fckler"},"content":{"rendered":"<p>Hayat Seni S\u00fcr\u00fckler Bu Burkay\u2019\u0131n 1960 y\u0131l\u0131nda, yani gen\u00e7lik d\u00f6nemimde yazd\u0131\u011f\u0131 ve 1963 y\u0131l\u0131nda Vatan Gazetesi\u2019nde \u201cYa\u015faman\u0131n \u00d6tesinde\u201d ad\u0131yla tefrika edilen ilk roman\u0131. Kitap olarak okuyucu ile ilk kez bulu\u015fuyor. Ama yazar\u0131 taraf\u0131ndan ad\u0131 de\u011fi\u015ftirilip, \u201cHayat Seni S\u00fcr\u00fckler\u201d yap\u0131ld\u0131.<\/p>\n","protected":false},"excerpt":{"rendered":"<p>Hayat Seni S\u00fcr\u00fckler Bu Burkay\u2019\u0131n 1960 y\u0131l\u0131nda, yani gen\u00e7lik d\u00f6nemimde yazd\u0131\u011f\u0131 ve 1963 y\u0131l\u0131nda Vatan Gazetesi\u2019nde \u201cYa\u015faman\u0131n \u00d6tesinde\u201d ad\u0131yla tefrika edilen ilk roman\u0131. Kitap olarak okuyucu<span class=\"excerpt-hellip\"> [\u2026]<\/span><\/p>\n","protected":false},"featured_media":0,"template":"","meta":{"_monsterinsights_skip_tracking":false,"_monsterinsights_sitenote_active":false,"_monsterinsights_sitenote_note":"","_monsterinsights_sitenote_category":0},"product_brand":[],"product_cat":[12291,12711],"product_tag":[],"class_list":{"0":"post-712463","1":"product","2":"type-product","3":"status-publish","5":"product_cat-edebiyat","6":"product_cat-roman-oyku","7":"pa_cilt-ciltsiz","8":"pa_tur-kitap","9":"pa_yayinevi-ozgurluk-yolu-vakfi-yayinlari","10":"pa_yazar-kemal-burkay","12":"first","13":"instock","14":"sale","15":"shipping-taxable","16":"purchasable","17":"product-type-simple"},"_links":{"self":[{"href":"https:\/\/roveyayinevi.com.tr\/index.php\/wp-json\/wp\/v2\/product\/712463","targetHints":{"allow":["GET"]}}],"collection":[{"href":"https:\/\/roveyayinevi.com.tr\/index.php\/wp-json\/wp\/v2\/product"}],"about":[{"href":"https:\/\/roveyayinevi.com.tr\/index.php\/wp-json\/wp\/v2\/types\/product"}],"wp:attachment":[{"href":"https:\/\/roveyayinevi.com.tr\/index.php\/wp-json\/wp\/v2\/media?parent=712463"}],"wp:term":[{"taxonomy":"product_brand","embeddable":true,"href":"https:\/\/roveyayinevi.com.tr\/index.php\/wp-json\/wp\/v2\/product_brand?post=712463"},{"taxonomy":"product_cat","embeddable":true,"href":"https:\/\/roveyayinevi.com.tr\/index.php\/wp-json\/wp\/v2\/product_cat?post=712463"},{"taxonomy":"product_tag","embeddable":true,"href":"https:\/\/roveyayinevi.com.tr\/index.php\/wp-json\/wp\/v2\/product_tag?post=712463"}],"curies":[{"name":"wp","href":"https:\/\/api.w.org\/{rel}","templated":true}]}}