{"id":712462,"date":"2025-08-27T16:56:30","date_gmt":"2025-08-27T13:56:30","guid":{"rendered":"https:\/\/roveyayinevi.com.tr\/index.php\/urun\/bir-gulu-buyutmek-kemal-burkay-siiri\/"},"modified":"2026-04-16T02:21:00","modified_gmt":"2026-04-15T23:21:00","slug":"bir-gulu-buyutmek-kemal-burkay-siiri","status":"publish","type":"product","link":"https:\/\/roveyayinevi.com.tr\/index.php\/urun\/bir-gulu-buyutmek-kemal-burkay-siiri\/","title":{"rendered":"Bir G\u00fcl\u00fc B\u00fcy\u00fctmek (Kemal Burkay \u015eiiri)"},"content":{"rendered":"<p>Bir G\u00fcl\u00fc B\u00fcy\u00fctmek\/Kemal Burkay \u015eiiri Kemal Burkay\u2019\u0131n \u015fiirleri ile ilgili \u00e7ok say\u0131da yazar\u0131n kaleme ald\u0131\u011f\u0131 de\u011ferlendirmeler ile kendisiyle yap\u0131lm\u0131\u015f s\u00f6yle\u015filerin derlenmesinden olu\u015fmu\u015ftur. Ayr\u0131ca Burkay\u2019\u0131n bir b\u00f6l\u00fcm \u015fiiri eklenmi\u015ftir.. Kitap \u00dcmit Kaya taraf\u0131ndan haz\u0131rlanm\u0131\u015ft\u0131r. Bu 2..bask\u0131d\u0131r ve \u00f6nceki bask\u0131n\u0131n geni\u015fletilmi\u015f halidir. <\/p>\n","protected":false},"excerpt":{"rendered":"<p>Bir G\u00fcl\u00fc B\u00fcy\u00fctmek\/Kemal Burkay \u015eiiri Kemal Burkay\u2019\u0131n \u015fiirleri ile ilgili \u00e7ok say\u0131da yazar\u0131n kaleme ald\u0131\u011f\u0131 de\u011ferlendirmeler ile kendisiyle yap\u0131lm\u0131\u015f s\u00f6yle\u015filerin derlenmesinden olu\u015fmu\u015ftur. Ayr\u0131ca Burkay\u2019\u0131n bir b\u00f6l\u00fcm<span class=\"excerpt-hellip\"> [\u2026]<\/span><\/p>\n","protected":false},"featured_media":0,"template":"","meta":{"_monsterinsights_skip_tracking":false,"_monsterinsights_sitenote_active":false,"_monsterinsights_sitenote_note":"","_monsterinsights_sitenote_category":0},"product_brand":[],"product_cat":[12364,12826],"product_tag":[],"class_list":{"0":"post-712462","1":"product","2":"type-product","3":"status-publish","5":"product_cat-genel-konular","6":"product_cat-soylesi","7":"pa_cilt-ciltsiz","8":"pa_tur-kitap","9":"pa_yayinevi-ozgurluk-yolu-vakfi-yayinlari","10":"pa_yazar-kemal-burkay","12":"first","13":"instock","14":"sale","15":"shipping-taxable","16":"purchasable","17":"product-type-simple"},"_links":{"self":[{"href":"https:\/\/roveyayinevi.com.tr\/index.php\/wp-json\/wp\/v2\/product\/712462","targetHints":{"allow":["GET"]}}],"collection":[{"href":"https:\/\/roveyayinevi.com.tr\/index.php\/wp-json\/wp\/v2\/product"}],"about":[{"href":"https:\/\/roveyayinevi.com.tr\/index.php\/wp-json\/wp\/v2\/types\/product"}],"wp:attachment":[{"href":"https:\/\/roveyayinevi.com.tr\/index.php\/wp-json\/wp\/v2\/media?parent=712462"}],"wp:term":[{"taxonomy":"product_brand","embeddable":true,"href":"https:\/\/roveyayinevi.com.tr\/index.php\/wp-json\/wp\/v2\/product_brand?post=712462"},{"taxonomy":"product_cat","embeddable":true,"href":"https:\/\/roveyayinevi.com.tr\/index.php\/wp-json\/wp\/v2\/product_cat?post=712462"},{"taxonomy":"product_tag","embeddable":true,"href":"https:\/\/roveyayinevi.com.tr\/index.php\/wp-json\/wp\/v2\/product_tag?post=712462"}],"curies":[{"name":"wp","href":"https:\/\/api.w.org\/{rel}","templated":true}]}}