{"id":712460,"date":"2025-08-27T16:56:29","date_gmt":"2025-08-27T13:56:29","guid":{"rendered":"https:\/\/roveyayinevi.com.tr\/index.php\/urun\/avzem\/"},"modified":"2026-04-16T02:21:00","modified_gmt":"2026-04-15T23:21:00","slug":"avzem","status":"publish","type":"product","link":"https:\/\/roveyayinevi.com.tr\/index.php\/urun\/avzem\/","title":{"rendered":"Avzem"},"content":{"rendered":"<p>AVZEM (Haftal\u0131k H\u00eav\u00ee Gazetesi\u2019nde \u00e7\u0131km\u0131\u015f K\u00fcrt\u00e7e k\u00f6\u015fe yaz\u0131lar\u0131) Niv\u00ees\u00ean ku di v\u00ea kit\u00eab\u00ea da c\u00ee digrin, di sal\u00ean 1998 \u00fb 1999 da, di rojnama H\u00eav\u00ee da derketin.Wek\u00ee t\u00ea zan\u00een, H\u00eav\u00ee rojnameyeke heftey\u00ee b\u00fb \u00fb bi du zmanan (Kurd\u00ee \u00fb Tirk\u00ee) l\u00ee \u00cestembol\u00ea derdiket. D\u00ee bihara sala 1997 dest bi we\u015fan\u00ea kir\u00fb n\u00eaz\u00ee du sal \u00fb n\u00eevan derket. Burkay ev niv\u00ees bi nav\u00ea Ferhad Can niv\u00eesandin \u00fb nav\u00ea quncik\u00ea j\u00ee di H\u00eav\u00ee da Avzem b\u00fb. Ber\u00ee v\u00ea kit\u00eab\u00ea j\u00ee \u00e7end berhem\u00ean Burkay \u00ean din derketin wek kurteniv\u00ees: GULA \u00c7\u0130LE (di nav We\u015fan\u00ean Deng da), ASO, BAX\u00c7E (Herdu j\u00ee di nav we\u015fan\u00ean Roja N\u00fb da). Hem\u00fb j\u00ee bi Kurd\u00ee b\u00fbn \u00fb bi nav\u00ea Ferhad Can hat\u0131b\u00fbn niv\u00eesandin. Ev j\u00ee berhema \u00e7aran e, wek kurteniv\u00ees.<\/p>\n","protected":false},"excerpt":{"rendered":"<p>AVZEM (Haftal\u0131k H\u00eav\u00ee Gazetesi\u2019nde \u00e7\u0131km\u0131\u015f K\u00fcrt\u00e7e k\u00f6\u015fe yaz\u0131lar\u0131) Niv\u00ees\u00ean ku di v\u00ea kit\u00eab\u00ea da c\u00ee digrin, di sal\u00ean 1998 \u00fb 1999 da, di rojnama H\u00eav\u00ee da<span class=\"excerpt-hellip\"> [\u2026]<\/span><\/p>\n","protected":false},"featured_media":0,"template":"","meta":{"_monsterinsights_skip_tracking":false,"_monsterinsights_sitenote_active":false,"_monsterinsights_sitenote_note":"","_monsterinsights_sitenote_category":0},"product_brand":[],"product_cat":[12291,12292],"product_tag":[],"class_list":{"0":"post-712460","1":"product","2":"type-product","3":"status-publish","5":"product_cat-edebiyat","6":"product_cat-turk-edebiyati","7":"pa_cilt-ciltsiz","8":"pa_tur-kitap","9":"pa_yayinevi-ozgurluk-yolu-vakfi-yayinlari","10":"pa_yazar-kemal-burkay","12":"first","13":"instock","14":"sale","15":"shipping-taxable","16":"purchasable","17":"product-type-simple"},"_links":{"self":[{"href":"https:\/\/roveyayinevi.com.tr\/index.php\/wp-json\/wp\/v2\/product\/712460","targetHints":{"allow":["GET"]}}],"collection":[{"href":"https:\/\/roveyayinevi.com.tr\/index.php\/wp-json\/wp\/v2\/product"}],"about":[{"href":"https:\/\/roveyayinevi.com.tr\/index.php\/wp-json\/wp\/v2\/types\/product"}],"wp:attachment":[{"href":"https:\/\/roveyayinevi.com.tr\/index.php\/wp-json\/wp\/v2\/media?parent=712460"}],"wp:term":[{"taxonomy":"product_brand","embeddable":true,"href":"https:\/\/roveyayinevi.com.tr\/index.php\/wp-json\/wp\/v2\/product_brand?post=712460"},{"taxonomy":"product_cat","embeddable":true,"href":"https:\/\/roveyayinevi.com.tr\/index.php\/wp-json\/wp\/v2\/product_cat?post=712460"},{"taxonomy":"product_tag","embeddable":true,"href":"https:\/\/roveyayinevi.com.tr\/index.php\/wp-json\/wp\/v2\/product_tag?post=712460"}],"curies":[{"name":"wp","href":"https:\/\/api.w.org\/{rel}","templated":true}]}}