{"id":712459,"date":"2025-08-27T16:56:29","date_gmt":"2025-08-27T13:56:29","guid":{"rendered":"https:\/\/roveyayinevi.com.tr\/index.php\/urun\/tehlikesavar-matematik-cambazlari\/"},"modified":"2026-04-16T02:21:00","modified_gmt":"2026-04-15T23:21:00","slug":"tehlikesavar-matematik-cambazlari","status":"publish","type":"product","link":"https:\/\/roveyayinevi.com.tr\/index.php\/urun\/tehlikesavar-matematik-cambazlari\/","title":{"rendered":"Tehlikesavar Matematik Cambazlar\u0131"},"content":{"rendered":"<p>Gen\u00e7 matematik\u00e7iler i\u00e7in heyecan dolu 24 m\u00fccadele!Tehlikesavar Matematik Cambazlar\u0131, matematik ile maceray\u0131, bilgi ile e\u011flenceyi bulu\u015fturan, standartlar\u0131n d\u0131\u015f\u0131nda bir matematik kitab\u0131.Karikat\u00fcr tad\u0131ndaki \u00e7izimleri ve \u00f6zg\u00fcn sayfa tasar\u0131m\u0131yla farkl\u0131la\u015fan kitapta, ortaokul seviyesindeki problemler, kolaydan zora do\u011fru \u00fc\u00e7 farkl\u0131 seviyede s\u0131ralan\u0131yor.Vampirlerin, tuzaklar\u0131n, g\u00f6kta\u015flar\u0131n\u0131n ya da casuslar\u0131n etkisiz hale getirilip problemlerin \u00e7\u00f6z\u00fclmesine dayanan bu interaktif kitap, 12 ya\u015f ve \u00fczeri okurlara okul bilgilerini s\u0131nama ve peki\u015ftirme imk\u00e2n\u0131 veriyor.  Tehlikesavar Matematik Cambazlar\u0131, katil \u00f6r\u00fcmcekleri, \u00f6l\u00fcmc\u00fcl f\u0131rt\u0131nalar\u0131, keskin b\u0131\u00e7aklar\u0131 ve daha bir s\u00fcr\u00fc tehlikeli \u015feyi merkezine alan karma\u015f\u0131k problemleriyle, okurlar\u0131 ak\u0131l almaz bir matematik ser\u00fcvenine \u00e7ekiyor. Kitapta yer alan 24 maceradan kurtulma ko\u015fullar\u0131 a\u00e7\u0131k: Bir, sorunlar\u0131n hepsinin basit matematik i\u015flemleriyle \u00e7\u00f6z\u00fclmesi. \u0130ki, t\u00fcm bu i\u015flemleri bulup kullanacak ki\u015finin OKUR olmas\u0131. Her problemin \u00e7\u00f6z\u00fcm\u00fc i\u00e7in kitapta bo\u015f alanlar b\u0131rak\u0131l\u0131yor; \u00fcstelik pes edip kendisini tehlikenin kuca\u011f\u0131na b\u0131rakanlar i\u00e7in yan\u0131tlar problemin hemen arkas\u0131nda yer al\u0131yor.Tehlikeleri savu\u015fturmak i\u00e7in hangi matematik becerilerini kullanacaklar\u0131na dair ipu\u00e7lar\u0131 sunan &#8220;Hayatta Kalma Taktikleri&#8221; ile &#8220;\u00d6klid&#8217;in \u00d6nerisi&#8221; b\u00f6l\u00fcmleri, matematik cambazlar\u0131 i\u00e7in paha bi\u00e7ilmez bilgiler sunuyor. Sayfa aralar\u0131na serpi\u015ftirilmi\u015f &#8220;Beyin B\u00fck\u00fcc\u00fc&#8221; isimli b\u00f6l\u00fcmlerde ise matemati\u011fin tuhaf, pratik ve e\u011flenceli y\u00fcz\u00fc g\u00f6steriliyor. <\/p>\n","protected":false},"excerpt":{"rendered":"<p>Gen\u00e7 matematik\u00e7iler i\u00e7in heyecan dolu 24 m\u00fccadele!Tehlikesavar Matematik Cambazlar\u0131, matematik ile maceray\u0131, bilgi ile e\u011flenceyi bulu\u015fturan, standartlar\u0131n d\u0131\u015f\u0131nda bir matematik kitab\u0131.Karikat\u00fcr tad\u0131ndaki \u00e7izimleri ve \u00f6zg\u00fcn sayfa<span class=\"excerpt-hellip\"> [\u2026]<\/span><\/p>\n","protected":false},"featured_media":0,"template":"","meta":{"_monsterinsights_skip_tracking":false,"_monsterinsights_sitenote_active":false,"_monsterinsights_sitenote_note":"","_monsterinsights_sitenote_category":0},"product_brand":[],"product_cat":[12275,12274],"product_tag":[],"class_list":{"0":"post-712459","1":"product","2":"type-product","3":"status-publish","5":"product_cat-6-12-yas-kitaplari","6":"product_cat-cocuk-ve-genclik-kitaplari","7":"pa_cilt-ciltsiz","8":"pa_tur-kitap","9":"pa_yayinevi-tudem-yayinlari","10":"pa_yazar-sean-connolly","12":"first","13":"instock","14":"sale","15":"shipping-taxable","16":"purchasable","17":"product-type-simple"},"_links":{"self":[{"href":"https:\/\/roveyayinevi.com.tr\/index.php\/wp-json\/wp\/v2\/product\/712459","targetHints":{"allow":["GET"]}}],"collection":[{"href":"https:\/\/roveyayinevi.com.tr\/index.php\/wp-json\/wp\/v2\/product"}],"about":[{"href":"https:\/\/roveyayinevi.com.tr\/index.php\/wp-json\/wp\/v2\/types\/product"}],"wp:attachment":[{"href":"https:\/\/roveyayinevi.com.tr\/index.php\/wp-json\/wp\/v2\/media?parent=712459"}],"wp:term":[{"taxonomy":"product_brand","embeddable":true,"href":"https:\/\/roveyayinevi.com.tr\/index.php\/wp-json\/wp\/v2\/product_brand?post=712459"},{"taxonomy":"product_cat","embeddable":true,"href":"https:\/\/roveyayinevi.com.tr\/index.php\/wp-json\/wp\/v2\/product_cat?post=712459"},{"taxonomy":"product_tag","embeddable":true,"href":"https:\/\/roveyayinevi.com.tr\/index.php\/wp-json\/wp\/v2\/product_tag?post=712459"}],"curies":[{"name":"wp","href":"https:\/\/api.w.org\/{rel}","templated":true}]}}